{"id":934,"date":"2017-07-20T10:48:53","date_gmt":"2017-07-20T10:48:53","guid":{"rendered":"https:\/\/artantica.hyst.eu\/?page_id=934"},"modified":"2017-09-29T14:58:49","modified_gmt":"2017-09-29T14:58:49","slug":"tavolino-esagonale","status":"publish","type":"page","link":"https:\/\/artantica.hyst.eu\/fr\/tavolino-esagonale\/","title":{"rendered":"Table hexagonale"},"content":{"rendered":"<p><!-- index.php -->\n<div\n\tclass=\"ngg-galleryoverview ngg-ajax-pagination-none\"\n\tid=\"ngg-gallery-32b5dd6e5f8655bee9148e2a8f7a46b7-1\">\n\n    \t\t<!-- Thumbnails -->\n\t\t\t\t<div id=\"ngg-image-0\" class=\"ngg-gallery-thumbnail-box\" >\n\t\t\t\t        <div class=\"ngg-gallery-thumbnail\">\n            <a href=\"https:\/\/artantica.hyst.eu\/wp-content\/uploads\/sites\/8\/nggallery\/tavolino-esagonale\/tavolinoesagonale_3.jpg\"\n               title=\"\"\n               data-src=\"https:\/\/artantica.hyst.eu\/wp-content\/uploads\/sites\/8\/nggallery\/tavolino-esagonale\/tavolinoesagonale_3.jpg\"\n               data-thumbnail=\"https:\/\/artantica.hyst.eu\/wp-content\/uploads\/sites\/8\/nggallery\/tavolino-esagonale\/thumbs\/thumbs_tavolinoesagonale_3.jpg\"\n               data-image-id=\"254\"\n               data-title=\"tavolinoesagonale_3\"\n               data-description=\"\"\n               data-image-slug=\"tavolinoesagonale_3\"\n               class=\"ngg-fancybox\" rel=\"32b5dd6e5f8655bee9148e2a8f7a46b7\">\n                <img\n                    title=\"tavolinoesagonale_3\"\n                    alt=\"tavolinoesagonale_3\"\n                    src=\"https:\/\/artantica.hyst.eu\/wp-content\/uploads\/sites\/8\/nggallery\/tavolino-esagonale\/thumbs\/thumbs_tavolinoesagonale_3.jpg\"\n                    width=\"200\"\n                    height=\"120\"\n                    style=\"max-width:100%;\"\n                \/>\n            <\/a>\n        <\/div>\n\t\t\t\t\t\t\t<\/div> \n\t\t\t\n        \n\t\t\t\t<div id=\"ngg-image-1\" class=\"ngg-gallery-thumbnail-box\" >\n\t\t\t\t        <div class=\"ngg-gallery-thumbnail\">\n            <a href=\"https:\/\/artantica.hyst.eu\/wp-content\/uploads\/sites\/8\/nggallery\/tavolino-esagonale\/tavolinoesagonale_1.jpg\"\n               title=\"\"\n               data-src=\"https:\/\/artantica.hyst.eu\/wp-content\/uploads\/sites\/8\/nggallery\/tavolino-esagonale\/tavolinoesagonale_1.jpg\"\n               data-thumbnail=\"https:\/\/artantica.hyst.eu\/wp-content\/uploads\/sites\/8\/nggallery\/tavolino-esagonale\/thumbs\/thumbs_tavolinoesagonale_1.jpg\"\n               data-image-id=\"255\"\n               data-title=\"tavolinoesagonale_1\"\n               data-description=\"\"\n               data-image-slug=\"tavolinoesagonale_1\"\n               class=\"ngg-fancybox\" rel=\"32b5dd6e5f8655bee9148e2a8f7a46b7\">\n                <img\n                    title=\"tavolinoesagonale_1\"\n                    alt=\"tavolinoesagonale_1\"\n                    src=\"https:\/\/artantica.hyst.eu\/wp-content\/uploads\/sites\/8\/nggallery\/tavolino-esagonale\/thumbs\/thumbs_tavolinoesagonale_1.jpg\"\n                    width=\"200\"\n                    height=\"120\"\n                    style=\"max-width:100%;\"\n                \/>\n            <\/a>\n        <\/div>\n\t\t\t\t\t\t\t<\/div> \n\t\t\t\n        \n\t\t\t\t<div id=\"ngg-image-2\" class=\"ngg-gallery-thumbnail-box\" >\n\t\t\t\t        <div class=\"ngg-gallery-thumbnail\">\n            <a href=\"https:\/\/artantica.hyst.eu\/wp-content\/uploads\/sites\/8\/nggallery\/tavolino-esagonale\/tavolinoesagonale_2.jpg\"\n               title=\"\"\n               data-src=\"https:\/\/artantica.hyst.eu\/wp-content\/uploads\/sites\/8\/nggallery\/tavolino-esagonale\/tavolinoesagonale_2.jpg\"\n               data-thumbnail=\"https:\/\/artantica.hyst.eu\/wp-content\/uploads\/sites\/8\/nggallery\/tavolino-esagonale\/thumbs\/thumbs_tavolinoesagonale_2.jpg\"\n               data-image-id=\"256\"\n               data-title=\"tavolinoesagonale_2\"\n               data-description=\"\"\n               data-image-slug=\"tavolinoesagonale_2\"\n               class=\"ngg-fancybox\" rel=\"32b5dd6e5f8655bee9148e2a8f7a46b7\">\n                <img\n                    title=\"tavolinoesagonale_2\"\n                    alt=\"tavolinoesagonale_2\"\n                    src=\"https:\/\/artantica.hyst.eu\/wp-content\/uploads\/sites\/8\/nggallery\/tavolino-esagonale\/thumbs\/thumbs_tavolinoesagonale_2.jpg\"\n                    width=\"200\"\n                    height=\"120\"\n                    style=\"max-width:100%;\"\n                \/>\n            <\/a>\n        <\/div>\n\t\t\t\t\t\t\t<\/div> \n\t\t\t\n        \n\t\t\n\t\t<!-- Pagination -->\n\t<div class='ngg-clear'><\/div>\t<\/div>\n<\/p>\n<p><strong>Op\u00e9ra:<\/strong> Au bois de h\u00eatre  (bois dur).<\/p>\n<p><strong>Date:<\/strong> Deuxi\u00e8me moiti\u00e9 du 20\u00e8me si\u00e8cle.<\/p>\n<p><strong>Intervention de restauration:<\/strong><\/p>\n<ul>\n<li>pon\u00e7age complet (80 et 120 cm), pl\u00e2trage et peinture avec blanc lavable<\/li>\n<li>dorure: application du rouge bolus; application de colle \u00e0 base d&rsquo;eau; application de la feuille dor\u00e9e, plus tard fix\u00e9e avec une main en gomme laqu\u00e9<\/li>\n<li>finition avec de la cire d&rsquo;abeille et du bitume.<\/li>\n<\/ul>\n<p><\/p>","protected":false},"excerpt":{"rendered":"<p>Op\u00e9ra: Au bois de h\u00eatre (bois dur). Date: Deuxi\u00e8me moiti\u00e9 du 20\u00e8me si\u00e8cle. Intervention de restauration: pon\u00e7age complet (80 et 120 cm), pl\u00e2trage et peinture avec blanc lavable dorure: application du rouge bolus; application de colle \u00e0 base d&rsquo;eau; application de la feuille dor\u00e9e, plus tard fix\u00e9e avec une main en gomme laqu\u00e9 finition avec [&hellip;]<\/p>\n","protected":false},"author":80,"featured_media":0,"parent":0,"menu_order":0,"comment_status":"closed","ping_status":"closed","template":"","meta":{"om_disable_all_campaigns":false,"_monsterinsights_skip_tracking":false,"_monsterinsights_sitenote_active":false,"_monsterinsights_sitenote_note":"","_monsterinsights_sitenote_category":0,"ngg_post_thumbnail":0,"spay_email":""},"yoast_head":"<!-- This site is optimized with the Yoast SEO plugin v18.4.1 - https:\/\/yoast.com\/wordpress\/plugins\/seo\/ -->\n<title>Table hexagonale &middot; ArtAntica<\/title>\n<meta name=\"robots\" content=\"index, follow, max-snippet:-1, max-image-preview:large, max-video-preview:-1\" \/>\n<link rel=\"canonical\" href=\"https:\/\/artantica.hyst.eu\/fr\/tavolino-esagonale\/\" \/>\n<meta property=\"og:locale\" content=\"fr_FR\" \/>\n<meta property=\"og:type\" content=\"article\" \/>\n<meta property=\"og:title\" content=\"[:it]Tavolino esagonale[:fr]Table hexagonale[:] &middot; ArtAntica\" \/>\n<meta property=\"og:description\" content=\"Op\u00e9ra: Au bois de h\u00eatre (bois dur). Date: Deuxi\u00e8me moiti\u00e9 du 20\u00e8me si\u00e8cle. Intervention de restauration: pon\u00e7age complet (80 et 120 cm), pl\u00e2trage et peinture avec blanc lavable dorure: application du rouge bolus; application de colle \u00e0 base d&rsquo;eau; application de la feuille dor\u00e9e, plus tard fix\u00e9e avec une main en gomme laqu\u00e9 finition avec [&hellip;]\" \/>\n<meta property=\"og:url\" content=\"https:\/\/artantica.hyst.eu\/fr\/tavolino-esagonale\/\" \/>\n<meta property=\"og:site_name\" content=\"ArtAntica\" \/>\n<meta property=\"article:modified_time\" content=\"2017-09-29T14:58:49+00:00\" \/>\n<meta name=\"twitter:card\" content=\"summary\" \/>\n<meta name=\"twitter:label1\" content=\"Dur\u00e9e de lecture estim\u00e9e\" \/>\n\t<meta name=\"twitter:data1\" content=\"1 minute\" \/>\n<script type=\"application\/ld+json\" class=\"yoast-schema-graph\">{\"@context\":\"https:\/\/schema.org\",\"@graph\":[{\"@type\":\"WebSite\",\"@id\":\"https:\/\/artantica.hyst.eu\/fr\/#website\",\"url\":\"https:\/\/artantica.hyst.eu\/fr\/\",\"name\":\"ArtAntica\",\"description\":\"Just another Multisite SxA site\",\"potentialAction\":[{\"@type\":\"SearchAction\",\"target\":{\"@type\":\"EntryPoint\",\"urlTemplate\":\"https:\/\/artantica.hyst.eu\/fr\/?s={search_term_string}\"},\"query-input\":\"required name=search_term_string\"}],\"inLanguage\":\"fr-FR\"},{\"@type\":\"WebPage\",\"@id\":\"https:\/\/artantica.hyst.eu\/fr\/tavolino-esagonale\/#webpage\",\"url\":\"https:\/\/artantica.hyst.eu\/fr\/tavolino-esagonale\/\",\"name\":\"[:it]Tavolino esagonale[:fr]Table hexagonale[:] &middot; ArtAntica\",\"isPartOf\":{\"@id\":\"https:\/\/artantica.hyst.eu\/fr\/#website\"},\"datePublished\":\"2017-07-20T10:48:53+00:00\",\"dateModified\":\"2017-09-29T14:58:49+00:00\",\"breadcrumb\":{\"@id\":\"https:\/\/artantica.hyst.eu\/fr\/tavolino-esagonale\/#breadcrumb\"},\"inLanguage\":\"fr-FR\",\"potentialAction\":[{\"@type\":\"ReadAction\",\"target\":[\"https:\/\/artantica.hyst.eu\/fr\/tavolino-esagonale\/\"]}]},{\"@type\":\"BreadcrumbList\",\"@id\":\"https:\/\/artantica.hyst.eu\/fr\/tavolino-esagonale\/#breadcrumb\",\"itemListElement\":[{\"@type\":\"ListItem\",\"position\":1,\"name\":\"Home\",\"item\":\"https:\/\/artantica.hyst.eu\/\"},{\"@type\":\"ListItem\",\"position\":2,\"name\":\"Table hexagonale\"}]}]}<\/script>\n<!-- \/ Yoast SEO plugin. -->","yoast_head_json":{"title":"[:it]Tavolino esagonale[:fr]Table hexagonale[:] &middot; ArtAntica","robots":{"index":"index","follow":"follow","max-snippet":"max-snippet:-1","max-image-preview":"max-image-preview:large","max-video-preview":"max-video-preview:-1"},"canonical":"https:\/\/artantica.hyst.eu\/fr\/tavolino-esagonale\/","og_locale":"fr_FR","og_type":"article","og_title":"[:it]Tavolino esagonale[:fr]Table hexagonale[:] &middot; ArtAntica","og_description":"Op\u00e9ra: Au bois de h\u00eatre (bois dur). Date: Deuxi\u00e8me moiti\u00e9 du 20\u00e8me si\u00e8cle. Intervention de restauration: pon\u00e7age complet (80 et 120 cm), pl\u00e2trage et peinture avec blanc lavable dorure: application du rouge bolus; application de colle \u00e0 base d&rsquo;eau; application de la feuille dor\u00e9e, plus tard fix\u00e9e avec une main en gomme laqu\u00e9 finition avec [&hellip;]","og_url":"https:\/\/artantica.hyst.eu\/fr\/tavolino-esagonale\/","og_site_name":"ArtAntica","article_modified_time":"2017-09-29T14:58:49+00:00","twitter_card":"summary","twitter_misc":{"Dur\u00e9e de lecture estim\u00e9e":"1 minute"},"schema":{"@context":"https:\/\/schema.org","@graph":[{"@type":"WebSite","@id":"https:\/\/artantica.hyst.eu\/fr\/#website","url":"https:\/\/artantica.hyst.eu\/fr\/","name":"ArtAntica","description":"Just another Multisite SxA site","potentialAction":[{"@type":"SearchAction","target":{"@type":"EntryPoint","urlTemplate":"https:\/\/artantica.hyst.eu\/fr\/?s={search_term_string}"},"query-input":"required name=search_term_string"}],"inLanguage":"fr-FR"},{"@type":"WebPage","@id":"https:\/\/artantica.hyst.eu\/fr\/tavolino-esagonale\/#webpage","url":"https:\/\/artantica.hyst.eu\/fr\/tavolino-esagonale\/","name":"[:it]Tavolino esagonale[:fr]Table hexagonale[:] &middot; ArtAntica","isPartOf":{"@id":"https:\/\/artantica.hyst.eu\/fr\/#website"},"datePublished":"2017-07-20T10:48:53+00:00","dateModified":"2017-09-29T14:58:49+00:00","breadcrumb":{"@id":"https:\/\/artantica.hyst.eu\/fr\/tavolino-esagonale\/#breadcrumb"},"inLanguage":"fr-FR","potentialAction":[{"@type":"ReadAction","target":["https:\/\/artantica.hyst.eu\/fr\/tavolino-esagonale\/"]}]},{"@type":"BreadcrumbList","@id":"https:\/\/artantica.hyst.eu\/fr\/tavolino-esagonale\/#breadcrumb","itemListElement":[{"@type":"ListItem","position":1,"name":"Home","item":"https:\/\/artantica.hyst.eu\/"},{"@type":"ListItem","position":2,"name":"Table hexagonale"}]}]}},"_links":{"self":[{"href":"https:\/\/artantica.hyst.eu\/fr\/wp-json\/wp\/v2\/pages\/934"}],"collection":[{"href":"https:\/\/artantica.hyst.eu\/fr\/wp-json\/wp\/v2\/pages"}],"about":[{"href":"https:\/\/artantica.hyst.eu\/fr\/wp-json\/wp\/v2\/types\/page"}],"author":[{"embeddable":true,"href":"https:\/\/artantica.hyst.eu\/fr\/wp-json\/wp\/v2\/users\/80"}],"replies":[{"embeddable":true,"href":"https:\/\/artantica.hyst.eu\/fr\/wp-json\/wp\/v2\/comments?post=934"}],"version-history":[{"count":2,"href":"https:\/\/artantica.hyst.eu\/fr\/wp-json\/wp\/v2\/pages\/934\/revisions"}],"predecessor-version":[{"id":1026,"href":"https:\/\/artantica.hyst.eu\/fr\/wp-json\/wp\/v2\/pages\/934\/revisions\/1026"}],"wp:attachment":[{"href":"https:\/\/artantica.hyst.eu\/fr\/wp-json\/wp\/v2\/media?parent=934"}],"curies":[{"name":"wp","href":"https:\/\/api.w.org\/{rel}","templated":true}]}}