{"id":897,"date":"2017-07-20T10:24:54","date_gmt":"2017-07-20T10:24:54","guid":{"rendered":"https:\/\/artantica.hyst.eu\/?page_id=897"},"modified":"2017-09-29T15:01:10","modified_gmt":"2017-09-29T15:01:10","slug":"consolle","status":"publish","type":"page","link":"https:\/\/artantica.hyst.eu\/fr\/consolle\/","title":{"rendered":"Console"},"content":{"rendered":"<p><!-- index.php -->\n<div\n\tclass=\"ngg-galleryoverview ngg-ajax-pagination-none\"\n\tid=\"ngg-gallery-dcfa250d58d838b7270ea42ddf453309-1\">\n\n    \t\t<!-- Thumbnails -->\n\t\t\t\t<div id=\"ngg-image-0\" class=\"ngg-gallery-thumbnail-box\" >\n\t\t\t\t        <div class=\"ngg-gallery-thumbnail\">\n            <a href=\"https:\/\/artantica.hyst.eu\/wp-content\/uploads\/sites\/8\/nggallery\/consolle-verde\/consolleverde_1.jpg\"\n               title=\"\"\n               data-src=\"https:\/\/artantica.hyst.eu\/wp-content\/uploads\/sites\/8\/nggallery\/consolle-verde\/consolleverde_1.jpg\"\n               data-thumbnail=\"https:\/\/artantica.hyst.eu\/wp-content\/uploads\/sites\/8\/nggallery\/consolle-verde\/thumbs\/thumbs_consolleverde_1.jpg\"\n               data-image-id=\"245\"\n               data-title=\"consolleverde_1\"\n               data-description=\"\"\n               data-image-slug=\"consolleverde_1\"\n               class=\"ngg-fancybox\" rel=\"dcfa250d58d838b7270ea42ddf453309\">\n                <img\n                    title=\"consolleverde_1\"\n                    alt=\"consolleverde_1\"\n                    src=\"https:\/\/artantica.hyst.eu\/wp-content\/uploads\/sites\/8\/nggallery\/consolle-verde\/thumbs\/thumbs_consolleverde_1.jpg\"\n                    width=\"200\"\n                    height=\"120\"\n                    style=\"max-width:100%;\"\n                \/>\n            <\/a>\n        <\/div>\n\t\t\t\t\t\t\t<\/div> \n\t\t\t\n        \n\t\t\n\t\t<!-- Pagination -->\n\t<div class='ngg-clear'><\/div>\t<\/div>\n<\/p>\n<p><strong>Date:<\/strong> Console du XVIIIe si\u00e8cle.<\/p>\n<p><strong>Intervention de restauration:<\/strong><\/p>\n<ul>\n<li>installation des quatre pattes: reconstruction compl\u00e8te du bois inf\u00e9rieur, pon\u00e7age total (80 et 120 cm) et peinture avec couleur vert lavable<\/li>\n<li>dorure: application rouge bolus; application de colle \u00e0 base d&rsquo;eau; application de la feuille dor\u00e9e, plus tard fix\u00e9e avec une main en gomme laqu\u00e9<\/li>\n<li>finition avec de la cire d&rsquo;abeille et du bitume<\/li>\n<li>marbre faux: r\u00e9alisation du plan avec un panneau en bois pour vrac de 2 cm de haut, fa\u00e7onn\u00e9 et ponc\u00e9 (c.n. 120), et pr\u00e9par\u00e9 avec du pl\u00e2tre bolognais et de la colle de lapin; pon\u00e7age en pl\u00e2tre (c.n. num\u00e9ros 80 et 120), plus tard fix\u00e9 avec une main en gomme laqu\u00e9; peinture \u00e0 blanc lavable et pigments de diff\u00e9rentes couleurs; finition avec de la cire d&rsquo;abeille blanche.<\/li>\n<\/ul>\n<p><\/p>","protected":false},"excerpt":{"rendered":"<p>Date: Console du XVIIIe si\u00e8cle. Intervention de restauration: installation des quatre pattes: reconstruction compl\u00e8te du bois inf\u00e9rieur, pon\u00e7age total (80 et 120 cm) et peinture avec couleur vert lavable dorure: application rouge bolus; application de colle \u00e0 base d&rsquo;eau; application de la feuille dor\u00e9e, plus tard fix\u00e9e avec une main en gomme laqu\u00e9 finition avec [&hellip;]<\/p>\n","protected":false},"author":80,"featured_media":0,"parent":0,"menu_order":0,"comment_status":"closed","ping_status":"closed","template":"","meta":{"om_disable_all_campaigns":false,"_monsterinsights_skip_tracking":false,"_monsterinsights_sitenote_active":false,"_monsterinsights_sitenote_note":"","_monsterinsights_sitenote_category":0,"ngg_post_thumbnail":0,"spay_email":""},"yoast_head":"<!-- This site is optimized with the Yoast SEO plugin v18.4.1 - https:\/\/yoast.com\/wordpress\/plugins\/seo\/ -->\n<title>Console &middot; ArtAntica<\/title>\n<meta name=\"robots\" content=\"index, follow, max-snippet:-1, max-image-preview:large, max-video-preview:-1\" \/>\n<link rel=\"canonical\" href=\"https:\/\/artantica.hyst.eu\/consolle\/\" \/>\n<meta property=\"og:locale\" content=\"fr_FR\" \/>\n<meta property=\"og:type\" content=\"article\" \/>\n<meta property=\"og:title\" content=\"[:it]Consolle[:fr]Console[:] &middot; ArtAntica\" \/>\n<meta property=\"og:description\" content=\"Date: Console du XVIIIe si\u00e8cle. Intervention de restauration: installation des quatre pattes: reconstruction compl\u00e8te du bois inf\u00e9rieur, pon\u00e7age total (80 et 120 cm) et peinture avec couleur vert lavable dorure: application rouge bolus; application de colle \u00e0 base d&rsquo;eau; application de la feuille dor\u00e9e, plus tard fix\u00e9e avec une main en gomme laqu\u00e9 finition avec [&hellip;]\" \/>\n<meta property=\"og:url\" content=\"https:\/\/artantica.hyst.eu\/consolle\/\" \/>\n<meta property=\"og:site_name\" content=\"ArtAntica\" \/>\n<meta property=\"article:modified_time\" content=\"2017-09-29T15:01:10+00:00\" \/>\n<meta name=\"twitter:card\" content=\"summary\" \/>\n<meta name=\"twitter:label1\" content=\"Dur\u00e9e de lecture estim\u00e9e\" \/>\n\t<meta name=\"twitter:data1\" content=\"1 minute\" \/>\n<script type=\"application\/ld+json\" class=\"yoast-schema-graph\">{\"@context\":\"https:\/\/schema.org\",\"@graph\":[{\"@type\":\"WebSite\",\"@id\":\"https:\/\/artantica.hyst.eu\/fr\/#website\",\"url\":\"https:\/\/artantica.hyst.eu\/fr\/\",\"name\":\"ArtAntica\",\"description\":\"Just another Multisite SxA site\",\"potentialAction\":[{\"@type\":\"SearchAction\",\"target\":{\"@type\":\"EntryPoint\",\"urlTemplate\":\"https:\/\/artantica.hyst.eu\/fr\/?s={search_term_string}\"},\"query-input\":\"required name=search_term_string\"}],\"inLanguage\":\"fr-FR\"},{\"@type\":\"WebPage\",\"@id\":\"https:\/\/artantica.hyst.eu\/consolle\/#webpage\",\"url\":\"https:\/\/artantica.hyst.eu\/consolle\/\",\"name\":\"[:it]Consolle[:fr]Console[:] &middot; ArtAntica\",\"isPartOf\":{\"@id\":\"https:\/\/artantica.hyst.eu\/fr\/#website\"},\"datePublished\":\"2017-07-20T10:24:54+00:00\",\"dateModified\":\"2017-09-29T15:01:10+00:00\",\"breadcrumb\":{\"@id\":\"https:\/\/artantica.hyst.eu\/consolle\/#breadcrumb\"},\"inLanguage\":\"fr-FR\",\"potentialAction\":[{\"@type\":\"ReadAction\",\"target\":[\"https:\/\/artantica.hyst.eu\/consolle\/\"]}]},{\"@type\":\"BreadcrumbList\",\"@id\":\"https:\/\/artantica.hyst.eu\/consolle\/#breadcrumb\",\"itemListElement\":[{\"@type\":\"ListItem\",\"position\":1,\"name\":\"Home\",\"item\":\"https:\/\/artantica.hyst.eu\/\"},{\"@type\":\"ListItem\",\"position\":2,\"name\":\"Consolle\"}]}]}<\/script>\n<!-- \/ Yoast SEO plugin. -->","yoast_head_json":{"title":"[:it]Consolle[:fr]Console[:] &middot; ArtAntica","robots":{"index":"index","follow":"follow","max-snippet":"max-snippet:-1","max-image-preview":"max-image-preview:large","max-video-preview":"max-video-preview:-1"},"canonical":"https:\/\/artantica.hyst.eu\/consolle\/","og_locale":"fr_FR","og_type":"article","og_title":"[:it]Consolle[:fr]Console[:] &middot; ArtAntica","og_description":"Date: Console du XVIIIe si\u00e8cle. Intervention de restauration: installation des quatre pattes: reconstruction compl\u00e8te du bois inf\u00e9rieur, pon\u00e7age total (80 et 120 cm) et peinture avec couleur vert lavable dorure: application rouge bolus; application de colle \u00e0 base d&rsquo;eau; application de la feuille dor\u00e9e, plus tard fix\u00e9e avec une main en gomme laqu\u00e9 finition avec [&hellip;]","og_url":"https:\/\/artantica.hyst.eu\/consolle\/","og_site_name":"ArtAntica","article_modified_time":"2017-09-29T15:01:10+00:00","twitter_card":"summary","twitter_misc":{"Dur\u00e9e de lecture estim\u00e9e":"1 minute"},"schema":{"@context":"https:\/\/schema.org","@graph":[{"@type":"WebSite","@id":"https:\/\/artantica.hyst.eu\/fr\/#website","url":"https:\/\/artantica.hyst.eu\/fr\/","name":"ArtAntica","description":"Just another Multisite SxA site","potentialAction":[{"@type":"SearchAction","target":{"@type":"EntryPoint","urlTemplate":"https:\/\/artantica.hyst.eu\/fr\/?s={search_term_string}"},"query-input":"required name=search_term_string"}],"inLanguage":"fr-FR"},{"@type":"WebPage","@id":"https:\/\/artantica.hyst.eu\/consolle\/#webpage","url":"https:\/\/artantica.hyst.eu\/consolle\/","name":"[:it]Consolle[:fr]Console[:] &middot; ArtAntica","isPartOf":{"@id":"https:\/\/artantica.hyst.eu\/fr\/#website"},"datePublished":"2017-07-20T10:24:54+00:00","dateModified":"2017-09-29T15:01:10+00:00","breadcrumb":{"@id":"https:\/\/artantica.hyst.eu\/consolle\/#breadcrumb"},"inLanguage":"fr-FR","potentialAction":[{"@type":"ReadAction","target":["https:\/\/artantica.hyst.eu\/consolle\/"]}]},{"@type":"BreadcrumbList","@id":"https:\/\/artantica.hyst.eu\/consolle\/#breadcrumb","itemListElement":[{"@type":"ListItem","position":1,"name":"Home","item":"https:\/\/artantica.hyst.eu\/"},{"@type":"ListItem","position":2,"name":"Consolle"}]}]}},"_links":{"self":[{"href":"https:\/\/artantica.hyst.eu\/fr\/wp-json\/wp\/v2\/pages\/897"}],"collection":[{"href":"https:\/\/artantica.hyst.eu\/fr\/wp-json\/wp\/v2\/pages"}],"about":[{"href":"https:\/\/artantica.hyst.eu\/fr\/wp-json\/wp\/v2\/types\/page"}],"author":[{"embeddable":true,"href":"https:\/\/artantica.hyst.eu\/fr\/wp-json\/wp\/v2\/users\/80"}],"replies":[{"embeddable":true,"href":"https:\/\/artantica.hyst.eu\/fr\/wp-json\/wp\/v2\/comments?post=897"}],"version-history":[{"count":4,"href":"https:\/\/artantica.hyst.eu\/fr\/wp-json\/wp\/v2\/pages\/897\/revisions"}],"predecessor-version":[{"id":1027,"href":"https:\/\/artantica.hyst.eu\/fr\/wp-json\/wp\/v2\/pages\/897\/revisions\/1027"}],"wp:attachment":[{"href":"https:\/\/artantica.hyst.eu\/fr\/wp-json\/wp\/v2\/media?parent=897"}],"curies":[{"name":"wp","href":"https:\/\/api.w.org\/{rel}","templated":true}]}}