{"id":811,"date":"2017-07-11T14:39:35","date_gmt":"2017-07-11T14:39:35","guid":{"rendered":"https:\/\/artantica.hyst.eu\/?page_id=811"},"modified":"2017-09-29T08:43:32","modified_gmt":"2017-09-29T08:43:32","slug":"bilancia-di-precisione","status":"publish","type":"page","link":"https:\/\/artantica.hyst.eu\/fr\/bilancia-di-precisione\/","title":{"rendered":"Balance de pr\u00e9cision"},"content":{"rendered":"<p><!-- index.php -->\n<div\n\tclass=\"ngg-galleryoverview ngg-ajax-pagination-none\"\n\tid=\"ngg-gallery-76fae2433b4dcea3e88d42cb2e02353c-1\">\n\n    \t\t<!-- Thumbnails -->\n\t\t\t\t<div id=\"ngg-image-0\" class=\"ngg-gallery-thumbnail-box\" >\n\t\t\t\t        <div class=\"ngg-gallery-thumbnail\">\n            <a href=\"https:\/\/artantica.hyst.eu\/wp-content\/uploads\/sites\/8\/nggallery\/bilancia-di-precisione\/DSC_0161.jpg\"\n               title=\"\"\n               data-src=\"https:\/\/artantica.hyst.eu\/wp-content\/uploads\/sites\/8\/nggallery\/bilancia-di-precisione\/DSC_0161.jpg\"\n               data-thumbnail=\"https:\/\/artantica.hyst.eu\/wp-content\/uploads\/sites\/8\/nggallery\/bilancia-di-precisione\/thumbs\/thumbs_DSC_0161.jpg\"\n               data-image-id=\"234\"\n               data-title=\"DSC_0161\"\n               data-description=\"\"\n               data-image-slug=\"dsc_0161\"\n               class=\"ngg-fancybox\" rel=\"76fae2433b4dcea3e88d42cb2e02353c\">\n                <img\n                    title=\"DSC_0161\"\n                    alt=\"DSC_0161\"\n                    src=\"https:\/\/artantica.hyst.eu\/wp-content\/uploads\/sites\/8\/nggallery\/bilancia-di-precisione\/thumbs\/thumbs_DSC_0161.jpg\"\n                    width=\"200\"\n                    height=\"120\"\n                    style=\"max-width:100%;\"\n                \/>\n            <\/a>\n        <\/div>\n\t\t\t\t\t\t\t<\/div> \n\t\t\t\n        \n\t\t\t\t<div id=\"ngg-image-1\" class=\"ngg-gallery-thumbnail-box\" >\n\t\t\t\t        <div class=\"ngg-gallery-thumbnail\">\n            <a href=\"https:\/\/artantica.hyst.eu\/wp-content\/uploads\/sites\/8\/nggallery\/bilancia-di-precisione\/DSC_0166.jpg\"\n               title=\"\"\n               data-src=\"https:\/\/artantica.hyst.eu\/wp-content\/uploads\/sites\/8\/nggallery\/bilancia-di-precisione\/DSC_0166.jpg\"\n               data-thumbnail=\"https:\/\/artantica.hyst.eu\/wp-content\/uploads\/sites\/8\/nggallery\/bilancia-di-precisione\/thumbs\/thumbs_DSC_0166.jpg\"\n               data-image-id=\"233\"\n               data-title=\"DSC_0166\"\n               data-description=\"\"\n               data-image-slug=\"dsc_0166\"\n               class=\"ngg-fancybox\" rel=\"76fae2433b4dcea3e88d42cb2e02353c\">\n                <img\n                    title=\"DSC_0166\"\n                    alt=\"DSC_0166\"\n                    src=\"https:\/\/artantica.hyst.eu\/wp-content\/uploads\/sites\/8\/nggallery\/bilancia-di-precisione\/thumbs\/thumbs_DSC_0166.jpg\"\n                    width=\"200\"\n                    height=\"120\"\n                    style=\"max-width:100%;\"\n                \/>\n            <\/a>\n        <\/div>\n\t\t\t\t\t\t\t<\/div> \n\t\t\t\n        \n\t\t\t\t<div id=\"ngg-image-2\" class=\"ngg-gallery-thumbnail-box\" >\n\t\t\t\t        <div class=\"ngg-gallery-thumbnail\">\n            <a href=\"https:\/\/artantica.hyst.eu\/wp-content\/uploads\/sites\/8\/nggallery\/bilancia-di-precisione\/DSC_0162.jpg\"\n               title=\"\"\n               data-src=\"https:\/\/artantica.hyst.eu\/wp-content\/uploads\/sites\/8\/nggallery\/bilancia-di-precisione\/DSC_0162.jpg\"\n               data-thumbnail=\"https:\/\/artantica.hyst.eu\/wp-content\/uploads\/sites\/8\/nggallery\/bilancia-di-precisione\/thumbs\/thumbs_DSC_0162.jpg\"\n               data-image-id=\"235\"\n               data-title=\"DSC_0162\"\n               data-description=\"\"\n               data-image-slug=\"dsc_0162\"\n               class=\"ngg-fancybox\" rel=\"76fae2433b4dcea3e88d42cb2e02353c\">\n                <img\n                    title=\"DSC_0162\"\n                    alt=\"DSC_0162\"\n                    src=\"https:\/\/artantica.hyst.eu\/wp-content\/uploads\/sites\/8\/nggallery\/bilancia-di-precisione\/thumbs\/thumbs_DSC_0162.jpg\"\n                    width=\"200\"\n                    height=\"120\"\n                    style=\"max-width:100%;\"\n                \/>\n            <\/a>\n        <\/div>\n\t\t\t\t\t\t\t<\/div> \n\t\t\t\n        \n\t\t\n\t\t<!-- Pagination -->\n\t<div class='ngg-clear'><\/div>\t<\/div>\n<\/p>\n<p>Balance m\u00e9canique de haute pr\u00e9cision \u00e0 deux plats, compl\u00e8te avec le coffret du bo\u00eetier.<br \/>\nCes balances sont un \u00e9l\u00e9ment essentiel pour tout laboratoire chimique, et, compte tenu de la grande sensibilit\u00e9 aux contraintes externes, ont \u00e9t\u00e9 enferm\u00e9s dans des vitrines.<br \/>\n1923<\/p>\n<p><strong>Mesures<\/strong><br \/>\nLargeur: cm 38,5<br \/>\nProfondeur: cm 29<br \/>\nHauteur: cm 48<\/p>","protected":false},"excerpt":{"rendered":"<p>Balance m\u00e9canique de haute pr\u00e9cision \u00e0 deux plats, compl\u00e8te avec le coffret du bo\u00eetier. Ces balances sont un \u00e9l\u00e9ment essentiel pour tout laboratoire chimique, et, compte tenu de la grande sensibilit\u00e9 aux contraintes externes, ont \u00e9t\u00e9 enferm\u00e9s dans des vitrines. 1923 Mesures Largeur: cm 38,5 Profondeur: cm 29 Hauteur: cm 48<\/p>\n","protected":false},"author":80,"featured_media":0,"parent":0,"menu_order":0,"comment_status":"closed","ping_status":"closed","template":"","meta":{"om_disable_all_campaigns":false,"_monsterinsights_skip_tracking":false,"_monsterinsights_sitenote_active":false,"_monsterinsights_sitenote_note":"","_monsterinsights_sitenote_category":0,"ngg_post_thumbnail":0,"spay_email":""},"yoast_head":"<!-- This site is optimized with the Yoast SEO plugin v18.4.1 - https:\/\/yoast.com\/wordpress\/plugins\/seo\/ -->\n<title>Balance de pr\u00e9cision &middot; ArtAntica<\/title>\n<meta name=\"robots\" content=\"index, follow, max-snippet:-1, max-image-preview:large, max-video-preview:-1\" \/>\n<link rel=\"canonical\" href=\"https:\/\/artantica.hyst.eu\/fr\/bilancia-di-precisione\/\" \/>\n<meta property=\"og:locale\" content=\"fr_FR\" \/>\n<meta property=\"og:type\" content=\"article\" \/>\n<meta property=\"og:title\" content=\"[:it]Bilancia di precisione[:fr]Balance de pr\u00e9cision[:] &middot; ArtAntica\" \/>\n<meta property=\"og:description\" content=\"Balance m\u00e9canique de haute pr\u00e9cision \u00e0 deux plats, compl\u00e8te avec le coffret du bo\u00eetier. Ces balances sont un \u00e9l\u00e9ment essentiel pour tout laboratoire chimique, et, compte tenu de la grande sensibilit\u00e9 aux contraintes externes, ont \u00e9t\u00e9 enferm\u00e9s dans des vitrines. 1923 Mesures Largeur: cm 38,5 Profondeur: cm 29 Hauteur: cm 48\" \/>\n<meta property=\"og:url\" content=\"https:\/\/artantica.hyst.eu\/fr\/bilancia-di-precisione\/\" \/>\n<meta property=\"og:site_name\" content=\"ArtAntica\" \/>\n<meta property=\"article:modified_time\" content=\"2017-09-29T08:43:32+00:00\" \/>\n<meta name=\"twitter:card\" content=\"summary\" \/>\n<meta name=\"twitter:label1\" content=\"Dur\u00e9e de lecture estim\u00e9e\" \/>\n\t<meta name=\"twitter:data1\" content=\"1 minute\" \/>\n<script type=\"application\/ld+json\" class=\"yoast-schema-graph\">{\"@context\":\"https:\/\/schema.org\",\"@graph\":[{\"@type\":\"WebSite\",\"@id\":\"https:\/\/artantica.hyst.eu\/fr\/#website\",\"url\":\"https:\/\/artantica.hyst.eu\/fr\/\",\"name\":\"ArtAntica\",\"description\":\"Just another Multisite SxA site\",\"potentialAction\":[{\"@type\":\"SearchAction\",\"target\":{\"@type\":\"EntryPoint\",\"urlTemplate\":\"https:\/\/artantica.hyst.eu\/fr\/?s={search_term_string}\"},\"query-input\":\"required name=search_term_string\"}],\"inLanguage\":\"fr-FR\"},{\"@type\":\"WebPage\",\"@id\":\"https:\/\/artantica.hyst.eu\/fr\/bilancia-di-precisione\/#webpage\",\"url\":\"https:\/\/artantica.hyst.eu\/fr\/bilancia-di-precisione\/\",\"name\":\"[:it]Bilancia di precisione[:fr]Balance de pr\u00e9cision[:] &middot; ArtAntica\",\"isPartOf\":{\"@id\":\"https:\/\/artantica.hyst.eu\/fr\/#website\"},\"datePublished\":\"2017-07-11T14:39:35+00:00\",\"dateModified\":\"2017-09-29T08:43:32+00:00\",\"breadcrumb\":{\"@id\":\"https:\/\/artantica.hyst.eu\/fr\/bilancia-di-precisione\/#breadcrumb\"},\"inLanguage\":\"fr-FR\",\"potentialAction\":[{\"@type\":\"ReadAction\",\"target\":[\"https:\/\/artantica.hyst.eu\/fr\/bilancia-di-precisione\/\"]}]},{\"@type\":\"BreadcrumbList\",\"@id\":\"https:\/\/artantica.hyst.eu\/fr\/bilancia-di-precisione\/#breadcrumb\",\"itemListElement\":[{\"@type\":\"ListItem\",\"position\":1,\"name\":\"Home\",\"item\":\"https:\/\/artantica.hyst.eu\/\"},{\"@type\":\"ListItem\",\"position\":2,\"name\":\"Balance de pr\u00e9cision\"}]}]}<\/script>\n<!-- \/ Yoast SEO plugin. -->","yoast_head_json":{"title":"[:it]Bilancia di precisione[:fr]Balance de pr\u00e9cision[:] &middot; ArtAntica","robots":{"index":"index","follow":"follow","max-snippet":"max-snippet:-1","max-image-preview":"max-image-preview:large","max-video-preview":"max-video-preview:-1"},"canonical":"https:\/\/artantica.hyst.eu\/fr\/bilancia-di-precisione\/","og_locale":"fr_FR","og_type":"article","og_title":"[:it]Bilancia di precisione[:fr]Balance de pr\u00e9cision[:] &middot; ArtAntica","og_description":"Balance m\u00e9canique de haute pr\u00e9cision \u00e0 deux plats, compl\u00e8te avec le coffret du bo\u00eetier. Ces balances sont un \u00e9l\u00e9ment essentiel pour tout laboratoire chimique, et, compte tenu de la grande sensibilit\u00e9 aux contraintes externes, ont \u00e9t\u00e9 enferm\u00e9s dans des vitrines. 1923 Mesures Largeur: cm 38,5 Profondeur: cm 29 Hauteur: cm 48","og_url":"https:\/\/artantica.hyst.eu\/fr\/bilancia-di-precisione\/","og_site_name":"ArtAntica","article_modified_time":"2017-09-29T08:43:32+00:00","twitter_card":"summary","twitter_misc":{"Dur\u00e9e de lecture estim\u00e9e":"1 minute"},"schema":{"@context":"https:\/\/schema.org","@graph":[{"@type":"WebSite","@id":"https:\/\/artantica.hyst.eu\/fr\/#website","url":"https:\/\/artantica.hyst.eu\/fr\/","name":"ArtAntica","description":"Just another Multisite SxA site","potentialAction":[{"@type":"SearchAction","target":{"@type":"EntryPoint","urlTemplate":"https:\/\/artantica.hyst.eu\/fr\/?s={search_term_string}"},"query-input":"required name=search_term_string"}],"inLanguage":"fr-FR"},{"@type":"WebPage","@id":"https:\/\/artantica.hyst.eu\/fr\/bilancia-di-precisione\/#webpage","url":"https:\/\/artantica.hyst.eu\/fr\/bilancia-di-precisione\/","name":"[:it]Bilancia di precisione[:fr]Balance de pr\u00e9cision[:] &middot; ArtAntica","isPartOf":{"@id":"https:\/\/artantica.hyst.eu\/fr\/#website"},"datePublished":"2017-07-11T14:39:35+00:00","dateModified":"2017-09-29T08:43:32+00:00","breadcrumb":{"@id":"https:\/\/artantica.hyst.eu\/fr\/bilancia-di-precisione\/#breadcrumb"},"inLanguage":"fr-FR","potentialAction":[{"@type":"ReadAction","target":["https:\/\/artantica.hyst.eu\/fr\/bilancia-di-precisione\/"]}]},{"@type":"BreadcrumbList","@id":"https:\/\/artantica.hyst.eu\/fr\/bilancia-di-precisione\/#breadcrumb","itemListElement":[{"@type":"ListItem","position":1,"name":"Home","item":"https:\/\/artantica.hyst.eu\/"},{"@type":"ListItem","position":2,"name":"Balance de pr\u00e9cision"}]}]}},"_links":{"self":[{"href":"https:\/\/artantica.hyst.eu\/fr\/wp-json\/wp\/v2\/pages\/811"}],"collection":[{"href":"https:\/\/artantica.hyst.eu\/fr\/wp-json\/wp\/v2\/pages"}],"about":[{"href":"https:\/\/artantica.hyst.eu\/fr\/wp-json\/wp\/v2\/types\/page"}],"author":[{"embeddable":true,"href":"https:\/\/artantica.hyst.eu\/fr\/wp-json\/wp\/v2\/users\/80"}],"replies":[{"embeddable":true,"href":"https:\/\/artantica.hyst.eu\/fr\/wp-json\/wp\/v2\/comments?post=811"}],"version-history":[{"count":8,"href":"https:\/\/artantica.hyst.eu\/fr\/wp-json\/wp\/v2\/pages\/811\/revisions"}],"predecessor-version":[{"id":976,"href":"https:\/\/artantica.hyst.eu\/fr\/wp-json\/wp\/v2\/pages\/811\/revisions\/976"}],"wp:attachment":[{"href":"https:\/\/artantica.hyst.eu\/fr\/wp-json\/wp\/v2\/media?parent=811"}],"curies":[{"name":"wp","href":"https:\/\/api.w.org\/{rel}","templated":true}]}}