{"id":728,"date":"2017-01-25T15:09:26","date_gmt":"2017-01-25T15:09:26","guid":{"rendered":"http:\/\/artantica.hyst.eu\/?page_id=728"},"modified":"2017-09-29T13:29:13","modified_gmt":"2017-09-29T13:29:13","slug":"set-penne-waterman","status":"publish","type":"page","link":"https:\/\/artantica.hyst.eu\/fr\/set-penne-waterman\/","title":{"rendered":"Set de stylos Waterman"},"content":{"rendered":"<p><!-- index.php -->\n<div\n\tclass=\"ngg-galleryoverview ngg-ajax-pagination-none\"\n\tid=\"ngg-gallery-5c4de639f9872bfb4f5a8e025335977d-1\">\n\n    \t\t<!-- Thumbnails -->\n\t\t\t\t<div id=\"ngg-image-0\" class=\"ngg-gallery-thumbnail-box\" >\n\t\t\t\t        <div class=\"ngg-gallery-thumbnail\">\n            <a href=\"https:\/\/artantica.hyst.eu\/wp-content\/uploads\/sites\/8\/nggallery\/set-penne-waterman\/SetPenneWaterman_01.jpg\"\n               title=\"\"\n               data-src=\"https:\/\/artantica.hyst.eu\/wp-content\/uploads\/sites\/8\/nggallery\/set-penne-waterman\/SetPenneWaterman_01.jpg\"\n               data-thumbnail=\"https:\/\/artantica.hyst.eu\/wp-content\/uploads\/sites\/8\/nggallery\/set-penne-waterman\/thumbs\/thumbs_SetPenneWaterman_01.jpg\"\n               data-image-id=\"200\"\n               data-title=\"Set Penne Waterman\"\n               data-description=\"\"\n               data-image-slug=\"setpennewaterman_01\"\n               class=\"ngg-fancybox\" rel=\"5c4de639f9872bfb4f5a8e025335977d\">\n                <img\n                    title=\"Set Penne Waterman\"\n                    alt=\"Set Penne Waterman\"\n                    src=\"https:\/\/artantica.hyst.eu\/wp-content\/uploads\/sites\/8\/nggallery\/set-penne-waterman\/thumbs\/thumbs_SetPenneWaterman_01.jpg\"\n                    width=\"200\"\n                    height=\"120\"\n                    style=\"max-width:100%;\"\n                \/>\n            <\/a>\n        <\/div>\n\t\t\t\t\t\t\t<\/div> \n\t\t\t\n        \n\t\t\t\t<div id=\"ngg-image-1\" class=\"ngg-gallery-thumbnail-box\" >\n\t\t\t\t        <div class=\"ngg-gallery-thumbnail\">\n            <a href=\"https:\/\/artantica.hyst.eu\/wp-content\/uploads\/sites\/8\/nggallery\/set-penne-waterman\/SetPenneWaterman_02.jpg\"\n               title=\"\"\n               data-src=\"https:\/\/artantica.hyst.eu\/wp-content\/uploads\/sites\/8\/nggallery\/set-penne-waterman\/SetPenneWaterman_02.jpg\"\n               data-thumbnail=\"https:\/\/artantica.hyst.eu\/wp-content\/uploads\/sites\/8\/nggallery\/set-penne-waterman\/thumbs\/thumbs_SetPenneWaterman_02.jpg\"\n               data-image-id=\"201\"\n               data-title=\"Set Penne Waterman\"\n               data-description=\"\"\n               data-image-slug=\"setpennewaterman_02\"\n               class=\"ngg-fancybox\" rel=\"5c4de639f9872bfb4f5a8e025335977d\">\n                <img\n                    title=\"Set Penne Waterman\"\n                    alt=\"Set Penne Waterman\"\n                    src=\"https:\/\/artantica.hyst.eu\/wp-content\/uploads\/sites\/8\/nggallery\/set-penne-waterman\/thumbs\/thumbs_SetPenneWaterman_02.jpg\"\n                    width=\"200\"\n                    height=\"120\"\n                    style=\"max-width:100%;\"\n                \/>\n            <\/a>\n        <\/div>\n\t\t\t\t\t\t\t<\/div> \n\t\t\t\n        \n\t\t\n\t\t<!-- Pagination -->\n\t<div class='ngg-clear'><\/div>\t<\/div>\n<\/p>\n<p>Ensemble de 3 stylos plaqu\u00e9s or Waterman.<\/p>\n<p>Parmi les premiers prototypes de waterman sur le chargement des cartouches.<\/p>\n<p><strong>Informations techniques<\/strong><\/p>\n<table class=\"info\">\n<tbody>\n<tr>\n<th>Marque<\/th>\n<td>Waterman<\/td>\n<\/tr>\n<tr>\n<th>Mod\u00e8le<\/th>\n<td>Barleycorn<\/td>\n<\/tr>\n<tr>\n<th>Origin<\/th>\n<td>USA &#8211; produit par la suite en France<\/td>\n<\/tr>\n<tr>\n<th>Dates de production<\/th>\n<td>1954 au d\u00e9but des ann\u00e9es 1980<\/td>\n<\/tr>\n<tr>\n<th>Mat\u00e9riel rempli<\/th>\n<td>d&rsquo;or &#8211; plaqu\u00e9 or<\/td>\n<\/tr>\n<tr>\n<th>Longueur totale<\/th>\n<td>135 mm<\/td>\n<\/tr>\n<tr>\n<th>M\u00e9canisme de remplissage<\/th>\n<td>converter \/ de la cartouche<\/td>\n<\/tr>\n<tr>\n<th>Embout pour stylo plume<\/th>\n<td>oro18Kt, moyen<\/td>\n<\/tr>\n<tr>\n<th>Dessine<\/th>\n<td>Harley J. Earl \u2013 Le moteur du moteur de 1927 \u00e0 1959<\/td>\n<\/tr>\n<\/tbody>\n<\/table>\n<p><\/p>","protected":false},"excerpt":{"rendered":"<p>Ensemble de 3 stylos plaqu\u00e9s or Waterman. Parmi les premiers prototypes de waterman sur le chargement des cartouches. Informations techniques Marque Waterman Mod\u00e8le Barleycorn Origin USA &#8211; produit par la suite en France Dates de production 1954 au d\u00e9but des ann\u00e9es 1980 Mat\u00e9riel rempli d&rsquo;or &#8211; plaqu\u00e9 or Longueur totale 135 mm M\u00e9canisme de remplissage [&hellip;]<\/p>\n","protected":false},"author":80,"featured_media":0,"parent":0,"menu_order":0,"comment_status":"closed","ping_status":"closed","template":"","meta":{"om_disable_all_campaigns":false,"_monsterinsights_skip_tracking":false,"_monsterinsights_sitenote_active":false,"_monsterinsights_sitenote_note":"","_monsterinsights_sitenote_category":0,"ngg_post_thumbnail":0,"spay_email":""},"yoast_head":"<!-- This site is optimized with the Yoast SEO plugin v18.4.1 - https:\/\/yoast.com\/wordpress\/plugins\/seo\/ -->\n<title>Set de stylos Waterman &middot; ArtAntica<\/title>\n<meta name=\"robots\" content=\"index, follow, max-snippet:-1, max-image-preview:large, max-video-preview:-1\" \/>\n<link rel=\"canonical\" href=\"https:\/\/artantica.hyst.eu\/set-penne-waterman\/\" \/>\n<meta property=\"og:locale\" content=\"fr_FR\" \/>\n<meta property=\"og:type\" content=\"article\" \/>\n<meta property=\"og:title\" content=\"[:it]Set penne Waterman[:fr]Set de stylos Waterman[:] &middot; ArtAntica\" \/>\n<meta property=\"og:description\" content=\"Ensemble de 3 stylos plaqu\u00e9s or Waterman. Parmi les premiers prototypes de waterman sur le chargement des cartouches. Informations techniques Marque Waterman Mod\u00e8le Barleycorn Origin USA &#8211; produit par la suite en France Dates de production 1954 au d\u00e9but des ann\u00e9es 1980 Mat\u00e9riel rempli d&rsquo;or &#8211; plaqu\u00e9 or Longueur totale 135 mm M\u00e9canisme de remplissage [&hellip;]\" \/>\n<meta property=\"og:url\" content=\"https:\/\/artantica.hyst.eu\/set-penne-waterman\/\" \/>\n<meta property=\"og:site_name\" content=\"ArtAntica\" \/>\n<meta property=\"article:modified_time\" content=\"2017-09-29T13:29:13+00:00\" \/>\n<meta name=\"twitter:card\" content=\"summary\" \/>\n<meta name=\"twitter:label1\" content=\"Dur\u00e9e de lecture estim\u00e9e\" \/>\n\t<meta name=\"twitter:data1\" content=\"1 minute\" \/>\n<script type=\"application\/ld+json\" class=\"yoast-schema-graph\">{\"@context\":\"https:\/\/schema.org\",\"@graph\":[{\"@type\":\"WebSite\",\"@id\":\"https:\/\/artantica.hyst.eu\/fr\/#website\",\"url\":\"https:\/\/artantica.hyst.eu\/fr\/\",\"name\":\"ArtAntica\",\"description\":\"Just another Multisite SxA site\",\"potentialAction\":[{\"@type\":\"SearchAction\",\"target\":{\"@type\":\"EntryPoint\",\"urlTemplate\":\"https:\/\/artantica.hyst.eu\/fr\/?s={search_term_string}\"},\"query-input\":\"required name=search_term_string\"}],\"inLanguage\":\"fr-FR\"},{\"@type\":\"WebPage\",\"@id\":\"https:\/\/artantica.hyst.eu\/set-penne-waterman\/#webpage\",\"url\":\"https:\/\/artantica.hyst.eu\/set-penne-waterman\/\",\"name\":\"[:it]Set penne Waterman[:fr]Set de stylos Waterman[:] &middot; ArtAntica\",\"isPartOf\":{\"@id\":\"https:\/\/artantica.hyst.eu\/fr\/#website\"},\"datePublished\":\"2017-01-25T15:09:26+00:00\",\"dateModified\":\"2017-09-29T13:29:13+00:00\",\"breadcrumb\":{\"@id\":\"https:\/\/artantica.hyst.eu\/set-penne-waterman\/#breadcrumb\"},\"inLanguage\":\"fr-FR\",\"potentialAction\":[{\"@type\":\"ReadAction\",\"target\":[\"https:\/\/artantica.hyst.eu\/set-penne-waterman\/\"]}]},{\"@type\":\"BreadcrumbList\",\"@id\":\"https:\/\/artantica.hyst.eu\/set-penne-waterman\/#breadcrumb\",\"itemListElement\":[{\"@type\":\"ListItem\",\"position\":1,\"name\":\"Home\",\"item\":\"https:\/\/artantica.hyst.eu\/\"},{\"@type\":\"ListItem\",\"position\":2,\"name\":\"Set penne Waterman\"}]}]}<\/script>\n<!-- \/ Yoast SEO plugin. -->","yoast_head_json":{"title":"[:it]Set penne Waterman[:fr]Set de stylos Waterman[:] &middot; ArtAntica","robots":{"index":"index","follow":"follow","max-snippet":"max-snippet:-1","max-image-preview":"max-image-preview:large","max-video-preview":"max-video-preview:-1"},"canonical":"https:\/\/artantica.hyst.eu\/set-penne-waterman\/","og_locale":"fr_FR","og_type":"article","og_title":"[:it]Set penne Waterman[:fr]Set de stylos Waterman[:] &middot; ArtAntica","og_description":"Ensemble de 3 stylos plaqu\u00e9s or Waterman. Parmi les premiers prototypes de waterman sur le chargement des cartouches. Informations techniques Marque Waterman Mod\u00e8le Barleycorn Origin USA &#8211; produit par la suite en France Dates de production 1954 au d\u00e9but des ann\u00e9es 1980 Mat\u00e9riel rempli d&rsquo;or &#8211; plaqu\u00e9 or Longueur totale 135 mm M\u00e9canisme de remplissage [&hellip;]","og_url":"https:\/\/artantica.hyst.eu\/set-penne-waterman\/","og_site_name":"ArtAntica","article_modified_time":"2017-09-29T13:29:13+00:00","twitter_card":"summary","twitter_misc":{"Dur\u00e9e de lecture estim\u00e9e":"1 minute"},"schema":{"@context":"https:\/\/schema.org","@graph":[{"@type":"WebSite","@id":"https:\/\/artantica.hyst.eu\/fr\/#website","url":"https:\/\/artantica.hyst.eu\/fr\/","name":"ArtAntica","description":"Just another Multisite SxA site","potentialAction":[{"@type":"SearchAction","target":{"@type":"EntryPoint","urlTemplate":"https:\/\/artantica.hyst.eu\/fr\/?s={search_term_string}"},"query-input":"required name=search_term_string"}],"inLanguage":"fr-FR"},{"@type":"WebPage","@id":"https:\/\/artantica.hyst.eu\/set-penne-waterman\/#webpage","url":"https:\/\/artantica.hyst.eu\/set-penne-waterman\/","name":"[:it]Set penne Waterman[:fr]Set de stylos Waterman[:] &middot; ArtAntica","isPartOf":{"@id":"https:\/\/artantica.hyst.eu\/fr\/#website"},"datePublished":"2017-01-25T15:09:26+00:00","dateModified":"2017-09-29T13:29:13+00:00","breadcrumb":{"@id":"https:\/\/artantica.hyst.eu\/set-penne-waterman\/#breadcrumb"},"inLanguage":"fr-FR","potentialAction":[{"@type":"ReadAction","target":["https:\/\/artantica.hyst.eu\/set-penne-waterman\/"]}]},{"@type":"BreadcrumbList","@id":"https:\/\/artantica.hyst.eu\/set-penne-waterman\/#breadcrumb","itemListElement":[{"@type":"ListItem","position":1,"name":"Home","item":"https:\/\/artantica.hyst.eu\/"},{"@type":"ListItem","position":2,"name":"Set penne Waterman"}]}]}},"_links":{"self":[{"href":"https:\/\/artantica.hyst.eu\/fr\/wp-json\/wp\/v2\/pages\/728"}],"collection":[{"href":"https:\/\/artantica.hyst.eu\/fr\/wp-json\/wp\/v2\/pages"}],"about":[{"href":"https:\/\/artantica.hyst.eu\/fr\/wp-json\/wp\/v2\/types\/page"}],"author":[{"embeddable":true,"href":"https:\/\/artantica.hyst.eu\/fr\/wp-json\/wp\/v2\/users\/80"}],"replies":[{"embeddable":true,"href":"https:\/\/artantica.hyst.eu\/fr\/wp-json\/wp\/v2\/comments?post=728"}],"version-history":[{"count":2,"href":"https:\/\/artantica.hyst.eu\/fr\/wp-json\/wp\/v2\/pages\/728\/revisions"}],"predecessor-version":[{"id":1009,"href":"https:\/\/artantica.hyst.eu\/fr\/wp-json\/wp\/v2\/pages\/728\/revisions\/1009"}],"wp:attachment":[{"href":"https:\/\/artantica.hyst.eu\/fr\/wp-json\/wp\/v2\/media?parent=728"}],"curies":[{"name":"wp","href":"https:\/\/api.w.org\/{rel}","templated":true}]}}