{"id":708,"date":"2017-01-25T15:01:30","date_gmt":"2017-01-25T15:01:30","guid":{"rendered":"http:\/\/artantica.hyst.eu\/?page_id=708"},"modified":"2017-10-03T10:56:07","modified_gmt":"2017-10-03T10:56:07","slug":"olivetti-lexikon-80","status":"publish","type":"page","link":"https:\/\/artantica.hyst.eu\/fr\/olivetti-lexikon-80\/","title":{"rendered":"Olivetti Lexikon 80"},"content":{"rendered":"<p><!-- index.php -->\n<div\n\tclass=\"ngg-galleryoverview ngg-ajax-pagination-none\"\n\tid=\"ngg-gallery-fbeacb43e32c4467ba80b078cfee6a6d-1\">\n\n    \t\t<!-- Thumbnails -->\n\t\t\t\t<div id=\"ngg-image-0\" class=\"ngg-gallery-thumbnail-box\" >\n\t\t\t\t        <div class=\"ngg-gallery-thumbnail\">\n            <a href=\"https:\/\/artantica.hyst.eu\/wp-content\/uploads\/sites\/8\/nggallery\/olivetti-lexikon-80\/OlivettiLexicon80_01.jpg\"\n               title=\"\"\n               data-src=\"https:\/\/artantica.hyst.eu\/wp-content\/uploads\/sites\/8\/nggallery\/olivetti-lexikon-80\/OlivettiLexicon80_01.jpg\"\n               data-thumbnail=\"https:\/\/artantica.hyst.eu\/wp-content\/uploads\/sites\/8\/nggallery\/olivetti-lexikon-80\/thumbs\/thumbs_OlivettiLexicon80_01.jpg\"\n               data-image-id=\"182\"\n               data-title=\"Olivetti Lexikon 80\"\n               data-description=\"\"\n               data-image-slug=\"olivettilexicon80_01\"\n               class=\"ngg-fancybox\" rel=\"fbeacb43e32c4467ba80b078cfee6a6d\">\n                <img\n                    title=\"Olivetti Lexikon 80\"\n                    alt=\"Olivetti Lexikon 80\"\n                    src=\"https:\/\/artantica.hyst.eu\/wp-content\/uploads\/sites\/8\/nggallery\/olivetti-lexikon-80\/thumbs\/thumbs_OlivettiLexicon80_01.jpg\"\n                    width=\"200\"\n                    height=\"120\"\n                    style=\"max-width:100%;\"\n                \/>\n            <\/a>\n        <\/div>\n\t\t\t\t\t\t\t<\/div> \n\t\t\t\n        \n\t\t\t\t<div id=\"ngg-image-1\" class=\"ngg-gallery-thumbnail-box\" >\n\t\t\t\t        <div class=\"ngg-gallery-thumbnail\">\n            <a href=\"https:\/\/artantica.hyst.eu\/wp-content\/uploads\/sites\/8\/nggallery\/olivetti-lexikon-80\/OlivettiLexicon80_02.jpg\"\n               title=\"\"\n               data-src=\"https:\/\/artantica.hyst.eu\/wp-content\/uploads\/sites\/8\/nggallery\/olivetti-lexikon-80\/OlivettiLexicon80_02.jpg\"\n               data-thumbnail=\"https:\/\/artantica.hyst.eu\/wp-content\/uploads\/sites\/8\/nggallery\/olivetti-lexikon-80\/thumbs\/thumbs_OlivettiLexicon80_02.jpg\"\n               data-image-id=\"183\"\n               data-title=\"Olivetti Lexikon 80\"\n               data-description=\"\"\n               data-image-slug=\"olivettilexicon80_02\"\n               class=\"ngg-fancybox\" rel=\"fbeacb43e32c4467ba80b078cfee6a6d\">\n                <img\n                    title=\"Olivetti Lexikon 80\"\n                    alt=\"Olivetti Lexikon 80\"\n                    src=\"https:\/\/artantica.hyst.eu\/wp-content\/uploads\/sites\/8\/nggallery\/olivetti-lexikon-80\/thumbs\/thumbs_OlivettiLexicon80_02.jpg\"\n                    width=\"200\"\n                    height=\"120\"\n                    style=\"max-width:100%;\"\n                \/>\n            <\/a>\n        <\/div>\n\t\t\t\t\t\t\t<\/div> \n\t\t\t\n        \n\t\t\t\t<div id=\"ngg-image-2\" class=\"ngg-gallery-thumbnail-box\" >\n\t\t\t\t        <div class=\"ngg-gallery-thumbnail\">\n            <a href=\"https:\/\/artantica.hyst.eu\/wp-content\/uploads\/sites\/8\/nggallery\/olivetti-lexikon-80\/OlivettiLexicon80_03.jpg\"\n               title=\"\"\n               data-src=\"https:\/\/artantica.hyst.eu\/wp-content\/uploads\/sites\/8\/nggallery\/olivetti-lexikon-80\/OlivettiLexicon80_03.jpg\"\n               data-thumbnail=\"https:\/\/artantica.hyst.eu\/wp-content\/uploads\/sites\/8\/nggallery\/olivetti-lexikon-80\/thumbs\/thumbs_OlivettiLexicon80_03.jpg\"\n               data-image-id=\"184\"\n               data-title=\"Olivetti Lexikon 80\"\n               data-description=\"\"\n               data-image-slug=\"olivettilexicon80_03\"\n               class=\"ngg-fancybox\" rel=\"fbeacb43e32c4467ba80b078cfee6a6d\">\n                <img\n                    title=\"Olivetti Lexikon 80\"\n                    alt=\"Olivetti Lexikon 80\"\n                    src=\"https:\/\/artantica.hyst.eu\/wp-content\/uploads\/sites\/8\/nggallery\/olivetti-lexikon-80\/thumbs\/thumbs_OlivettiLexicon80_03.jpg\"\n                    width=\"200\"\n                    height=\"120\"\n                    style=\"max-width:100%;\"\n                \/>\n            <\/a>\n        <\/div>\n\t\t\t\t\t\t\t<\/div> \n\t\t\t\n        \n\t\t\t\t<div id=\"ngg-image-3\" class=\"ngg-gallery-thumbnail-box\" >\n\t\t\t\t        <div class=\"ngg-gallery-thumbnail\">\n            <a href=\"https:\/\/artantica.hyst.eu\/wp-content\/uploads\/sites\/8\/nggallery\/olivetti-lexikon-80\/OlivettiLexicon80_04.jpg\"\n               title=\"\"\n               data-src=\"https:\/\/artantica.hyst.eu\/wp-content\/uploads\/sites\/8\/nggallery\/olivetti-lexikon-80\/OlivettiLexicon80_04.jpg\"\n               data-thumbnail=\"https:\/\/artantica.hyst.eu\/wp-content\/uploads\/sites\/8\/nggallery\/olivetti-lexikon-80\/thumbs\/thumbs_OlivettiLexicon80_04.jpg\"\n               data-image-id=\"185\"\n               data-title=\"Olivetti Lexikon 80\"\n               data-description=\"\"\n               data-image-slug=\"olivettilexicon80_04\"\n               class=\"ngg-fancybox\" rel=\"fbeacb43e32c4467ba80b078cfee6a6d\">\n                <img\n                    title=\"Olivetti Lexikon 80\"\n                    alt=\"Olivetti Lexikon 80\"\n                    src=\"https:\/\/artantica.hyst.eu\/wp-content\/uploads\/sites\/8\/nggallery\/olivetti-lexikon-80\/thumbs\/thumbs_OlivettiLexicon80_04.jpg\"\n                    width=\"200\"\n                    height=\"120\"\n                    style=\"max-width:100%;\"\n                \/>\n            <\/a>\n        <\/div>\n\t\t\t\t\t\t\t<\/div> \n\t\t\t\n        \n\t\t\t\t<div id=\"ngg-image-4\" class=\"ngg-gallery-thumbnail-box\" >\n\t\t\t\t        <div class=\"ngg-gallery-thumbnail\">\n            <a href=\"https:\/\/artantica.hyst.eu\/wp-content\/uploads\/sites\/8\/nggallery\/olivetti-lexikon-80\/OlivettiLexicon80_05.jpg\"\n               title=\"\"\n               data-src=\"https:\/\/artantica.hyst.eu\/wp-content\/uploads\/sites\/8\/nggallery\/olivetti-lexikon-80\/OlivettiLexicon80_05.jpg\"\n               data-thumbnail=\"https:\/\/artantica.hyst.eu\/wp-content\/uploads\/sites\/8\/nggallery\/olivetti-lexikon-80\/thumbs\/thumbs_OlivettiLexicon80_05.jpg\"\n               data-image-id=\"186\"\n               data-title=\"Olivetti Lexikon 80\"\n               data-description=\"\"\n               data-image-slug=\"olivettilexicon80_05\"\n               class=\"ngg-fancybox\" rel=\"fbeacb43e32c4467ba80b078cfee6a6d\">\n                <img\n                    title=\"Olivetti Lexikon 80\"\n                    alt=\"Olivetti Lexikon 80\"\n                    src=\"https:\/\/artantica.hyst.eu\/wp-content\/uploads\/sites\/8\/nggallery\/olivetti-lexikon-80\/thumbs\/thumbs_OlivettiLexicon80_05.jpg\"\n                    width=\"200\"\n                    height=\"120\"\n                    style=\"max-width:100%;\"\n                \/>\n            <\/a>\n        <\/div>\n\t\t\t\t\t\t\t<\/div> \n\t\t\t\n        \n\t\t\n\t\t<!-- Pagination -->\n\t<div class='ngg-clear'><\/div>\t<\/div>\n<\/p>\n<p>Le Lexikon 80, dessin\u00e9e par Marcello Nizzoli et con\u00e7ue par Giuseppe Beccio, en production en 1948-1949.<br \/>\nMerci \u00e0 l&rsquo;introduction d&rsquo;un nouveau processus concernant la moulage Marcello Nizzoli con\u00e7oit un rev\u00eatement tr\u00e8s plastique et une forme esth\u00e9tiquement continue qui est mise en \u00e9vidence par des courbes et des lignes arrondies: la conception d&rsquo;un conteneur dans lequel sont r\u00e9alis\u00e9s pour \u00eatre compatibles  les deux pi\u00e8ces de couvercle et couverture, contribue au succ\u00e8s de ce design innovant.<\/p>\n<p>Il est le premier produit Olivetti expos\u00e9 dans la collection permanente du Mus\u00e9e d&rsquo;Art Moderne de New York, car il est un jalon dans l&rsquo;histoire internationale du design des solutions r\u00e9volutionnaires.<\/p>\n<p><strong>Informations techniques<\/strong><\/p>\n<table class=\"info\">\n<tbody>\n<tr>\n<td colspan=\"2\">Type de machine m\u00e9canique avec lecteur manuel<\/td>\n<\/tr>\n<tr>\n<th>Clavier<\/th>\n<td>45 touches correspondant aux 90 signes<\/td>\n<\/tr>\n<tr>\n<th>\u00c9l\u00e9ment d&rsquo;\u00e9criture<\/th>\n<td>marteaux apporte des caract\u00e8res<\/td>\n<\/tr>\n<tr>\n<th>Interlinee<\/th>\n<td>4 posizioni pi\u00f9 lo 0<\/td>\n<\/tr>\n<tr>\n<th>Couleurs<\/th>\n<td>beige or rouge<\/td>\n<\/tr>\n<tr>\n<th>Poids<\/th>\n<td>15 kg<\/td>\n<\/tr>\n<tr>\n<th>Dimensions<\/th>\n<td>largeur: cm 23<br \/>\n            profondeur: cm 38<br \/>\n            hauteur: cm 38<\/td>\n<\/tr>\n<\/tbody>\n<\/table>\n<p><\/p>","protected":false},"excerpt":{"rendered":"<p>Le Lexikon 80, dessin\u00e9e par Marcello Nizzoli et con\u00e7ue par Giuseppe Beccio, en production en 1948-1949. Merci \u00e0 l&rsquo;introduction d&rsquo;un nouveau processus concernant la moulage Marcello Nizzoli con\u00e7oit un rev\u00eatement tr\u00e8s plastique et une forme esth\u00e9tiquement continue qui est mise en \u00e9vidence par des courbes et des lignes arrondies: la conception d&rsquo;un conteneur dans lequel [&hellip;]<\/p>\n","protected":false},"author":80,"featured_media":0,"parent":0,"menu_order":0,"comment_status":"closed","ping_status":"closed","template":"","meta":{"om_disable_all_campaigns":false,"_monsterinsights_skip_tracking":false,"_monsterinsights_sitenote_active":false,"_monsterinsights_sitenote_note":"","_monsterinsights_sitenote_category":0,"ngg_post_thumbnail":0,"spay_email":""},"yoast_head":"<!-- This site is optimized with the Yoast SEO plugin v18.4.1 - https:\/\/yoast.com\/wordpress\/plugins\/seo\/ -->\n<title>Olivetti Lexikon 80 &middot; ArtAntica<\/title>\n<meta name=\"robots\" content=\"index, follow, max-snippet:-1, max-image-preview:large, max-video-preview:-1\" \/>\n<link rel=\"canonical\" href=\"https:\/\/artantica.hyst.eu\/fr\/olivetti-lexikon-80\/\" \/>\n<meta property=\"og:locale\" content=\"fr_FR\" \/>\n<meta property=\"og:type\" content=\"article\" \/>\n<meta property=\"og:title\" content=\"Olivetti Lexikon 80 &middot; ArtAntica\" \/>\n<meta property=\"og:description\" content=\"Le Lexikon 80, dessin\u00e9e par Marcello Nizzoli et con\u00e7ue par Giuseppe Beccio, en production en 1948-1949. Merci \u00e0 l&rsquo;introduction d&rsquo;un nouveau processus concernant la moulage Marcello Nizzoli con\u00e7oit un rev\u00eatement tr\u00e8s plastique et une forme esth\u00e9tiquement continue qui est mise en \u00e9vidence par des courbes et des lignes arrondies: la conception d&rsquo;un conteneur dans lequel [&hellip;]\" \/>\n<meta property=\"og:url\" content=\"https:\/\/artantica.hyst.eu\/fr\/olivetti-lexikon-80\/\" \/>\n<meta property=\"og:site_name\" content=\"ArtAntica\" \/>\n<meta property=\"article:modified_time\" content=\"2017-10-03T10:56:07+00:00\" \/>\n<meta name=\"twitter:card\" content=\"summary\" \/>\n<meta name=\"twitter:label1\" content=\"Dur\u00e9e de lecture estim\u00e9e\" \/>\n\t<meta name=\"twitter:data1\" content=\"2 minutes\" \/>\n<script type=\"application\/ld+json\" class=\"yoast-schema-graph\">{\"@context\":\"https:\/\/schema.org\",\"@graph\":[{\"@type\":\"WebSite\",\"@id\":\"https:\/\/artantica.hyst.eu\/fr\/#website\",\"url\":\"https:\/\/artantica.hyst.eu\/fr\/\",\"name\":\"ArtAntica\",\"description\":\"Just another Multisite SxA site\",\"potentialAction\":[{\"@type\":\"SearchAction\",\"target\":{\"@type\":\"EntryPoint\",\"urlTemplate\":\"https:\/\/artantica.hyst.eu\/fr\/?s={search_term_string}\"},\"query-input\":\"required name=search_term_string\"}],\"inLanguage\":\"fr-FR\"},{\"@type\":\"WebPage\",\"@id\":\"https:\/\/artantica.hyst.eu\/fr\/olivetti-lexikon-80\/#webpage\",\"url\":\"https:\/\/artantica.hyst.eu\/fr\/olivetti-lexikon-80\/\",\"name\":\"Olivetti Lexikon 80 &middot; ArtAntica\",\"isPartOf\":{\"@id\":\"https:\/\/artantica.hyst.eu\/fr\/#website\"},\"datePublished\":\"2017-01-25T15:01:30+00:00\",\"dateModified\":\"2017-10-03T10:56:07+00:00\",\"breadcrumb\":{\"@id\":\"https:\/\/artantica.hyst.eu\/fr\/olivetti-lexikon-80\/#breadcrumb\"},\"inLanguage\":\"fr-FR\",\"potentialAction\":[{\"@type\":\"ReadAction\",\"target\":[\"https:\/\/artantica.hyst.eu\/fr\/olivetti-lexikon-80\/\"]}]},{\"@type\":\"BreadcrumbList\",\"@id\":\"https:\/\/artantica.hyst.eu\/fr\/olivetti-lexikon-80\/#breadcrumb\",\"itemListElement\":[{\"@type\":\"ListItem\",\"position\":1,\"name\":\"Home\",\"item\":\"https:\/\/artantica.hyst.eu\/\"},{\"@type\":\"ListItem\",\"position\":2,\"name\":\"Olivetti Lexikon 80\"}]}]}<\/script>\n<!-- \/ Yoast SEO plugin. -->","yoast_head_json":{"title":"Olivetti Lexikon 80 &middot; ArtAntica","robots":{"index":"index","follow":"follow","max-snippet":"max-snippet:-1","max-image-preview":"max-image-preview:large","max-video-preview":"max-video-preview:-1"},"canonical":"https:\/\/artantica.hyst.eu\/fr\/olivetti-lexikon-80\/","og_locale":"fr_FR","og_type":"article","og_title":"Olivetti Lexikon 80 &middot; ArtAntica","og_description":"Le Lexikon 80, dessin\u00e9e par Marcello Nizzoli et con\u00e7ue par Giuseppe Beccio, en production en 1948-1949. Merci \u00e0 l&rsquo;introduction d&rsquo;un nouveau processus concernant la moulage Marcello Nizzoli con\u00e7oit un rev\u00eatement tr\u00e8s plastique et une forme esth\u00e9tiquement continue qui est mise en \u00e9vidence par des courbes et des lignes arrondies: la conception d&rsquo;un conteneur dans lequel [&hellip;]","og_url":"https:\/\/artantica.hyst.eu\/fr\/olivetti-lexikon-80\/","og_site_name":"ArtAntica","article_modified_time":"2017-10-03T10:56:07+00:00","twitter_card":"summary","twitter_misc":{"Dur\u00e9e de lecture estim\u00e9e":"2 minutes"},"schema":{"@context":"https:\/\/schema.org","@graph":[{"@type":"WebSite","@id":"https:\/\/artantica.hyst.eu\/fr\/#website","url":"https:\/\/artantica.hyst.eu\/fr\/","name":"ArtAntica","description":"Just another Multisite SxA site","potentialAction":[{"@type":"SearchAction","target":{"@type":"EntryPoint","urlTemplate":"https:\/\/artantica.hyst.eu\/fr\/?s={search_term_string}"},"query-input":"required name=search_term_string"}],"inLanguage":"fr-FR"},{"@type":"WebPage","@id":"https:\/\/artantica.hyst.eu\/fr\/olivetti-lexikon-80\/#webpage","url":"https:\/\/artantica.hyst.eu\/fr\/olivetti-lexikon-80\/","name":"Olivetti Lexikon 80 &middot; ArtAntica","isPartOf":{"@id":"https:\/\/artantica.hyst.eu\/fr\/#website"},"datePublished":"2017-01-25T15:01:30+00:00","dateModified":"2017-10-03T10:56:07+00:00","breadcrumb":{"@id":"https:\/\/artantica.hyst.eu\/fr\/olivetti-lexikon-80\/#breadcrumb"},"inLanguage":"fr-FR","potentialAction":[{"@type":"ReadAction","target":["https:\/\/artantica.hyst.eu\/fr\/olivetti-lexikon-80\/"]}]},{"@type":"BreadcrumbList","@id":"https:\/\/artantica.hyst.eu\/fr\/olivetti-lexikon-80\/#breadcrumb","itemListElement":[{"@type":"ListItem","position":1,"name":"Home","item":"https:\/\/artantica.hyst.eu\/"},{"@type":"ListItem","position":2,"name":"Olivetti Lexikon 80"}]}]}},"_links":{"self":[{"href":"https:\/\/artantica.hyst.eu\/fr\/wp-json\/wp\/v2\/pages\/708"}],"collection":[{"href":"https:\/\/artantica.hyst.eu\/fr\/wp-json\/wp\/v2\/pages"}],"about":[{"href":"https:\/\/artantica.hyst.eu\/fr\/wp-json\/wp\/v2\/types\/page"}],"author":[{"embeddable":true,"href":"https:\/\/artantica.hyst.eu\/fr\/wp-json\/wp\/v2\/users\/80"}],"replies":[{"embeddable":true,"href":"https:\/\/artantica.hyst.eu\/fr\/wp-json\/wp\/v2\/comments?post=708"}],"version-history":[{"count":3,"href":"https:\/\/artantica.hyst.eu\/fr\/wp-json\/wp\/v2\/pages\/708\/revisions"}],"predecessor-version":[{"id":1039,"href":"https:\/\/artantica.hyst.eu\/fr\/wp-json\/wp\/v2\/pages\/708\/revisions\/1039"}],"wp:attachment":[{"href":"https:\/\/artantica.hyst.eu\/fr\/wp-json\/wp\/v2\/media?parent=708"}],"curies":[{"name":"wp","href":"https:\/\/api.w.org\/{rel}","templated":true}]}}