{"id":702,"date":"2017-01-25T14:58:41","date_gmt":"2017-01-25T14:58:41","guid":{"rendered":"http:\/\/artantica.hyst.eu\/?page_id=702"},"modified":"2017-09-29T10:11:34","modified_gmt":"2017-09-29T10:11:34","slug":"olivetti-studio-42","status":"publish","type":"page","link":"https:\/\/artantica.hyst.eu\/fr\/olivetti-studio-42\/","title":{"rendered":"Olivetti Studio 42"},"content":{"rendered":"<p><!-- index.php -->\n<div\n\tclass=\"ngg-galleryoverview ngg-ajax-pagination-none\"\n\tid=\"ngg-gallery-5098fdfea4a5777f1ac5a3ea6b098f2c-1\">\n\n    \t\t<!-- Thumbnails -->\n\t\t\t\t<div id=\"ngg-image-0\" class=\"ngg-gallery-thumbnail-box\" >\n\t\t\t\t        <div class=\"ngg-gallery-thumbnail\">\n            <a href=\"https:\/\/artantica.hyst.eu\/wp-content\/uploads\/sites\/8\/nggallery\/olivetti-studio-42\/OlivettiStudio42_01.jpg\"\n               title=\"\"\n               data-src=\"https:\/\/artantica.hyst.eu\/wp-content\/uploads\/sites\/8\/nggallery\/olivetti-studio-42\/OlivettiStudio42_01.jpg\"\n               data-thumbnail=\"https:\/\/artantica.hyst.eu\/wp-content\/uploads\/sites\/8\/nggallery\/olivetti-studio-42\/thumbs\/thumbs_OlivettiStudio42_01.jpg\"\n               data-image-id=\"173\"\n               data-title=\"Olivetti Studio 42\"\n               data-description=\"\"\n               data-image-slug=\"olivettistudio42_01\"\n               class=\"ngg-fancybox\" rel=\"5098fdfea4a5777f1ac5a3ea6b098f2c\">\n                <img\n                    title=\"Olivetti Studio 42\"\n                    alt=\"Olivetti Studio 42\"\n                    src=\"https:\/\/artantica.hyst.eu\/wp-content\/uploads\/sites\/8\/nggallery\/olivetti-studio-42\/thumbs\/thumbs_OlivettiStudio42_01.jpg\"\n                    width=\"200\"\n                    height=\"120\"\n                    style=\"max-width:100%;\"\n                \/>\n            <\/a>\n        <\/div>\n\t\t\t\t\t\t\t<\/div> \n\t\t\t\n        \n\t\t\t\t<div id=\"ngg-image-1\" class=\"ngg-gallery-thumbnail-box\" >\n\t\t\t\t        <div class=\"ngg-gallery-thumbnail\">\n            <a href=\"https:\/\/artantica.hyst.eu\/wp-content\/uploads\/sites\/8\/nggallery\/olivetti-studio-42\/OlivettiStudio42_02.jpg\"\n               title=\"\"\n               data-src=\"https:\/\/artantica.hyst.eu\/wp-content\/uploads\/sites\/8\/nggallery\/olivetti-studio-42\/OlivettiStudio42_02.jpg\"\n               data-thumbnail=\"https:\/\/artantica.hyst.eu\/wp-content\/uploads\/sites\/8\/nggallery\/olivetti-studio-42\/thumbs\/thumbs_OlivettiStudio42_02.jpg\"\n               data-image-id=\"174\"\n               data-title=\"Olivetti Studio 42\"\n               data-description=\"\"\n               data-image-slug=\"olivettistudio42_02\"\n               class=\"ngg-fancybox\" rel=\"5098fdfea4a5777f1ac5a3ea6b098f2c\">\n                <img\n                    title=\"Olivetti Studio 42\"\n                    alt=\"Olivetti Studio 42\"\n                    src=\"https:\/\/artantica.hyst.eu\/wp-content\/uploads\/sites\/8\/nggallery\/olivetti-studio-42\/thumbs\/thumbs_OlivettiStudio42_02.jpg\"\n                    width=\"200\"\n                    height=\"120\"\n                    style=\"max-width:100%;\"\n                \/>\n            <\/a>\n        <\/div>\n\t\t\t\t\t\t\t<\/div> \n\t\t\t\n        \n\t\t\t\t<div id=\"ngg-image-2\" class=\"ngg-gallery-thumbnail-box\" >\n\t\t\t\t        <div class=\"ngg-gallery-thumbnail\">\n            <a href=\"https:\/\/artantica.hyst.eu\/wp-content\/uploads\/sites\/8\/nggallery\/olivetti-studio-42\/OlivettiStudio42_03.jpg\"\n               title=\"\"\n               data-src=\"https:\/\/artantica.hyst.eu\/wp-content\/uploads\/sites\/8\/nggallery\/olivetti-studio-42\/OlivettiStudio42_03.jpg\"\n               data-thumbnail=\"https:\/\/artantica.hyst.eu\/wp-content\/uploads\/sites\/8\/nggallery\/olivetti-studio-42\/thumbs\/thumbs_OlivettiStudio42_03.jpg\"\n               data-image-id=\"175\"\n               data-title=\"Olivetti Studio 42\"\n               data-description=\"\"\n               data-image-slug=\"olivettistudio42_03\"\n               class=\"ngg-fancybox\" rel=\"5098fdfea4a5777f1ac5a3ea6b098f2c\">\n                <img\n                    title=\"Olivetti Studio 42\"\n                    alt=\"Olivetti Studio 42\"\n                    src=\"https:\/\/artantica.hyst.eu\/wp-content\/uploads\/sites\/8\/nggallery\/olivetti-studio-42\/thumbs\/thumbs_OlivettiStudio42_03.jpg\"\n                    width=\"200\"\n                    height=\"120\"\n                    style=\"max-width:100%;\"\n                \/>\n            <\/a>\n        <\/div>\n\t\t\t\t\t\t\t<\/div> \n\t\t\t\n        \n\t\t\n\t\t<!-- Pagination -->\n\t<div class='ngg-clear'><\/div>\t<\/div>\n<\/p>\n<p>Lors de la conception de la machine \u00e0 \u00e9crire studio 42, qui a dur\u00e9 environ trois ans, il travaille un groupe diversifi\u00e9, form\u00e9 par l&rsquo;ing\u00e9nieur Ottavio Luzzati pour la partie m\u00e9canique et les architectes Figini et Pollini et le peintre Xanti Schawinsky pour le corps.<\/p>\n<p>Studio 42 sort en 1935 est la premi\u00e8re machine \u00e0 \u00e9crire Olivetti cat\u00e9gorie semistandard, interm\u00e9diaire entre professionnels et portable.<\/p>\n<p>Le projet vise \u00e0 r\u00e9duire la taille de la machine par l&#8217;embo\u00eetage du rouleau et le tambour avec des marteaux, pour faciliter leur utilisation par une \u00e9tude minutieuse de l&rsquo;instrument, et de rendre son aspect formel plus agr\u00e9able.<\/p>\n<p><strong>Informations techniques<\/strong><\/p>\n<table class=\"info\">\n<tbody>\n<tr>\n<th>La technologie<\/th>\n<td>m\u00e9canique<\/td>\n<\/tr>\n<tr>\n<th>Op\u00e9ration<\/th>\n<td>manuelle<\/td>\n<\/tr>\n<tr>\n<th>Clavier<\/th>\n<td>43 touches correspondant aux 86 signes<\/td>\n<\/tr>\n<tr>\n<th>\u00c9l\u00e9ment d&rsquo;\u00e9criture<\/th>\n<td>marteaux apporte des caract\u00e8res<\/td>\n<\/tr>\n<tr>\n<th>Interlignes<\/th>\n<td>3 positions plus 0<\/td>\n<\/tr>\n<tr>\n<th>Corps<\/th>\n<td>M\u00e9tallique<\/td>\n<\/tr>\n<tr>\n<th>Pour piler<\/th>\n<td>present<\/td>\n<\/tr>\n<tr>\n<th>couleurs<\/th>\n<td>brillantes noir, martel\u00e9 noir, rouge, bleu, bleu clair, brun, vert, gris, beige, ivoire<\/td>\n<\/tr>\n<tr>\n<th>Dimensions<\/th>\n<td>largeur: cm 29<br \/>\n            profondeur: cm 34<br \/>\n            hauteur: cm 13,5<\/td>\n<\/tr>\n<tr>\n<th>Poids<\/th>\n<td>7 kg<\/td>\n<\/tr>\n<tr>\n<th>La production<\/th>\n<td>en 1935<\/td>\n<\/tr>\n<tr>\n<th>Projet m\u00e9canique<\/th>\n<td>O. Luzzati<\/td>\n<\/tr>\n<tr>\n<th>Design<\/th>\n<td>X. Shawinsky, L. Figini, G. Pollini<\/td>\n<\/tr>\n<\/tbody>\n<\/table>\n<p><\/p>","protected":false},"excerpt":{"rendered":"<p>Lors de la conception de la machine \u00e0 \u00e9crire studio 42, qui a dur\u00e9 environ trois ans, il travaille un groupe diversifi\u00e9, form\u00e9 par l&rsquo;ing\u00e9nieur Ottavio Luzzati pour la partie m\u00e9canique et les architectes Figini et Pollini et le peintre Xanti Schawinsky pour le corps. Studio 42 sort en 1935 est la premi\u00e8re machine \u00e0 [&hellip;]<\/p>\n","protected":false},"author":80,"featured_media":0,"parent":0,"menu_order":0,"comment_status":"closed","ping_status":"closed","template":"","meta":{"om_disable_all_campaigns":false,"_monsterinsights_skip_tracking":false,"_monsterinsights_sitenote_active":false,"_monsterinsights_sitenote_note":"","_monsterinsights_sitenote_category":0,"ngg_post_thumbnail":0,"spay_email":""},"yoast_head":"<!-- This site is optimized with the Yoast SEO plugin v18.4.1 - https:\/\/yoast.com\/wordpress\/plugins\/seo\/ -->\n<title>Olivetti Studio 42 &middot; ArtAntica<\/title>\n<meta name=\"robots\" content=\"index, follow, max-snippet:-1, max-image-preview:large, max-video-preview:-1\" \/>\n<link rel=\"canonical\" href=\"https:\/\/artantica.hyst.eu\/fr\/olivetti-studio-42\/\" \/>\n<meta property=\"og:locale\" content=\"fr_FR\" \/>\n<meta property=\"og:type\" content=\"article\" \/>\n<meta property=\"og:title\" content=\"Olivetti Studio 42 &middot; ArtAntica\" \/>\n<meta property=\"og:description\" content=\"Lors de la conception de la machine \u00e0 \u00e9crire studio 42, qui a dur\u00e9 environ trois ans, il travaille un groupe diversifi\u00e9, form\u00e9 par l&rsquo;ing\u00e9nieur Ottavio Luzzati pour la partie m\u00e9canique et les architectes Figini et Pollini et le peintre Xanti Schawinsky pour le corps. Studio 42 sort en 1935 est la premi\u00e8re machine \u00e0 [&hellip;]\" \/>\n<meta property=\"og:url\" content=\"https:\/\/artantica.hyst.eu\/fr\/olivetti-studio-42\/\" \/>\n<meta property=\"og:site_name\" content=\"ArtAntica\" \/>\n<meta property=\"article:modified_time\" content=\"2017-09-29T10:11:34+00:00\" \/>\n<meta name=\"twitter:card\" content=\"summary\" \/>\n<meta name=\"twitter:label1\" content=\"Dur\u00e9e de lecture estim\u00e9e\" \/>\n\t<meta name=\"twitter:data1\" content=\"2 minutes\" \/>\n<script type=\"application\/ld+json\" class=\"yoast-schema-graph\">{\"@context\":\"https:\/\/schema.org\",\"@graph\":[{\"@type\":\"WebSite\",\"@id\":\"https:\/\/artantica.hyst.eu\/fr\/#website\",\"url\":\"https:\/\/artantica.hyst.eu\/fr\/\",\"name\":\"ArtAntica\",\"description\":\"Just another Multisite SxA site\",\"potentialAction\":[{\"@type\":\"SearchAction\",\"target\":{\"@type\":\"EntryPoint\",\"urlTemplate\":\"https:\/\/artantica.hyst.eu\/fr\/?s={search_term_string}\"},\"query-input\":\"required name=search_term_string\"}],\"inLanguage\":\"fr-FR\"},{\"@type\":\"WebPage\",\"@id\":\"https:\/\/artantica.hyst.eu\/fr\/olivetti-studio-42\/#webpage\",\"url\":\"https:\/\/artantica.hyst.eu\/fr\/olivetti-studio-42\/\",\"name\":\"Olivetti Studio 42 &middot; ArtAntica\",\"isPartOf\":{\"@id\":\"https:\/\/artantica.hyst.eu\/fr\/#website\"},\"datePublished\":\"2017-01-25T14:58:41+00:00\",\"dateModified\":\"2017-09-29T10:11:34+00:00\",\"breadcrumb\":{\"@id\":\"https:\/\/artantica.hyst.eu\/fr\/olivetti-studio-42\/#breadcrumb\"},\"inLanguage\":\"fr-FR\",\"potentialAction\":[{\"@type\":\"ReadAction\",\"target\":[\"https:\/\/artantica.hyst.eu\/fr\/olivetti-studio-42\/\"]}]},{\"@type\":\"BreadcrumbList\",\"@id\":\"https:\/\/artantica.hyst.eu\/fr\/olivetti-studio-42\/#breadcrumb\",\"itemListElement\":[{\"@type\":\"ListItem\",\"position\":1,\"name\":\"Home\",\"item\":\"https:\/\/artantica.hyst.eu\/\"},{\"@type\":\"ListItem\",\"position\":2,\"name\":\"Olivetti Studio 42\"}]}]}<\/script>\n<!-- \/ Yoast SEO plugin. -->","yoast_head_json":{"title":"Olivetti Studio 42 &middot; ArtAntica","robots":{"index":"index","follow":"follow","max-snippet":"max-snippet:-1","max-image-preview":"max-image-preview:large","max-video-preview":"max-video-preview:-1"},"canonical":"https:\/\/artantica.hyst.eu\/fr\/olivetti-studio-42\/","og_locale":"fr_FR","og_type":"article","og_title":"Olivetti Studio 42 &middot; ArtAntica","og_description":"Lors de la conception de la machine \u00e0 \u00e9crire studio 42, qui a dur\u00e9 environ trois ans, il travaille un groupe diversifi\u00e9, form\u00e9 par l&rsquo;ing\u00e9nieur Ottavio Luzzati pour la partie m\u00e9canique et les architectes Figini et Pollini et le peintre Xanti Schawinsky pour le corps. Studio 42 sort en 1935 est la premi\u00e8re machine \u00e0 [&hellip;]","og_url":"https:\/\/artantica.hyst.eu\/fr\/olivetti-studio-42\/","og_site_name":"ArtAntica","article_modified_time":"2017-09-29T10:11:34+00:00","twitter_card":"summary","twitter_misc":{"Dur\u00e9e de lecture estim\u00e9e":"2 minutes"},"schema":{"@context":"https:\/\/schema.org","@graph":[{"@type":"WebSite","@id":"https:\/\/artantica.hyst.eu\/fr\/#website","url":"https:\/\/artantica.hyst.eu\/fr\/","name":"ArtAntica","description":"Just another Multisite SxA site","potentialAction":[{"@type":"SearchAction","target":{"@type":"EntryPoint","urlTemplate":"https:\/\/artantica.hyst.eu\/fr\/?s={search_term_string}"},"query-input":"required name=search_term_string"}],"inLanguage":"fr-FR"},{"@type":"WebPage","@id":"https:\/\/artantica.hyst.eu\/fr\/olivetti-studio-42\/#webpage","url":"https:\/\/artantica.hyst.eu\/fr\/olivetti-studio-42\/","name":"Olivetti Studio 42 &middot; ArtAntica","isPartOf":{"@id":"https:\/\/artantica.hyst.eu\/fr\/#website"},"datePublished":"2017-01-25T14:58:41+00:00","dateModified":"2017-09-29T10:11:34+00:00","breadcrumb":{"@id":"https:\/\/artantica.hyst.eu\/fr\/olivetti-studio-42\/#breadcrumb"},"inLanguage":"fr-FR","potentialAction":[{"@type":"ReadAction","target":["https:\/\/artantica.hyst.eu\/fr\/olivetti-studio-42\/"]}]},{"@type":"BreadcrumbList","@id":"https:\/\/artantica.hyst.eu\/fr\/olivetti-studio-42\/#breadcrumb","itemListElement":[{"@type":"ListItem","position":1,"name":"Home","item":"https:\/\/artantica.hyst.eu\/"},{"@type":"ListItem","position":2,"name":"Olivetti Studio 42"}]}]}},"_links":{"self":[{"href":"https:\/\/artantica.hyst.eu\/fr\/wp-json\/wp\/v2\/pages\/702"}],"collection":[{"href":"https:\/\/artantica.hyst.eu\/fr\/wp-json\/wp\/v2\/pages"}],"about":[{"href":"https:\/\/artantica.hyst.eu\/fr\/wp-json\/wp\/v2\/types\/page"}],"author":[{"embeddable":true,"href":"https:\/\/artantica.hyst.eu\/fr\/wp-json\/wp\/v2\/users\/80"}],"replies":[{"embeddable":true,"href":"https:\/\/artantica.hyst.eu\/fr\/wp-json\/wp\/v2\/comments?post=702"}],"version-history":[{"count":3,"href":"https:\/\/artantica.hyst.eu\/fr\/wp-json\/wp\/v2\/pages\/702\/revisions"}],"predecessor-version":[{"id":992,"href":"https:\/\/artantica.hyst.eu\/fr\/wp-json\/wp\/v2\/pages\/702\/revisions\/992"}],"wp:attachment":[{"href":"https:\/\/artantica.hyst.eu\/fr\/wp-json\/wp\/v2\/media?parent=702"}],"curies":[{"name":"wp","href":"https:\/\/api.w.org\/{rel}","templated":true}]}}