{"id":698,"date":"2017-01-25T14:56:35","date_gmt":"2017-01-25T14:56:35","guid":{"rendered":"http:\/\/artantica.hyst.eu\/?page_id=698"},"modified":"2017-10-03T10:54:45","modified_gmt":"2017-10-03T10:54:45","slug":"hermes-media-august-baggenstos-zurich","status":"publish","type":"page","link":"https:\/\/artantica.hyst.eu\/fr\/hermes-media-august-baggenstos-zurich\/","title":{"rendered":"Hermes M\u00e9dias August Baggenstos Zurich"},"content":{"rendered":"<p><!-- index.php -->\n<div\n\tclass=\"ngg-galleryoverview ngg-ajax-pagination-none\"\n\tid=\"ngg-gallery-e1122f7d1679f04ac9f54303dd5a822a-1\">\n\n    \t\t<!-- Thumbnails -->\n\t\t\t\t<div id=\"ngg-image-0\" class=\"ngg-gallery-thumbnail-box\" >\n\t\t\t\t        <div class=\"ngg-gallery-thumbnail\">\n            <a href=\"https:\/\/artantica.hyst.eu\/wp-content\/uploads\/sites\/8\/nggallery\/hermes-media-baggenstos\/HermesBaggenstos_01.jpg\"\n               title=\"\"\n               data-src=\"https:\/\/artantica.hyst.eu\/wp-content\/uploads\/sites\/8\/nggallery\/hermes-media-baggenstos\/HermesBaggenstos_01.jpg\"\n               data-thumbnail=\"https:\/\/artantica.hyst.eu\/wp-content\/uploads\/sites\/8\/nggallery\/hermes-media-baggenstos\/thumbs\/thumbs_HermesBaggenstos_01.jpg\"\n               data-image-id=\"162\"\n               data-title=\"Hermes Media Baggenstos\"\n               data-description=\"\"\n               data-image-slug=\"hermesbaggenstos_01\"\n               class=\"ngg-fancybox\" rel=\"e1122f7d1679f04ac9f54303dd5a822a\">\n                <img\n                    title=\"Hermes Media Baggenstos\"\n                    alt=\"Hermes Media Baggenstos\"\n                    src=\"https:\/\/artantica.hyst.eu\/wp-content\/uploads\/sites\/8\/nggallery\/hermes-media-baggenstos\/thumbs\/thumbs_HermesBaggenstos_01.jpg\"\n                    width=\"200\"\n                    height=\"120\"\n                    style=\"max-width:100%;\"\n                \/>\n            <\/a>\n        <\/div>\n\t\t\t\t\t\t\t<\/div> \n\t\t\t\n        \n\t\t\t\t<div id=\"ngg-image-1\" class=\"ngg-gallery-thumbnail-box\" >\n\t\t\t\t        <div class=\"ngg-gallery-thumbnail\">\n            <a href=\"https:\/\/artantica.hyst.eu\/wp-content\/uploads\/sites\/8\/nggallery\/hermes-media-baggenstos\/HermesBaggenstos_02.jpg\"\n               title=\"\"\n               data-src=\"https:\/\/artantica.hyst.eu\/wp-content\/uploads\/sites\/8\/nggallery\/hermes-media-baggenstos\/HermesBaggenstos_02.jpg\"\n               data-thumbnail=\"https:\/\/artantica.hyst.eu\/wp-content\/uploads\/sites\/8\/nggallery\/hermes-media-baggenstos\/thumbs\/thumbs_HermesBaggenstos_02.jpg\"\n               data-image-id=\"163\"\n               data-title=\"Hermes Media Baggenstos\"\n               data-description=\"\"\n               data-image-slug=\"hermesbaggenstos_02\"\n               class=\"ngg-fancybox\" rel=\"e1122f7d1679f04ac9f54303dd5a822a\">\n                <img\n                    title=\"Hermes Media Baggenstos\"\n                    alt=\"Hermes Media Baggenstos\"\n                    src=\"https:\/\/artantica.hyst.eu\/wp-content\/uploads\/sites\/8\/nggallery\/hermes-media-baggenstos\/thumbs\/thumbs_HermesBaggenstos_02.jpg\"\n                    width=\"200\"\n                    height=\"120\"\n                    style=\"max-width:100%;\"\n                \/>\n            <\/a>\n        <\/div>\n\t\t\t\t\t\t\t<\/div> \n\t\t\t\n        \n\t\t\t\t<div id=\"ngg-image-2\" class=\"ngg-gallery-thumbnail-box\" >\n\t\t\t\t        <div class=\"ngg-gallery-thumbnail\">\n            <a href=\"https:\/\/artantica.hyst.eu\/wp-content\/uploads\/sites\/8\/nggallery\/hermes-media-baggenstos\/HermesBaggenstos_03.jpg\"\n               title=\"\"\n               data-src=\"https:\/\/artantica.hyst.eu\/wp-content\/uploads\/sites\/8\/nggallery\/hermes-media-baggenstos\/HermesBaggenstos_03.jpg\"\n               data-thumbnail=\"https:\/\/artantica.hyst.eu\/wp-content\/uploads\/sites\/8\/nggallery\/hermes-media-baggenstos\/thumbs\/thumbs_HermesBaggenstos_03.jpg\"\n               data-image-id=\"164\"\n               data-title=\"Hermes Media Baggenstos\"\n               data-description=\"\"\n               data-image-slug=\"hermesbaggenstos_03\"\n               class=\"ngg-fancybox\" rel=\"e1122f7d1679f04ac9f54303dd5a822a\">\n                <img\n                    title=\"Hermes Media Baggenstos\"\n                    alt=\"Hermes Media Baggenstos\"\n                    src=\"https:\/\/artantica.hyst.eu\/wp-content\/uploads\/sites\/8\/nggallery\/hermes-media-baggenstos\/thumbs\/thumbs_HermesBaggenstos_03.jpg\"\n                    width=\"200\"\n                    height=\"120\"\n                    style=\"max-width:100%;\"\n                \/>\n            <\/a>\n        <\/div>\n\t\t\t\t\t\t\t<\/div> \n\t\t\t\n        \n\t\t\t\t<div id=\"ngg-image-3\" class=\"ngg-gallery-thumbnail-box\" >\n\t\t\t\t        <div class=\"ngg-gallery-thumbnail\">\n            <a href=\"https:\/\/artantica.hyst.eu\/wp-content\/uploads\/sites\/8\/nggallery\/hermes-media-baggenstos\/HermesBaggenstos_04.jpg\"\n               title=\"\"\n               data-src=\"https:\/\/artantica.hyst.eu\/wp-content\/uploads\/sites\/8\/nggallery\/hermes-media-baggenstos\/HermesBaggenstos_04.jpg\"\n               data-thumbnail=\"https:\/\/artantica.hyst.eu\/wp-content\/uploads\/sites\/8\/nggallery\/hermes-media-baggenstos\/thumbs\/thumbs_HermesBaggenstos_04.jpg\"\n               data-image-id=\"165\"\n               data-title=\"Hermes Media Baggenstos\"\n               data-description=\"\"\n               data-image-slug=\"hermesbaggenstos_04\"\n               class=\"ngg-fancybox\" rel=\"e1122f7d1679f04ac9f54303dd5a822a\">\n                <img\n                    title=\"Hermes Media Baggenstos\"\n                    alt=\"Hermes Media Baggenstos\"\n                    src=\"https:\/\/artantica.hyst.eu\/wp-content\/uploads\/sites\/8\/nggallery\/hermes-media-baggenstos\/thumbs\/thumbs_HermesBaggenstos_04.jpg\"\n                    width=\"200\"\n                    height=\"120\"\n                    style=\"max-width:100%;\"\n                \/>\n            <\/a>\n        <\/div>\n\t\t\t\t\t\t\t<\/div> \n\t\t\t\n        \n\t\t\t\t<div id=\"ngg-image-4\" class=\"ngg-gallery-thumbnail-box\" >\n\t\t\t\t        <div class=\"ngg-gallery-thumbnail\">\n            <a href=\"https:\/\/artantica.hyst.eu\/wp-content\/uploads\/sites\/8\/nggallery\/hermes-media-baggenstos\/HermesBaggenstos_05.jpg\"\n               title=\"\"\n               data-src=\"https:\/\/artantica.hyst.eu\/wp-content\/uploads\/sites\/8\/nggallery\/hermes-media-baggenstos\/HermesBaggenstos_05.jpg\"\n               data-thumbnail=\"https:\/\/artantica.hyst.eu\/wp-content\/uploads\/sites\/8\/nggallery\/hermes-media-baggenstos\/thumbs\/thumbs_HermesBaggenstos_05.jpg\"\n               data-image-id=\"166\"\n               data-title=\"Hermes Media Baggenstos\"\n               data-description=\"\"\n               data-image-slug=\"hermesbaggenstos_05\"\n               class=\"ngg-fancybox\" rel=\"e1122f7d1679f04ac9f54303dd5a822a\">\n                <img\n                    title=\"Hermes Media Baggenstos\"\n                    alt=\"Hermes Media Baggenstos\"\n                    src=\"https:\/\/artantica.hyst.eu\/wp-content\/uploads\/sites\/8\/nggallery\/hermes-media-baggenstos\/thumbs\/thumbs_HermesBaggenstos_05.jpg\"\n                    width=\"200\"\n                    height=\"120\"\n                    style=\"max-width:100%;\"\n                \/>\n            <\/a>\n        <\/div>\n\t\t\t\t\t\t\t<\/div> \n\t\t\t\n        \n\t\t\t\t<div id=\"ngg-image-5\" class=\"ngg-gallery-thumbnail-box\" >\n\t\t\t\t        <div class=\"ngg-gallery-thumbnail\">\n            <a href=\"https:\/\/artantica.hyst.eu\/wp-content\/uploads\/sites\/8\/nggallery\/hermes-media-baggenstos\/HermesBaggenstos_06.jpg\"\n               title=\"\"\n               data-src=\"https:\/\/artantica.hyst.eu\/wp-content\/uploads\/sites\/8\/nggallery\/hermes-media-baggenstos\/HermesBaggenstos_06.jpg\"\n               data-thumbnail=\"https:\/\/artantica.hyst.eu\/wp-content\/uploads\/sites\/8\/nggallery\/hermes-media-baggenstos\/thumbs\/thumbs_HermesBaggenstos_06.jpg\"\n               data-image-id=\"167\"\n               data-title=\"Hermes Media Baggenstos\"\n               data-description=\"\"\n               data-image-slug=\"hermesbaggenstos_06\"\n               class=\"ngg-fancybox\" rel=\"e1122f7d1679f04ac9f54303dd5a822a\">\n                <img\n                    title=\"Hermes Media Baggenstos\"\n                    alt=\"Hermes Media Baggenstos\"\n                    src=\"https:\/\/artantica.hyst.eu\/wp-content\/uploads\/sites\/8\/nggallery\/hermes-media-baggenstos\/thumbs\/thumbs_HermesBaggenstos_06.jpg\"\n                    width=\"200\"\n                    height=\"120\"\n                    style=\"max-width:100%;\"\n                \/>\n            <\/a>\n        <\/div>\n\t\t\t\t\t\t\t<\/div> \n\t\t\t\n        \n\t\t\t\t<div id=\"ngg-image-6\" class=\"ngg-gallery-thumbnail-box\" >\n\t\t\t\t        <div class=\"ngg-gallery-thumbnail\">\n            <a href=\"https:\/\/artantica.hyst.eu\/wp-content\/uploads\/sites\/8\/nggallery\/hermes-media-baggenstos\/HermesBaggenstos_07.jpg\"\n               title=\"\"\n               data-src=\"https:\/\/artantica.hyst.eu\/wp-content\/uploads\/sites\/8\/nggallery\/hermes-media-baggenstos\/HermesBaggenstos_07.jpg\"\n               data-thumbnail=\"https:\/\/artantica.hyst.eu\/wp-content\/uploads\/sites\/8\/nggallery\/hermes-media-baggenstos\/thumbs\/thumbs_HermesBaggenstos_07.jpg\"\n               data-image-id=\"168\"\n               data-title=\"Hermes Media Baggenstos\"\n               data-description=\"\"\n               data-image-slug=\"hermesbaggenstos_07\"\n               class=\"ngg-fancybox\" rel=\"e1122f7d1679f04ac9f54303dd5a822a\">\n                <img\n                    title=\"Hermes Media Baggenstos\"\n                    alt=\"Hermes Media Baggenstos\"\n                    src=\"https:\/\/artantica.hyst.eu\/wp-content\/uploads\/sites\/8\/nggallery\/hermes-media-baggenstos\/thumbs\/thumbs_HermesBaggenstos_07.jpg\"\n                    width=\"200\"\n                    height=\"120\"\n                    style=\"max-width:100%;\"\n                \/>\n            <\/a>\n        <\/div>\n\t\t\t\t\t\t\t<\/div> \n\t\t\t\n        \n\t\t\t\t<div id=\"ngg-image-7\" class=\"ngg-gallery-thumbnail-box\" >\n\t\t\t\t        <div class=\"ngg-gallery-thumbnail\">\n            <a href=\"https:\/\/artantica.hyst.eu\/wp-content\/uploads\/sites\/8\/nggallery\/hermes-media-baggenstos\/HermesBaggenstos_08.jpg\"\n               title=\"\"\n               data-src=\"https:\/\/artantica.hyst.eu\/wp-content\/uploads\/sites\/8\/nggallery\/hermes-media-baggenstos\/HermesBaggenstos_08.jpg\"\n               data-thumbnail=\"https:\/\/artantica.hyst.eu\/wp-content\/uploads\/sites\/8\/nggallery\/hermes-media-baggenstos\/thumbs\/thumbs_HermesBaggenstos_08.jpg\"\n               data-image-id=\"169\"\n               data-title=\"Hermes Media Baggenstos\"\n               data-description=\"\"\n               data-image-slug=\"hermesbaggenstos_08\"\n               class=\"ngg-fancybox\" rel=\"e1122f7d1679f04ac9f54303dd5a822a\">\n                <img\n                    title=\"Hermes Media Baggenstos\"\n                    alt=\"Hermes Media Baggenstos\"\n                    src=\"https:\/\/artantica.hyst.eu\/wp-content\/uploads\/sites\/8\/nggallery\/hermes-media-baggenstos\/thumbs\/thumbs_HermesBaggenstos_08.jpg\"\n                    width=\"200\"\n                    height=\"120\"\n                    style=\"max-width:100%;\"\n                \/>\n            <\/a>\n        <\/div>\n\t\t\t\t\t\t\t<\/div> \n\t\t\t\n        \n\t\t\t\t<div id=\"ngg-image-8\" class=\"ngg-gallery-thumbnail-box\" >\n\t\t\t\t        <div class=\"ngg-gallery-thumbnail\">\n            <a href=\"https:\/\/artantica.hyst.eu\/wp-content\/uploads\/sites\/8\/nggallery\/hermes-media-baggenstos\/HermesBaggenstos_09.jpg\"\n               title=\"\"\n               data-src=\"https:\/\/artantica.hyst.eu\/wp-content\/uploads\/sites\/8\/nggallery\/hermes-media-baggenstos\/HermesBaggenstos_09.jpg\"\n               data-thumbnail=\"https:\/\/artantica.hyst.eu\/wp-content\/uploads\/sites\/8\/nggallery\/hermes-media-baggenstos\/thumbs\/thumbs_HermesBaggenstos_09.jpg\"\n               data-image-id=\"170\"\n               data-title=\"Hermes Media Baggenstos\"\n               data-description=\"\"\n               data-image-slug=\"hermesbaggenstos_09\"\n               class=\"ngg-fancybox\" rel=\"e1122f7d1679f04ac9f54303dd5a822a\">\n                <img\n                    title=\"Hermes Media Baggenstos\"\n                    alt=\"Hermes Media Baggenstos\"\n                    src=\"https:\/\/artantica.hyst.eu\/wp-content\/uploads\/sites\/8\/nggallery\/hermes-media-baggenstos\/thumbs\/thumbs_HermesBaggenstos_09.jpg\"\n                    width=\"200\"\n                    height=\"120\"\n                    style=\"max-width:100%;\"\n                \/>\n            <\/a>\n        <\/div>\n\t\t\t\t\t\t\t<\/div> \n\t\t\t\n        \n\t\t\t\t<div id=\"ngg-image-9\" class=\"ngg-gallery-thumbnail-box\" >\n\t\t\t\t        <div class=\"ngg-gallery-thumbnail\">\n            <a href=\"https:\/\/artantica.hyst.eu\/wp-content\/uploads\/sites\/8\/nggallery\/hermes-media-baggenstos\/HermesBaggenstos_10.jpg\"\n               title=\"\"\n               data-src=\"https:\/\/artantica.hyst.eu\/wp-content\/uploads\/sites\/8\/nggallery\/hermes-media-baggenstos\/HermesBaggenstos_10.jpg\"\n               data-thumbnail=\"https:\/\/artantica.hyst.eu\/wp-content\/uploads\/sites\/8\/nggallery\/hermes-media-baggenstos\/thumbs\/thumbs_HermesBaggenstos_10.jpg\"\n               data-image-id=\"171\"\n               data-title=\"Hermes Media Baggenstos\"\n               data-description=\"\"\n               data-image-slug=\"hermesbaggenstos_10\"\n               class=\"ngg-fancybox\" rel=\"e1122f7d1679f04ac9f54303dd5a822a\">\n                <img\n                    title=\"Hermes Media Baggenstos\"\n                    alt=\"Hermes Media Baggenstos\"\n                    src=\"https:\/\/artantica.hyst.eu\/wp-content\/uploads\/sites\/8\/nggallery\/hermes-media-baggenstos\/thumbs\/thumbs_HermesBaggenstos_10.jpg\"\n                    width=\"200\"\n                    height=\"120\"\n                    style=\"max-width:100%;\"\n                \/>\n            <\/a>\n        <\/div>\n\t\t\t\t\t\t\t<\/div> \n\t\t\t\n        \n\t\t\t\t<div id=\"ngg-image-10\" class=\"ngg-gallery-thumbnail-box\" >\n\t\t\t\t        <div class=\"ngg-gallery-thumbnail\">\n            <a href=\"https:\/\/artantica.hyst.eu\/wp-content\/uploads\/sites\/8\/nggallery\/hermes-media-baggenstos\/HermesBaggenstos_11.jpg\"\n               title=\"\"\n               data-src=\"https:\/\/artantica.hyst.eu\/wp-content\/uploads\/sites\/8\/nggallery\/hermes-media-baggenstos\/HermesBaggenstos_11.jpg\"\n               data-thumbnail=\"https:\/\/artantica.hyst.eu\/wp-content\/uploads\/sites\/8\/nggallery\/hermes-media-baggenstos\/thumbs\/thumbs_HermesBaggenstos_11.jpg\"\n               data-image-id=\"172\"\n               data-title=\"Hermes Media Baggenstos\"\n               data-description=\"\"\n               data-image-slug=\"hermesbaggenstos_11\"\n               class=\"ngg-fancybox\" rel=\"e1122f7d1679f04ac9f54303dd5a822a\">\n                <img\n                    title=\"Hermes Media Baggenstos\"\n                    alt=\"Hermes Media Baggenstos\"\n                    src=\"https:\/\/artantica.hyst.eu\/wp-content\/uploads\/sites\/8\/nggallery\/hermes-media-baggenstos\/thumbs\/thumbs_HermesBaggenstos_11.jpg\"\n                    width=\"200\"\n                    height=\"120\"\n                    style=\"max-width:100%;\"\n                \/>\n            <\/a>\n        <\/div>\n\t\t\t\t\t\t\t<\/div> \n\t\t\t\n        \n\t\t\n\t\t<!-- Pagination -->\n\t<div class='ngg-clear'><\/div>\t<\/div>\n<\/p>\n<p>Vieille machine \u00e0 \u00e9crire m\u00e9canique Hermes 4 datant 1930 pour les collectionneurs et les connaisseurs, avec \u00e9tui et brosse de nettoyage, parfait.<br \/>\nOriginal: ann\u00e9es 30  Mat\u00e9riel: m\u00e9tal, bak\u00e9lite.<br \/>\nAugust Baggenstos, agent g\u00e9n\u00e9ral de machines \u00e0 \u00e9crire Hermes en Suisse al\u00e9manique, a fond\u00e9 sa compagnie en Ao\u00fbt 1925, \u00e9tablissant d&rsquo;abord le si\u00e8ge \u00e0 Zurich.<br \/>\nLa Hermes, machines \u00e0 \u00e9crire, avait \u00e9galement une maison en Suisse fran\u00e7aise, fond\u00e9e \u00e0 Lausanne en 1911 par un pionnier de l&rsquo;industrie Louis-Marius Campiche.<br \/>\nAugust Baggenstos a \u00e9crit un article en 1960 sur sa collection de machines \u00e0 \u00e9crire \u00ab\u00a0Le d\u00e9veloppement technique de la machine \u00e0 \u00e9crire \u00bb pour le journal suisse \u00ab Neue Z\u00fcrcher Zeitung\u00a0\u00bb.<br \/>\nLe \u00ab\u00a0August Baggenstos\u00a0\u00bb est maintenant le \u00ab\u00a0Baggenstos IT Services et Solutions\u00a0\u00bb; soci\u00e9t\u00e9 encore entreprise familiale avec 70 employ\u00e9s, offre  des services de soins hautement sp\u00e9cialis\u00e9s en informatique en tant que Microsoft Partner et HP Gold. <\/p>","protected":false},"excerpt":{"rendered":"<p>Vieille machine \u00e0 \u00e9crire m\u00e9canique Hermes 4 datant 1930 pour les collectionneurs et les connaisseurs, avec \u00e9tui et brosse de nettoyage, parfait. Original: ann\u00e9es 30 Mat\u00e9riel: m\u00e9tal, bak\u00e9lite. August Baggenstos, agent g\u00e9n\u00e9ral de machines \u00e0 \u00e9crire Hermes en Suisse al\u00e9manique, a fond\u00e9 sa compagnie en Ao\u00fbt 1925, \u00e9tablissant d&rsquo;abord le si\u00e8ge \u00e0 Zurich. La Hermes, [&hellip;]<\/p>\n","protected":false},"author":80,"featured_media":0,"parent":0,"menu_order":0,"comment_status":"closed","ping_status":"closed","template":"","meta":{"om_disable_all_campaigns":false,"_monsterinsights_skip_tracking":false,"_monsterinsights_sitenote_active":false,"_monsterinsights_sitenote_note":"","_monsterinsights_sitenote_category":0,"ngg_post_thumbnail":0,"spay_email":""},"yoast_head":"<!-- This site is optimized with the Yoast SEO plugin v18.4.1 - https:\/\/yoast.com\/wordpress\/plugins\/seo\/ -->\n<title>Hermes M\u00e9dias August Baggenstos Zurich &middot; ArtAntica<\/title>\n<meta name=\"robots\" content=\"index, follow, max-snippet:-1, max-image-preview:large, max-video-preview:-1\" \/>\n<link rel=\"canonical\" href=\"https:\/\/artantica.hyst.eu\/fr\/hermes-media-august-baggenstos-zurich\/\" \/>\n<meta property=\"og:locale\" content=\"fr_FR\" \/>\n<meta property=\"og:type\" content=\"article\" \/>\n<meta property=\"og:title\" content=\"[:it]Hermes Media August Baggenstos Zurich[:fr]Hermes M\u00e9dias August Baggenstos Zurich[:] &middot; ArtAntica\" \/>\n<meta property=\"og:description\" content=\"Vieille machine \u00e0 \u00e9crire m\u00e9canique Hermes 4 datant 1930 pour les collectionneurs et les connaisseurs, avec \u00e9tui et brosse de nettoyage, parfait. Original: ann\u00e9es 30 Mat\u00e9riel: m\u00e9tal, bak\u00e9lite. August Baggenstos, agent g\u00e9n\u00e9ral de machines \u00e0 \u00e9crire Hermes en Suisse al\u00e9manique, a fond\u00e9 sa compagnie en Ao\u00fbt 1925, \u00e9tablissant d&rsquo;abord le si\u00e8ge \u00e0 Zurich. La Hermes, [&hellip;]\" \/>\n<meta property=\"og:url\" content=\"https:\/\/artantica.hyst.eu\/fr\/hermes-media-august-baggenstos-zurich\/\" \/>\n<meta property=\"og:site_name\" content=\"ArtAntica\" \/>\n<meta property=\"article:modified_time\" content=\"2017-10-03T10:54:45+00:00\" \/>\n<meta name=\"twitter:card\" content=\"summary\" \/>\n<meta name=\"twitter:label1\" content=\"Dur\u00e9e de lecture estim\u00e9e\" \/>\n\t<meta name=\"twitter:data1\" content=\"1 minute\" \/>\n<script type=\"application\/ld+json\" class=\"yoast-schema-graph\">{\"@context\":\"https:\/\/schema.org\",\"@graph\":[{\"@type\":\"WebSite\",\"@id\":\"https:\/\/artantica.hyst.eu\/fr\/#website\",\"url\":\"https:\/\/artantica.hyst.eu\/fr\/\",\"name\":\"ArtAntica\",\"description\":\"Just another Multisite SxA site\",\"potentialAction\":[{\"@type\":\"SearchAction\",\"target\":{\"@type\":\"EntryPoint\",\"urlTemplate\":\"https:\/\/artantica.hyst.eu\/fr\/?s={search_term_string}\"},\"query-input\":\"required name=search_term_string\"}],\"inLanguage\":\"fr-FR\"},{\"@type\":\"WebPage\",\"@id\":\"https:\/\/artantica.hyst.eu\/fr\/hermes-media-august-baggenstos-zurich\/#webpage\",\"url\":\"https:\/\/artantica.hyst.eu\/fr\/hermes-media-august-baggenstos-zurich\/\",\"name\":\"[:it]Hermes Media August Baggenstos Zurich[:fr]Hermes M\u00e9dias August Baggenstos Zurich[:] &middot; ArtAntica\",\"isPartOf\":{\"@id\":\"https:\/\/artantica.hyst.eu\/fr\/#website\"},\"datePublished\":\"2017-01-25T14:56:35+00:00\",\"dateModified\":\"2017-10-03T10:54:45+00:00\",\"breadcrumb\":{\"@id\":\"https:\/\/artantica.hyst.eu\/fr\/hermes-media-august-baggenstos-zurich\/#breadcrumb\"},\"inLanguage\":\"fr-FR\",\"potentialAction\":[{\"@type\":\"ReadAction\",\"target\":[\"https:\/\/artantica.hyst.eu\/fr\/hermes-media-august-baggenstos-zurich\/\"]}]},{\"@type\":\"BreadcrumbList\",\"@id\":\"https:\/\/artantica.hyst.eu\/fr\/hermes-media-august-baggenstos-zurich\/#breadcrumb\",\"itemListElement\":[{\"@type\":\"ListItem\",\"position\":1,\"name\":\"Home\",\"item\":\"https:\/\/artantica.hyst.eu\/\"},{\"@type\":\"ListItem\",\"position\":2,\"name\":\"Hermes M\u00e9dias August Baggenstos Zurich\"}]}]}<\/script>\n<!-- \/ Yoast SEO plugin. -->","yoast_head_json":{"title":"[:it]Hermes Media August Baggenstos Zurich[:fr]Hermes M\u00e9dias August Baggenstos Zurich[:] &middot; ArtAntica","robots":{"index":"index","follow":"follow","max-snippet":"max-snippet:-1","max-image-preview":"max-image-preview:large","max-video-preview":"max-video-preview:-1"},"canonical":"https:\/\/artantica.hyst.eu\/fr\/hermes-media-august-baggenstos-zurich\/","og_locale":"fr_FR","og_type":"article","og_title":"[:it]Hermes Media August Baggenstos Zurich[:fr]Hermes M\u00e9dias August Baggenstos Zurich[:] &middot; ArtAntica","og_description":"Vieille machine \u00e0 \u00e9crire m\u00e9canique Hermes 4 datant 1930 pour les collectionneurs et les connaisseurs, avec \u00e9tui et brosse de nettoyage, parfait. Original: ann\u00e9es 30 Mat\u00e9riel: m\u00e9tal, bak\u00e9lite. August Baggenstos, agent g\u00e9n\u00e9ral de machines \u00e0 \u00e9crire Hermes en Suisse al\u00e9manique, a fond\u00e9 sa compagnie en Ao\u00fbt 1925, \u00e9tablissant d&rsquo;abord le si\u00e8ge \u00e0 Zurich. La Hermes, [&hellip;]","og_url":"https:\/\/artantica.hyst.eu\/fr\/hermes-media-august-baggenstos-zurich\/","og_site_name":"ArtAntica","article_modified_time":"2017-10-03T10:54:45+00:00","twitter_card":"summary","twitter_misc":{"Dur\u00e9e de lecture estim\u00e9e":"1 minute"},"schema":{"@context":"https:\/\/schema.org","@graph":[{"@type":"WebSite","@id":"https:\/\/artantica.hyst.eu\/fr\/#website","url":"https:\/\/artantica.hyst.eu\/fr\/","name":"ArtAntica","description":"Just another Multisite SxA site","potentialAction":[{"@type":"SearchAction","target":{"@type":"EntryPoint","urlTemplate":"https:\/\/artantica.hyst.eu\/fr\/?s={search_term_string}"},"query-input":"required name=search_term_string"}],"inLanguage":"fr-FR"},{"@type":"WebPage","@id":"https:\/\/artantica.hyst.eu\/fr\/hermes-media-august-baggenstos-zurich\/#webpage","url":"https:\/\/artantica.hyst.eu\/fr\/hermes-media-august-baggenstos-zurich\/","name":"[:it]Hermes Media August Baggenstos Zurich[:fr]Hermes M\u00e9dias August Baggenstos Zurich[:] &middot; ArtAntica","isPartOf":{"@id":"https:\/\/artantica.hyst.eu\/fr\/#website"},"datePublished":"2017-01-25T14:56:35+00:00","dateModified":"2017-10-03T10:54:45+00:00","breadcrumb":{"@id":"https:\/\/artantica.hyst.eu\/fr\/hermes-media-august-baggenstos-zurich\/#breadcrumb"},"inLanguage":"fr-FR","potentialAction":[{"@type":"ReadAction","target":["https:\/\/artantica.hyst.eu\/fr\/hermes-media-august-baggenstos-zurich\/"]}]},{"@type":"BreadcrumbList","@id":"https:\/\/artantica.hyst.eu\/fr\/hermes-media-august-baggenstos-zurich\/#breadcrumb","itemListElement":[{"@type":"ListItem","position":1,"name":"Home","item":"https:\/\/artantica.hyst.eu\/"},{"@type":"ListItem","position":2,"name":"Hermes M\u00e9dias August Baggenstos Zurich"}]}]}},"_links":{"self":[{"href":"https:\/\/artantica.hyst.eu\/fr\/wp-json\/wp\/v2\/pages\/698"}],"collection":[{"href":"https:\/\/artantica.hyst.eu\/fr\/wp-json\/wp\/v2\/pages"}],"about":[{"href":"https:\/\/artantica.hyst.eu\/fr\/wp-json\/wp\/v2\/types\/page"}],"author":[{"embeddable":true,"href":"https:\/\/artantica.hyst.eu\/fr\/wp-json\/wp\/v2\/users\/80"}],"replies":[{"embeddable":true,"href":"https:\/\/artantica.hyst.eu\/fr\/wp-json\/wp\/v2\/comments?post=698"}],"version-history":[{"count":4,"href":"https:\/\/artantica.hyst.eu\/fr\/wp-json\/wp\/v2\/pages\/698\/revisions"}],"predecessor-version":[{"id":1038,"href":"https:\/\/artantica.hyst.eu\/fr\/wp-json\/wp\/v2\/pages\/698\/revisions\/1038"}],"wp:attachment":[{"href":"https:\/\/artantica.hyst.eu\/fr\/wp-json\/wp\/v2\/media?parent=698"}],"curies":[{"name":"wp","href":"https:\/\/api.w.org\/{rel}","templated":true}]}}