{"id":695,"date":"2017-01-25T14:55:22","date_gmt":"2017-01-25T14:55:22","guid":{"rendered":"http:\/\/artantica.hyst.eu\/?page_id=695"},"modified":"2017-11-03T11:59:58","modified_gmt":"2017-11-03T11:59:58","slug":"radio-a-valvole-lambda","status":"publish","type":"page","link":"https:\/\/artantica.hyst.eu\/fr\/radio-a-valvole-lambda\/","title":{"rendered":"Radio valves Lambda"},"content":{"rendered":"<p><!-- index.php -->\n<div\n\tclass=\"ngg-galleryoverview ngg-ajax-pagination-none\"\n\tid=\"ngg-gallery-a77a05a92d698d5d6bec7c976627783f-1\">\n\n    \t\t<!-- Thumbnails -->\n\t\t\t\t<div id=\"ngg-image-0\" class=\"ngg-gallery-thumbnail-box\" >\n\t\t\t\t        <div class=\"ngg-gallery-thumbnail\">\n            <a href=\"https:\/\/artantica.hyst.eu\/wp-content\/uploads\/sites\/8\/nggallery\/radio-lambda\/RadioLambda_01.jpg\"\n               title=\"\"\n               data-src=\"https:\/\/artantica.hyst.eu\/wp-content\/uploads\/sites\/8\/nggallery\/radio-lambda\/RadioLambda_01.jpg\"\n               data-thumbnail=\"https:\/\/artantica.hyst.eu\/wp-content\/uploads\/sites\/8\/nggallery\/radio-lambda\/thumbs\/thumbs_RadioLambda_01.jpg\"\n               data-image-id=\"148\"\n               data-title=\"Radio Lambda\"\n               data-description=\"\"\n               data-image-slug=\"radiolambda_01\"\n               class=\"ngg-fancybox\" rel=\"a77a05a92d698d5d6bec7c976627783f\">\n                <img\n                    title=\"Radio Lambda\"\n                    alt=\"Radio Lambda\"\n                    src=\"https:\/\/artantica.hyst.eu\/wp-content\/uploads\/sites\/8\/nggallery\/radio-lambda\/thumbs\/thumbs_RadioLambda_01.jpg\"\n                    width=\"200\"\n                    height=\"120\"\n                    style=\"max-width:100%;\"\n                \/>\n            <\/a>\n        <\/div>\n\t\t\t\t\t\t\t<\/div> \n\t\t\t\n        \n\t\t\t\t<div id=\"ngg-image-1\" class=\"ngg-gallery-thumbnail-box\" >\n\t\t\t\t        <div class=\"ngg-gallery-thumbnail\">\n            <a href=\"https:\/\/artantica.hyst.eu\/wp-content\/uploads\/sites\/8\/nggallery\/radio-lambda\/RadioLambda_02.jpg\"\n               title=\"\"\n               data-src=\"https:\/\/artantica.hyst.eu\/wp-content\/uploads\/sites\/8\/nggallery\/radio-lambda\/RadioLambda_02.jpg\"\n               data-thumbnail=\"https:\/\/artantica.hyst.eu\/wp-content\/uploads\/sites\/8\/nggallery\/radio-lambda\/thumbs\/thumbs_RadioLambda_02.jpg\"\n               data-image-id=\"149\"\n               data-title=\"Radio Lambda\"\n               data-description=\"\"\n               data-image-slug=\"radiolambda_02\"\n               class=\"ngg-fancybox\" rel=\"a77a05a92d698d5d6bec7c976627783f\">\n                <img\n                    title=\"Radio Lambda\"\n                    alt=\"Radio Lambda\"\n                    src=\"https:\/\/artantica.hyst.eu\/wp-content\/uploads\/sites\/8\/nggallery\/radio-lambda\/thumbs\/thumbs_RadioLambda_02.jpg\"\n                    width=\"200\"\n                    height=\"120\"\n                    style=\"max-width:100%;\"\n                \/>\n            <\/a>\n        <\/div>\n\t\t\t\t\t\t\t<\/div> \n\t\t\t\n        \n\t\t\t\t<div id=\"ngg-image-2\" class=\"ngg-gallery-thumbnail-box\" >\n\t\t\t\t        <div class=\"ngg-gallery-thumbnail\">\n            <a href=\"https:\/\/artantica.hyst.eu\/wp-content\/uploads\/sites\/8\/nggallery\/radio-lambda\/RadioLambda_03.jpg\"\n               title=\"\"\n               data-src=\"https:\/\/artantica.hyst.eu\/wp-content\/uploads\/sites\/8\/nggallery\/radio-lambda\/RadioLambda_03.jpg\"\n               data-thumbnail=\"https:\/\/artantica.hyst.eu\/wp-content\/uploads\/sites\/8\/nggallery\/radio-lambda\/thumbs\/thumbs_RadioLambda_03.jpg\"\n               data-image-id=\"150\"\n               data-title=\"Radio Lambda\"\n               data-description=\"\"\n               data-image-slug=\"radiolambda_03\"\n               class=\"ngg-fancybox\" rel=\"a77a05a92d698d5d6bec7c976627783f\">\n                <img\n                    title=\"Radio Lambda\"\n                    alt=\"Radio Lambda\"\n                    src=\"https:\/\/artantica.hyst.eu\/wp-content\/uploads\/sites\/8\/nggallery\/radio-lambda\/thumbs\/thumbs_RadioLambda_03.jpg\"\n                    width=\"200\"\n                    height=\"120\"\n                    style=\"max-width:100%;\"\n                \/>\n            <\/a>\n        <\/div>\n\t\t\t\t\t\t\t<\/div> \n\t\t\t\n        \n\t\t\t\t<div id=\"ngg-image-3\" class=\"ngg-gallery-thumbnail-box\" >\n\t\t\t\t        <div class=\"ngg-gallery-thumbnail\">\n            <a href=\"https:\/\/artantica.hyst.eu\/wp-content\/uploads\/sites\/8\/nggallery\/radio-lambda\/RadioLambda_04.jpg\"\n               title=\"\"\n               data-src=\"https:\/\/artantica.hyst.eu\/wp-content\/uploads\/sites\/8\/nggallery\/radio-lambda\/RadioLambda_04.jpg\"\n               data-thumbnail=\"https:\/\/artantica.hyst.eu\/wp-content\/uploads\/sites\/8\/nggallery\/radio-lambda\/thumbs\/thumbs_RadioLambda_04.jpg\"\n               data-image-id=\"151\"\n               data-title=\"Radio Lambda\"\n               data-description=\"\"\n               data-image-slug=\"radiolambda_04\"\n               class=\"ngg-fancybox\" rel=\"a77a05a92d698d5d6bec7c976627783f\">\n                <img\n                    title=\"Radio Lambda\"\n                    alt=\"Radio Lambda\"\n                    src=\"https:\/\/artantica.hyst.eu\/wp-content\/uploads\/sites\/8\/nggallery\/radio-lambda\/thumbs\/thumbs_RadioLambda_04.jpg\"\n                    width=\"200\"\n                    height=\"120\"\n                    style=\"max-width:100%;\"\n                \/>\n            <\/a>\n        <\/div>\n\t\t\t\t\t\t\t<\/div> \n\t\t\t\n        \n\t\t\n\t\t<!-- Pagination -->\n\t<div class='ngg-clear'><\/div>\t<\/div>\n<\/p>\n<p>1935 Mod\u00e8le A425M Valve Radio.<br \/>\nC&rsquo;est un r\u00e9cepteur \u00e0 onde moyenne \u00e0 5 ondes.<br \/>\nDans son temps, cette radio co\u00fbtait \u00a3 850.<\/p>\n<p><strong>Informations techniques<\/strong><\/p>\n<table class=\"info\">\n<tbody>\n<tr>\n<th>Pays<\/th>\n<td>Italie<\/td>\n<\/tr>\n<tr>\n<th>Fabricant\/Marque<\/th>\n<td>Lambda &#8211; Olivieri e Glisenti &#8211; Turin<\/td>\n<\/tr>\n<tr>\n<th>Ann\u00e9e<\/th>\n<td>1935<\/td>\n<\/tr>\n<tr>\n<th>Type<\/th>\n<td>radio ou pass\u00e9 tuner WW2<\/td>\n<\/tr>\n<tr>\n<th>Mod\u00e8le<\/th>\n<td>A425M<\/td>\n<\/tr>\n<tr>\n<th>Vannes<\/th>\n<td>57 58 2B7 47 80<\/td>\n<\/tr>\n<tr>\n<th>Circuit<\/th>\n<td>superh\u00e9t\u00e9rodyne<\/td>\n<\/tr>\n<tr>\n<th>Fr\u00e9quence interm\u00e9diaire<\/th>\n<td>450 kHz<\/td>\n<\/tr>\n<tr>\n<th>Gamme d&rsquo;ondes<\/th>\n<td>ondes moyennes<\/td>\n<\/tr>\n<tr>\n<th>Tension de fonctionnement<\/th>\n<td>alimentation secteur<\/td>\n<\/tr>\n<tr>\n<th>Mat\u00e9riel<\/th>\n<td>meubles en bois<\/td>\n<\/tr>\n<tr>\n<th>Forme<\/th>\n<td>bibelot verticale (d\u00e9velopp\u00e9e en hauteur, sans cath\u00e9drale, sans d\u00e9coration)<\/td>\n<\/tr>\n<tr>\n<th>Mesures<\/th>\n<td>largeur: cm 35<br \/>\n            profondeur: cm 38<br \/>\n            hauteur: cm 31<\/td>\n<\/tr>\n<\/tbody>\n<\/table>\n<p><\/p>","protected":false},"excerpt":{"rendered":"<p>1935 Mod\u00e8le A425M Valve Radio. C&rsquo;est un r\u00e9cepteur \u00e0 onde moyenne \u00e0 5 ondes. Dans son temps, cette radio co\u00fbtait \u00a3 850. Informations techniques Pays Italie Fabricant\/Marque Lambda &#8211; Olivieri e Glisenti &#8211; Turin Ann\u00e9e 1935 Type radio ou pass\u00e9 tuner WW2 Mod\u00e8le A425M Vannes 57 58 2B7 47 80 Circuit superh\u00e9t\u00e9rodyne Fr\u00e9quence interm\u00e9diaire 450 [&hellip;]<\/p>\n","protected":false},"author":80,"featured_media":0,"parent":0,"menu_order":0,"comment_status":"closed","ping_status":"closed","template":"","meta":{"om_disable_all_campaigns":false,"_monsterinsights_skip_tracking":false,"_monsterinsights_sitenote_active":false,"_monsterinsights_sitenote_note":"","_monsterinsights_sitenote_category":0,"ngg_post_thumbnail":0,"spay_email":""},"yoast_head":"<!-- This site is optimized with the Yoast SEO plugin v18.4.1 - https:\/\/yoast.com\/wordpress\/plugins\/seo\/ -->\n<title>Radio valves Lambda &middot; ArtAntica<\/title>\n<meta name=\"robots\" content=\"index, follow, max-snippet:-1, max-image-preview:large, max-video-preview:-1\" \/>\n<link rel=\"canonical\" href=\"https:\/\/artantica.hyst.eu\/radio-a-valvole-lambda\/\" \/>\n<meta property=\"og:locale\" content=\"fr_FR\" \/>\n<meta property=\"og:type\" content=\"article\" \/>\n<meta property=\"og:title\" content=\"[:it]Radio a valvole Lambda[:fr]Radio valves Lambda[:] &middot; ArtAntica\" \/>\n<meta property=\"og:description\" content=\"1935 Mod\u00e8le A425M Valve Radio. C&rsquo;est un r\u00e9cepteur \u00e0 onde moyenne \u00e0 5 ondes. Dans son temps, cette radio co\u00fbtait \u00a3 850. Informations techniques Pays Italie Fabricant\/Marque Lambda &#8211; Olivieri e Glisenti &#8211; Turin Ann\u00e9e 1935 Type radio ou pass\u00e9 tuner WW2 Mod\u00e8le A425M Vannes 57 58 2B7 47 80 Circuit superh\u00e9t\u00e9rodyne Fr\u00e9quence interm\u00e9diaire 450 [&hellip;]\" \/>\n<meta property=\"og:url\" content=\"https:\/\/artantica.hyst.eu\/radio-a-valvole-lambda\/\" \/>\n<meta property=\"og:site_name\" content=\"ArtAntica\" \/>\n<meta property=\"article:modified_time\" content=\"2017-11-03T11:59:58+00:00\" \/>\n<meta name=\"twitter:card\" content=\"summary\" \/>\n<meta name=\"twitter:label1\" content=\"Dur\u00e9e de lecture estim\u00e9e\" \/>\n\t<meta name=\"twitter:data1\" content=\"1 minute\" \/>\n<script type=\"application\/ld+json\" class=\"yoast-schema-graph\">{\"@context\":\"https:\/\/schema.org\",\"@graph\":[{\"@type\":\"WebSite\",\"@id\":\"https:\/\/artantica.hyst.eu\/fr\/#website\",\"url\":\"https:\/\/artantica.hyst.eu\/fr\/\",\"name\":\"ArtAntica\",\"description\":\"Just another Multisite SxA site\",\"potentialAction\":[{\"@type\":\"SearchAction\",\"target\":{\"@type\":\"EntryPoint\",\"urlTemplate\":\"https:\/\/artantica.hyst.eu\/fr\/?s={search_term_string}\"},\"query-input\":\"required name=search_term_string\"}],\"inLanguage\":\"fr-FR\"},{\"@type\":\"WebPage\",\"@id\":\"https:\/\/artantica.hyst.eu\/radio-a-valvole-lambda\/#webpage\",\"url\":\"https:\/\/artantica.hyst.eu\/radio-a-valvole-lambda\/\",\"name\":\"[:it]Radio a valvole Lambda[:fr]Radio valves Lambda[:] &middot; ArtAntica\",\"isPartOf\":{\"@id\":\"https:\/\/artantica.hyst.eu\/fr\/#website\"},\"datePublished\":\"2017-01-25T14:55:22+00:00\",\"dateModified\":\"2017-11-03T11:59:58+00:00\",\"breadcrumb\":{\"@id\":\"https:\/\/artantica.hyst.eu\/radio-a-valvole-lambda\/#breadcrumb\"},\"inLanguage\":\"fr-FR\",\"potentialAction\":[{\"@type\":\"ReadAction\",\"target\":[\"https:\/\/artantica.hyst.eu\/radio-a-valvole-lambda\/\"]}]},{\"@type\":\"BreadcrumbList\",\"@id\":\"https:\/\/artantica.hyst.eu\/radio-a-valvole-lambda\/#breadcrumb\",\"itemListElement\":[{\"@type\":\"ListItem\",\"position\":1,\"name\":\"Home\",\"item\":\"https:\/\/artantica.hyst.eu\/\"},{\"@type\":\"ListItem\",\"position\":2,\"name\":\"Radio a valvole Lambda\"}]}]}<\/script>\n<!-- \/ Yoast SEO plugin. -->","yoast_head_json":{"title":"[:it]Radio a valvole Lambda[:fr]Radio valves Lambda[:] &middot; ArtAntica","robots":{"index":"index","follow":"follow","max-snippet":"max-snippet:-1","max-image-preview":"max-image-preview:large","max-video-preview":"max-video-preview:-1"},"canonical":"https:\/\/artantica.hyst.eu\/radio-a-valvole-lambda\/","og_locale":"fr_FR","og_type":"article","og_title":"[:it]Radio a valvole Lambda[:fr]Radio valves Lambda[:] &middot; ArtAntica","og_description":"1935 Mod\u00e8le A425M Valve Radio. C&rsquo;est un r\u00e9cepteur \u00e0 onde moyenne \u00e0 5 ondes. Dans son temps, cette radio co\u00fbtait \u00a3 850. Informations techniques Pays Italie Fabricant\/Marque Lambda &#8211; Olivieri e Glisenti &#8211; Turin Ann\u00e9e 1935 Type radio ou pass\u00e9 tuner WW2 Mod\u00e8le A425M Vannes 57 58 2B7 47 80 Circuit superh\u00e9t\u00e9rodyne Fr\u00e9quence interm\u00e9diaire 450 [&hellip;]","og_url":"https:\/\/artantica.hyst.eu\/radio-a-valvole-lambda\/","og_site_name":"ArtAntica","article_modified_time":"2017-11-03T11:59:58+00:00","twitter_card":"summary","twitter_misc":{"Dur\u00e9e de lecture estim\u00e9e":"1 minute"},"schema":{"@context":"https:\/\/schema.org","@graph":[{"@type":"WebSite","@id":"https:\/\/artantica.hyst.eu\/fr\/#website","url":"https:\/\/artantica.hyst.eu\/fr\/","name":"ArtAntica","description":"Just another Multisite SxA site","potentialAction":[{"@type":"SearchAction","target":{"@type":"EntryPoint","urlTemplate":"https:\/\/artantica.hyst.eu\/fr\/?s={search_term_string}"},"query-input":"required name=search_term_string"}],"inLanguage":"fr-FR"},{"@type":"WebPage","@id":"https:\/\/artantica.hyst.eu\/radio-a-valvole-lambda\/#webpage","url":"https:\/\/artantica.hyst.eu\/radio-a-valvole-lambda\/","name":"[:it]Radio a valvole Lambda[:fr]Radio valves Lambda[:] &middot; ArtAntica","isPartOf":{"@id":"https:\/\/artantica.hyst.eu\/fr\/#website"},"datePublished":"2017-01-25T14:55:22+00:00","dateModified":"2017-11-03T11:59:58+00:00","breadcrumb":{"@id":"https:\/\/artantica.hyst.eu\/radio-a-valvole-lambda\/#breadcrumb"},"inLanguage":"fr-FR","potentialAction":[{"@type":"ReadAction","target":["https:\/\/artantica.hyst.eu\/radio-a-valvole-lambda\/"]}]},{"@type":"BreadcrumbList","@id":"https:\/\/artantica.hyst.eu\/radio-a-valvole-lambda\/#breadcrumb","itemListElement":[{"@type":"ListItem","position":1,"name":"Home","item":"https:\/\/artantica.hyst.eu\/"},{"@type":"ListItem","position":2,"name":"Radio a valvole Lambda"}]}]}},"_links":{"self":[{"href":"https:\/\/artantica.hyst.eu\/fr\/wp-json\/wp\/v2\/pages\/695"}],"collection":[{"href":"https:\/\/artantica.hyst.eu\/fr\/wp-json\/wp\/v2\/pages"}],"about":[{"href":"https:\/\/artantica.hyst.eu\/fr\/wp-json\/wp\/v2\/types\/page"}],"author":[{"embeddable":true,"href":"https:\/\/artantica.hyst.eu\/fr\/wp-json\/wp\/v2\/users\/80"}],"replies":[{"embeddable":true,"href":"https:\/\/artantica.hyst.eu\/fr\/wp-json\/wp\/v2\/comments?post=695"}],"version-history":[{"count":4,"href":"https:\/\/artantica.hyst.eu\/fr\/wp-json\/wp\/v2\/pages\/695\/revisions"}],"predecessor-version":[{"id":1080,"href":"https:\/\/artantica.hyst.eu\/fr\/wp-json\/wp\/v2\/pages\/695\/revisions\/1080"}],"wp:attachment":[{"href":"https:\/\/artantica.hyst.eu\/fr\/wp-json\/wp\/v2\/media?parent=695"}],"curies":[{"name":"wp","href":"https:\/\/api.w.org\/{rel}","templated":true}]}}