{"id":692,"date":"2017-01-25T14:53:51","date_gmt":"2017-01-25T14:53:51","guid":{"rendered":"http:\/\/artantica.hyst.eu\/?page_id=692"},"modified":"2017-09-29T11:05:54","modified_gmt":"2017-09-29T11:05:54","slug":"radio-marelli","status":"publish","type":"page","link":"https:\/\/artantica.hyst.eu\/fr\/radio-marelli\/","title":{"rendered":"Radio Marelli"},"content":{"rendered":"<p><!-- index.php -->\n<div\n\tclass=\"ngg-galleryoverview ngg-ajax-pagination-none\"\n\tid=\"ngg-gallery-c692cc73d01e0c2c2c26786d20d0d8da-1\">\n\n    \t\t<!-- Thumbnails -->\n\t\t\t\t<div id=\"ngg-image-0\" class=\"ngg-gallery-thumbnail-box\" >\n\t\t\t\t        <div class=\"ngg-gallery-thumbnail\">\n            <a href=\"https:\/\/artantica.hyst.eu\/wp-content\/uploads\/sites\/8\/nggallery\/radio-marelli\/RadioMarelli_01.jpg\"\n               title=\"\"\n               data-src=\"https:\/\/artantica.hyst.eu\/wp-content\/uploads\/sites\/8\/nggallery\/radio-marelli\/RadioMarelli_01.jpg\"\n               data-thumbnail=\"https:\/\/artantica.hyst.eu\/wp-content\/uploads\/sites\/8\/nggallery\/radio-marelli\/thumbs\/thumbs_RadioMarelli_01.jpg\"\n               data-image-id=\"146\"\n               data-title=\"Radio Marelli\"\n               data-description=\"\"\n               data-image-slug=\"radiomarelli_01\"\n               class=\"ngg-fancybox\" rel=\"c692cc73d01e0c2c2c26786d20d0d8da\">\n                <img\n                    title=\"Radio Marelli\"\n                    alt=\"Radio Marelli\"\n                    src=\"https:\/\/artantica.hyst.eu\/wp-content\/uploads\/sites\/8\/nggallery\/radio-marelli\/thumbs\/thumbs_RadioMarelli_01.jpg\"\n                    width=\"200\"\n                    height=\"120\"\n                    style=\"max-width:100%;\"\n                \/>\n            <\/a>\n        <\/div>\n\t\t\t\t\t\t\t<\/div> \n\t\t\t\n        \n\t\t\t\t<div id=\"ngg-image-1\" class=\"ngg-gallery-thumbnail-box\" >\n\t\t\t\t        <div class=\"ngg-gallery-thumbnail\">\n            <a href=\"https:\/\/artantica.hyst.eu\/wp-content\/uploads\/sites\/8\/nggallery\/radio-marelli\/RadioMarelli_02.jpg\"\n               title=\"\"\n               data-src=\"https:\/\/artantica.hyst.eu\/wp-content\/uploads\/sites\/8\/nggallery\/radio-marelli\/RadioMarelli_02.jpg\"\n               data-thumbnail=\"https:\/\/artantica.hyst.eu\/wp-content\/uploads\/sites\/8\/nggallery\/radio-marelli\/thumbs\/thumbs_RadioMarelli_02.jpg\"\n               data-image-id=\"147\"\n               data-title=\"Radio Marelli\"\n               data-description=\"\"\n               data-image-slug=\"radiomarelli_02\"\n               class=\"ngg-fancybox\" rel=\"c692cc73d01e0c2c2c26786d20d0d8da\">\n                <img\n                    title=\"Radio Marelli\"\n                    alt=\"Radio Marelli\"\n                    src=\"https:\/\/artantica.hyst.eu\/wp-content\/uploads\/sites\/8\/nggallery\/radio-marelli\/thumbs\/thumbs_RadioMarelli_02.jpg\"\n                    width=\"200\"\n                    height=\"120\"\n                    style=\"max-width:100%;\"\n                \/>\n            <\/a>\n        <\/div>\n\t\t\t\t\t\t\t<\/div> \n\t\t\t\n        \n\t\t\n\t\t<!-- Pagination -->\n\t<div class='ngg-clear'><\/div>\t<\/div>\n<\/p>\n<p>Le mod\u00e8le Vertumno est l&rsquo;un des plus recherch\u00e9s par les collectionneurs.<br \/>\nC&rsquo;est une  superh\u00e9t\u00e9rodyne,  \u00e0 cinq ondes fonctionnant \u00e0 des ondes moyennes et \u00e0 des ondes courtes.<br \/>\nLe mobilier en bois est  le placage en acajou et la racine de noix, des inserts en polychromes en bois massif et en polychrome noir; polissage au miroir polissage.<br \/>\n\u00c0 cette \u00e9poque, cette radio co\u00fbtait 1100 lires.<\/p>\n<p><strong>Informations techniques<\/strong><\/p>\n<table class=\"info\">\n<tbody>\n<tr>\n<th>Pays<\/th>\n<td>Italie<\/td>\n<\/tr>\n<tr>\n<th>Fabricant\/Marque<\/th>\n<td>Radiomarelli<\/td>\n<\/tr>\n<tr>\n<th>Ann\u00e9e<\/th>\n<td>1934<\/td>\n<\/tr>\n<tr>\n<th>Type<\/th>\n<td>11<\/td>\n<\/tr>\n<tr>\n<th>Mod\u00e8le<\/th>\n<td>Vertumno<\/td>\n<\/tr>\n<tr>\n<th>Vannes<\/th>\n<td>6A7 78 75 41 80<\/td>\n<\/tr>\n<tr>\n<th>Circuit<\/th>\n<td>superh\u00e9t\u00e9rodyne<\/td>\n<\/tr>\n<tr>\n<th>Fr\u00e9quence interm\u00e9diaire<\/th>\n<td>485 kHz<\/td>\n<\/tr>\n<tr>\n<th>Gamme d&rsquo;ondes<\/th>\n<td>d&rsquo;ondes moyennes et de ondes courtes<\/td>\n<\/tr>\n<tr>\n<th>Tension de service<\/th>\n<td>110 \/ 160 \/ 220 V. alimentation secteur<\/td>\n<\/tr>\n<tr>\n<th>Poids<\/th>\n<td>13 Kg<\/td>\n<\/tr>\n<tr>\n<th>Mesures<\/th>\n<td>largeur: cm 40<br \/>\n            profondeur: cm 23<br \/>\n            hauteur: cm 20<\/td>\n<\/tr>\n<\/tbody>\n<\/table>\n<p><\/p>","protected":false},"excerpt":{"rendered":"<p>Le mod\u00e8le Vertumno est l&rsquo;un des plus recherch\u00e9s par les collectionneurs. C&rsquo;est une superh\u00e9t\u00e9rodyne, \u00e0 cinq ondes fonctionnant \u00e0 des ondes moyennes et \u00e0 des ondes courtes. Le mobilier en bois est le placage en acajou et la racine de noix, des inserts en polychromes en bois massif et en polychrome noir; polissage au miroir [&hellip;]<\/p>\n","protected":false},"author":80,"featured_media":0,"parent":0,"menu_order":0,"comment_status":"closed","ping_status":"closed","template":"","meta":{"om_disable_all_campaigns":false,"_monsterinsights_skip_tracking":false,"_monsterinsights_sitenote_active":false,"_monsterinsights_sitenote_note":"","_monsterinsights_sitenote_category":0,"ngg_post_thumbnail":0,"spay_email":""},"yoast_head":"<!-- This site is optimized with the Yoast SEO plugin v18.4.1 - https:\/\/yoast.com\/wordpress\/plugins\/seo\/ -->\n<title>Radio Marelli &middot; ArtAntica<\/title>\n<meta name=\"robots\" content=\"index, follow, max-snippet:-1, max-image-preview:large, max-video-preview:-1\" \/>\n<link rel=\"canonical\" href=\"https:\/\/artantica.hyst.eu\/radio-marelli\/\" \/>\n<meta property=\"og:locale\" content=\"fr_FR\" \/>\n<meta property=\"og:type\" content=\"article\" \/>\n<meta property=\"og:title\" content=\"Radio Marelli &middot; ArtAntica\" \/>\n<meta property=\"og:description\" content=\"Le mod\u00e8le Vertumno est l&rsquo;un des plus recherch\u00e9s par les collectionneurs. C&rsquo;est une superh\u00e9t\u00e9rodyne, \u00e0 cinq ondes fonctionnant \u00e0 des ondes moyennes et \u00e0 des ondes courtes. Le mobilier en bois est le placage en acajou et la racine de noix, des inserts en polychromes en bois massif et en polychrome noir; polissage au miroir [&hellip;]\" \/>\n<meta property=\"og:url\" content=\"https:\/\/artantica.hyst.eu\/radio-marelli\/\" \/>\n<meta property=\"og:site_name\" content=\"ArtAntica\" \/>\n<meta property=\"article:modified_time\" content=\"2017-09-29T11:05:54+00:00\" \/>\n<meta name=\"twitter:card\" content=\"summary\" \/>\n<meta name=\"twitter:label1\" content=\"Dur\u00e9e de lecture estim\u00e9e\" \/>\n\t<meta name=\"twitter:data1\" content=\"1 minute\" \/>\n<script type=\"application\/ld+json\" class=\"yoast-schema-graph\">{\"@context\":\"https:\/\/schema.org\",\"@graph\":[{\"@type\":\"WebSite\",\"@id\":\"https:\/\/artantica.hyst.eu\/fr\/#website\",\"url\":\"https:\/\/artantica.hyst.eu\/fr\/\",\"name\":\"ArtAntica\",\"description\":\"Just another Multisite SxA site\",\"potentialAction\":[{\"@type\":\"SearchAction\",\"target\":{\"@type\":\"EntryPoint\",\"urlTemplate\":\"https:\/\/artantica.hyst.eu\/fr\/?s={search_term_string}\"},\"query-input\":\"required name=search_term_string\"}],\"inLanguage\":\"fr-FR\"},{\"@type\":\"WebPage\",\"@id\":\"https:\/\/artantica.hyst.eu\/radio-marelli\/#webpage\",\"url\":\"https:\/\/artantica.hyst.eu\/radio-marelli\/\",\"name\":\"Radio Marelli &middot; ArtAntica\",\"isPartOf\":{\"@id\":\"https:\/\/artantica.hyst.eu\/fr\/#website\"},\"datePublished\":\"2017-01-25T14:53:51+00:00\",\"dateModified\":\"2017-09-29T11:05:54+00:00\",\"breadcrumb\":{\"@id\":\"https:\/\/artantica.hyst.eu\/radio-marelli\/#breadcrumb\"},\"inLanguage\":\"fr-FR\",\"potentialAction\":[{\"@type\":\"ReadAction\",\"target\":[\"https:\/\/artantica.hyst.eu\/radio-marelli\/\"]}]},{\"@type\":\"BreadcrumbList\",\"@id\":\"https:\/\/artantica.hyst.eu\/radio-marelli\/#breadcrumb\",\"itemListElement\":[{\"@type\":\"ListItem\",\"position\":1,\"name\":\"Home\",\"item\":\"https:\/\/artantica.hyst.eu\/\"},{\"@type\":\"ListItem\",\"position\":2,\"name\":\"Radio Marelli\"}]}]}<\/script>\n<!-- \/ Yoast SEO plugin. -->","yoast_head_json":{"title":"Radio Marelli &middot; ArtAntica","robots":{"index":"index","follow":"follow","max-snippet":"max-snippet:-1","max-image-preview":"max-image-preview:large","max-video-preview":"max-video-preview:-1"},"canonical":"https:\/\/artantica.hyst.eu\/radio-marelli\/","og_locale":"fr_FR","og_type":"article","og_title":"Radio Marelli &middot; ArtAntica","og_description":"Le mod\u00e8le Vertumno est l&rsquo;un des plus recherch\u00e9s par les collectionneurs. C&rsquo;est une superh\u00e9t\u00e9rodyne, \u00e0 cinq ondes fonctionnant \u00e0 des ondes moyennes et \u00e0 des ondes courtes. Le mobilier en bois est le placage en acajou et la racine de noix, des inserts en polychromes en bois massif et en polychrome noir; polissage au miroir [&hellip;]","og_url":"https:\/\/artantica.hyst.eu\/radio-marelli\/","og_site_name":"ArtAntica","article_modified_time":"2017-09-29T11:05:54+00:00","twitter_card":"summary","twitter_misc":{"Dur\u00e9e de lecture estim\u00e9e":"1 minute"},"schema":{"@context":"https:\/\/schema.org","@graph":[{"@type":"WebSite","@id":"https:\/\/artantica.hyst.eu\/fr\/#website","url":"https:\/\/artantica.hyst.eu\/fr\/","name":"ArtAntica","description":"Just another Multisite SxA site","potentialAction":[{"@type":"SearchAction","target":{"@type":"EntryPoint","urlTemplate":"https:\/\/artantica.hyst.eu\/fr\/?s={search_term_string}"},"query-input":"required name=search_term_string"}],"inLanguage":"fr-FR"},{"@type":"WebPage","@id":"https:\/\/artantica.hyst.eu\/radio-marelli\/#webpage","url":"https:\/\/artantica.hyst.eu\/radio-marelli\/","name":"Radio Marelli &middot; ArtAntica","isPartOf":{"@id":"https:\/\/artantica.hyst.eu\/fr\/#website"},"datePublished":"2017-01-25T14:53:51+00:00","dateModified":"2017-09-29T11:05:54+00:00","breadcrumb":{"@id":"https:\/\/artantica.hyst.eu\/radio-marelli\/#breadcrumb"},"inLanguage":"fr-FR","potentialAction":[{"@type":"ReadAction","target":["https:\/\/artantica.hyst.eu\/radio-marelli\/"]}]},{"@type":"BreadcrumbList","@id":"https:\/\/artantica.hyst.eu\/radio-marelli\/#breadcrumb","itemListElement":[{"@type":"ListItem","position":1,"name":"Home","item":"https:\/\/artantica.hyst.eu\/"},{"@type":"ListItem","position":2,"name":"Radio Marelli"}]}]}},"_links":{"self":[{"href":"https:\/\/artantica.hyst.eu\/fr\/wp-json\/wp\/v2\/pages\/692"}],"collection":[{"href":"https:\/\/artantica.hyst.eu\/fr\/wp-json\/wp\/v2\/pages"}],"about":[{"href":"https:\/\/artantica.hyst.eu\/fr\/wp-json\/wp\/v2\/types\/page"}],"author":[{"embeddable":true,"href":"https:\/\/artantica.hyst.eu\/fr\/wp-json\/wp\/v2\/users\/80"}],"replies":[{"embeddable":true,"href":"https:\/\/artantica.hyst.eu\/fr\/wp-json\/wp\/v2\/comments?post=692"}],"version-history":[{"count":3,"href":"https:\/\/artantica.hyst.eu\/fr\/wp-json\/wp\/v2\/pages\/692\/revisions"}],"predecessor-version":[{"id":1002,"href":"https:\/\/artantica.hyst.eu\/fr\/wp-json\/wp\/v2\/pages\/692\/revisions\/1002"}],"wp:attachment":[{"href":"https:\/\/artantica.hyst.eu\/fr\/wp-json\/wp\/v2\/media?parent=692"}],"curies":[{"name":"wp","href":"https:\/\/api.w.org\/{rel}","templated":true}]}}