{"id":390,"date":"2017-01-24T09:48:31","date_gmt":"2017-01-24T09:48:31","guid":{"rendered":"http:\/\/artantica.hyst.eu\/?page_id=390"},"modified":"2017-10-05T15:09:24","modified_gmt":"2017-10-05T15:09:24","slug":"proiettore-super-8-micro-25-super","status":"publish","type":"page","link":"https:\/\/artantica.hyst.eu\/fr\/proiettore-super-8-micro-25-super\/","title":{"rendered":"Projecteur Micron 25 Super"},"content":{"rendered":"<p><!-- index.php -->\n<div\n\tclass=\"ngg-galleryoverview ngg-ajax-pagination-none\"\n\tid=\"ngg-gallery-485d613018a794e766f873a9d030279b-1\">\n\n    \t\t<!-- Thumbnails -->\n\t\t\t\t<div id=\"ngg-image-0\" class=\"ngg-gallery-thumbnail-box\" >\n\t\t\t\t        <div class=\"ngg-gallery-thumbnail\">\n            <a href=\"https:\/\/artantica.hyst.eu\/wp-content\/uploads\/sites\/8\/nggallery\/proiettore-super-8-micro-25-super\/ProiettoreMicro25_01.jpg\"\n               title=\"\"\n               data-src=\"https:\/\/artantica.hyst.eu\/wp-content\/uploads\/sites\/8\/nggallery\/proiettore-super-8-micro-25-super\/ProiettoreMicro25_01.jpg\"\n               data-thumbnail=\"https:\/\/artantica.hyst.eu\/wp-content\/uploads\/sites\/8\/nggallery\/proiettore-super-8-micro-25-super\/thumbs\/thumbs_ProiettoreMicro25_01.jpg\"\n               data-image-id=\"134\"\n               data-title=\"Proiettore Super 8 Micro 25 Super\"\n               data-description=\"\"\n               data-image-slug=\"proiettoremicro25_01\"\n               class=\"ngg-fancybox\" rel=\"485d613018a794e766f873a9d030279b\">\n                <img\n                    title=\"Proiettore Super 8 Micro 25 Super\"\n                    alt=\"Proiettore Super 8 Micro 25 Super\"\n                    src=\"https:\/\/artantica.hyst.eu\/wp-content\/uploads\/sites\/8\/nggallery\/proiettore-super-8-micro-25-super\/thumbs\/thumbs_ProiettoreMicro25_01.jpg\"\n                    width=\"200\"\n                    height=\"120\"\n                    style=\"max-width:100%;\"\n                \/>\n            <\/a>\n        <\/div>\n\t\t\t\t\t\t\t<\/div> \n\t\t\t\n        \n\t\t\t\t<div id=\"ngg-image-1\" class=\"ngg-gallery-thumbnail-box\" >\n\t\t\t\t        <div class=\"ngg-gallery-thumbnail\">\n            <a href=\"https:\/\/artantica.hyst.eu\/wp-content\/uploads\/sites\/8\/nggallery\/proiettore-super-8-micro-25-super\/ProiettoreMicro25_02.jpg\"\n               title=\"\"\n               data-src=\"https:\/\/artantica.hyst.eu\/wp-content\/uploads\/sites\/8\/nggallery\/proiettore-super-8-micro-25-super\/ProiettoreMicro25_02.jpg\"\n               data-thumbnail=\"https:\/\/artantica.hyst.eu\/wp-content\/uploads\/sites\/8\/nggallery\/proiettore-super-8-micro-25-super\/thumbs\/thumbs_ProiettoreMicro25_02.jpg\"\n               data-image-id=\"135\"\n               data-title=\"Proiettore Super 8 Micro 25 Super\"\n               data-description=\"\"\n               data-image-slug=\"proiettoremicro25_02\"\n               class=\"ngg-fancybox\" rel=\"485d613018a794e766f873a9d030279b\">\n                <img\n                    title=\"Proiettore Super 8 Micro 25 Super\"\n                    alt=\"Proiettore Super 8 Micro 25 Super\"\n                    src=\"https:\/\/artantica.hyst.eu\/wp-content\/uploads\/sites\/8\/nggallery\/proiettore-super-8-micro-25-super\/thumbs\/thumbs_ProiettoreMicro25_02.jpg\"\n                    width=\"200\"\n                    height=\"120\"\n                    style=\"max-width:100%;\"\n                \/>\n            <\/a>\n        <\/div>\n\t\t\t\t\t\t\t<\/div> \n\t\t\t\n        \n\t\t\t\t<div id=\"ngg-image-2\" class=\"ngg-gallery-thumbnail-box\" >\n\t\t\t\t        <div class=\"ngg-gallery-thumbnail\">\n            <a href=\"https:\/\/artantica.hyst.eu\/wp-content\/uploads\/sites\/8\/nggallery\/proiettore-super-8-micro-25-super\/ProiettoreMicro25_03.jpg\"\n               title=\"\"\n               data-src=\"https:\/\/artantica.hyst.eu\/wp-content\/uploads\/sites\/8\/nggallery\/proiettore-super-8-micro-25-super\/ProiettoreMicro25_03.jpg\"\n               data-thumbnail=\"https:\/\/artantica.hyst.eu\/wp-content\/uploads\/sites\/8\/nggallery\/proiettore-super-8-micro-25-super\/thumbs\/thumbs_ProiettoreMicro25_03.jpg\"\n               data-image-id=\"136\"\n               data-title=\"Proiettore Super 8 Micro 25 Super\"\n               data-description=\"\"\n               data-image-slug=\"proiettoremicro25_03\"\n               class=\"ngg-fancybox\" rel=\"485d613018a794e766f873a9d030279b\">\n                <img\n                    title=\"Proiettore Super 8 Micro 25 Super\"\n                    alt=\"Proiettore Super 8 Micro 25 Super\"\n                    src=\"https:\/\/artantica.hyst.eu\/wp-content\/uploads\/sites\/8\/nggallery\/proiettore-super-8-micro-25-super\/thumbs\/thumbs_ProiettoreMicro25_03.jpg\"\n                    width=\"200\"\n                    height=\"120\"\n                    style=\"max-width:100%;\"\n                \/>\n            <\/a>\n        <\/div>\n\t\t\t\t\t\t\t<\/div> \n\t\t\t\n        \n\t\t\t\t<div id=\"ngg-image-3\" class=\"ngg-gallery-thumbnail-box\" >\n\t\t\t\t        <div class=\"ngg-gallery-thumbnail\">\n            <a href=\"https:\/\/artantica.hyst.eu\/wp-content\/uploads\/sites\/8\/nggallery\/proiettore-super-8-micro-25-super\/ProiettoreMicro25_04.jpg\"\n               title=\"\"\n               data-src=\"https:\/\/artantica.hyst.eu\/wp-content\/uploads\/sites\/8\/nggallery\/proiettore-super-8-micro-25-super\/ProiettoreMicro25_04.jpg\"\n               data-thumbnail=\"https:\/\/artantica.hyst.eu\/wp-content\/uploads\/sites\/8\/nggallery\/proiettore-super-8-micro-25-super\/thumbs\/thumbs_ProiettoreMicro25_04.jpg\"\n               data-image-id=\"137\"\n               data-title=\"Proiettore Super 8 Micro 25 Super\"\n               data-description=\"\"\n               data-image-slug=\"proiettoremicro25_04\"\n               class=\"ngg-fancybox\" rel=\"485d613018a794e766f873a9d030279b\">\n                <img\n                    title=\"Proiettore Super 8 Micro 25 Super\"\n                    alt=\"Proiettore Super 8 Micro 25 Super\"\n                    src=\"https:\/\/artantica.hyst.eu\/wp-content\/uploads\/sites\/8\/nggallery\/proiettore-super-8-micro-25-super\/thumbs\/thumbs_ProiettoreMicro25_04.jpg\"\n                    width=\"200\"\n                    height=\"120\"\n                    style=\"max-width:100%;\"\n                \/>\n            <\/a>\n        <\/div>\n\t\t\t\t\t\t\t<\/div> \n\t\t\t\n        \n\t\t\n\t\t<!-- Pagination -->\n\t<div class='ngg-clear'><\/div>\t<\/div>\n<\/p>\n<p>Le projecteur sonore Super micron 25, marque Microtecnica, p\u00e8se environ 17 Kg.<br \/>\nL&rsquo;\u00e9quipement des ann\u00e9es 70 fait partie, avec d&rsquo;autres mod\u00e8les de 16 mm, de la Micron s\u00e9rie (Micron XXV C, Micron 600, OPL Micron 27, OPL Micron 28 Microtecnic O \/ M), la derni\u00e8re s\u00e9rie produite par la marque Microtecnica.<\/p>","protected":false},"excerpt":{"rendered":"<p>Le projecteur sonore Super micron 25, marque Microtecnica, p\u00e8se environ 17 Kg. L&rsquo;\u00e9quipement des ann\u00e9es 70 fait partie, avec d&rsquo;autres mod\u00e8les de 16 mm, de la Micron s\u00e9rie (Micron XXV C, Micron 600, OPL Micron 27, OPL Micron 28 Microtecnic O \/ M), la derni\u00e8re s\u00e9rie produite par la marque Microtecnica.<\/p>\n","protected":false},"author":80,"featured_media":0,"parent":0,"menu_order":0,"comment_status":"closed","ping_status":"closed","template":"","meta":{"om_disable_all_campaigns":false,"_monsterinsights_skip_tracking":false,"_monsterinsights_sitenote_active":false,"_monsterinsights_sitenote_note":"","_monsterinsights_sitenote_category":0,"ngg_post_thumbnail":0,"spay_email":""},"yoast_head":"<!-- This site is optimized with the Yoast SEO plugin v18.4.1 - https:\/\/yoast.com\/wordpress\/plugins\/seo\/ -->\n<title>Projecteur Micron 25 Super &middot; ArtAntica<\/title>\n<meta name=\"robots\" content=\"index, follow, max-snippet:-1, max-image-preview:large, max-video-preview:-1\" \/>\n<link rel=\"canonical\" href=\"https:\/\/artantica.hyst.eu\/proiettore-super-8-micro-25-super\/\" \/>\n<meta property=\"og:locale\" content=\"fr_FR\" \/>\n<meta property=\"og:type\" content=\"article\" \/>\n<meta property=\"og:title\" content=\"[:it]Proiettore Micron 25 Super[:fr]Projecteur Micron 25 Super[:] &middot; ArtAntica\" \/>\n<meta property=\"og:description\" content=\"Le projecteur sonore Super micron 25, marque Microtecnica, p\u00e8se environ 17 Kg. L&rsquo;\u00e9quipement des ann\u00e9es 70 fait partie, avec d&rsquo;autres mod\u00e8les de 16 mm, de la Micron s\u00e9rie (Micron XXV C, Micron 600, OPL Micron 27, OPL Micron 28 Microtecnic O \/ M), la derni\u00e8re s\u00e9rie produite par la marque Microtecnica.\" \/>\n<meta property=\"og:url\" content=\"https:\/\/artantica.hyst.eu\/proiettore-super-8-micro-25-super\/\" \/>\n<meta property=\"og:site_name\" content=\"ArtAntica\" \/>\n<meta property=\"article:modified_time\" content=\"2017-10-05T15:09:24+00:00\" \/>\n<meta name=\"twitter:card\" content=\"summary\" \/>\n<script type=\"application\/ld+json\" class=\"yoast-schema-graph\">{\"@context\":\"https:\/\/schema.org\",\"@graph\":[{\"@type\":\"WebSite\",\"@id\":\"https:\/\/artantica.hyst.eu\/fr\/#website\",\"url\":\"https:\/\/artantica.hyst.eu\/fr\/\",\"name\":\"ArtAntica\",\"description\":\"Just another Multisite SxA site\",\"potentialAction\":[{\"@type\":\"SearchAction\",\"target\":{\"@type\":\"EntryPoint\",\"urlTemplate\":\"https:\/\/artantica.hyst.eu\/fr\/?s={search_term_string}\"},\"query-input\":\"required name=search_term_string\"}],\"inLanguage\":\"fr-FR\"},{\"@type\":\"WebPage\",\"@id\":\"https:\/\/artantica.hyst.eu\/proiettore-super-8-micro-25-super\/#webpage\",\"url\":\"https:\/\/artantica.hyst.eu\/proiettore-super-8-micro-25-super\/\",\"name\":\"[:it]Proiettore Micron 25 Super[:fr]Projecteur Micron 25 Super[:] &middot; ArtAntica\",\"isPartOf\":{\"@id\":\"https:\/\/artantica.hyst.eu\/fr\/#website\"},\"datePublished\":\"2017-01-24T09:48:31+00:00\",\"dateModified\":\"2017-10-05T15:09:24+00:00\",\"breadcrumb\":{\"@id\":\"https:\/\/artantica.hyst.eu\/proiettore-super-8-micro-25-super\/#breadcrumb\"},\"inLanguage\":\"fr-FR\",\"potentialAction\":[{\"@type\":\"ReadAction\",\"target\":[\"https:\/\/artantica.hyst.eu\/proiettore-super-8-micro-25-super\/\"]}]},{\"@type\":\"BreadcrumbList\",\"@id\":\"https:\/\/artantica.hyst.eu\/proiettore-super-8-micro-25-super\/#breadcrumb\",\"itemListElement\":[{\"@type\":\"ListItem\",\"position\":1,\"name\":\"Home\",\"item\":\"https:\/\/artantica.hyst.eu\/\"},{\"@type\":\"ListItem\",\"position\":2,\"name\":\"Proiettore Micron 25 Super\"}]}]}<\/script>\n<!-- \/ Yoast SEO plugin. -->","yoast_head_json":{"title":"[:it]Proiettore Micron 25 Super[:fr]Projecteur Micron 25 Super[:] &middot; ArtAntica","robots":{"index":"index","follow":"follow","max-snippet":"max-snippet:-1","max-image-preview":"max-image-preview:large","max-video-preview":"max-video-preview:-1"},"canonical":"https:\/\/artantica.hyst.eu\/proiettore-super-8-micro-25-super\/","og_locale":"fr_FR","og_type":"article","og_title":"[:it]Proiettore Micron 25 Super[:fr]Projecteur Micron 25 Super[:] &middot; ArtAntica","og_description":"Le projecteur sonore Super micron 25, marque Microtecnica, p\u00e8se environ 17 Kg. L&rsquo;\u00e9quipement des ann\u00e9es 70 fait partie, avec d&rsquo;autres mod\u00e8les de 16 mm, de la Micron s\u00e9rie (Micron XXV C, Micron 600, OPL Micron 27, OPL Micron 28 Microtecnic O \/ M), la derni\u00e8re s\u00e9rie produite par la marque Microtecnica.","og_url":"https:\/\/artantica.hyst.eu\/proiettore-super-8-micro-25-super\/","og_site_name":"ArtAntica","article_modified_time":"2017-10-05T15:09:24+00:00","twitter_card":"summary","schema":{"@context":"https:\/\/schema.org","@graph":[{"@type":"WebSite","@id":"https:\/\/artantica.hyst.eu\/fr\/#website","url":"https:\/\/artantica.hyst.eu\/fr\/","name":"ArtAntica","description":"Just another Multisite SxA site","potentialAction":[{"@type":"SearchAction","target":{"@type":"EntryPoint","urlTemplate":"https:\/\/artantica.hyst.eu\/fr\/?s={search_term_string}"},"query-input":"required name=search_term_string"}],"inLanguage":"fr-FR"},{"@type":"WebPage","@id":"https:\/\/artantica.hyst.eu\/proiettore-super-8-micro-25-super\/#webpage","url":"https:\/\/artantica.hyst.eu\/proiettore-super-8-micro-25-super\/","name":"[:it]Proiettore Micron 25 Super[:fr]Projecteur Micron 25 Super[:] &middot; ArtAntica","isPartOf":{"@id":"https:\/\/artantica.hyst.eu\/fr\/#website"},"datePublished":"2017-01-24T09:48:31+00:00","dateModified":"2017-10-05T15:09:24+00:00","breadcrumb":{"@id":"https:\/\/artantica.hyst.eu\/proiettore-super-8-micro-25-super\/#breadcrumb"},"inLanguage":"fr-FR","potentialAction":[{"@type":"ReadAction","target":["https:\/\/artantica.hyst.eu\/proiettore-super-8-micro-25-super\/"]}]},{"@type":"BreadcrumbList","@id":"https:\/\/artantica.hyst.eu\/proiettore-super-8-micro-25-super\/#breadcrumb","itemListElement":[{"@type":"ListItem","position":1,"name":"Home","item":"https:\/\/artantica.hyst.eu\/"},{"@type":"ListItem","position":2,"name":"Proiettore Micron 25 Super"}]}]}},"_links":{"self":[{"href":"https:\/\/artantica.hyst.eu\/fr\/wp-json\/wp\/v2\/pages\/390"}],"collection":[{"href":"https:\/\/artantica.hyst.eu\/fr\/wp-json\/wp\/v2\/pages"}],"about":[{"href":"https:\/\/artantica.hyst.eu\/fr\/wp-json\/wp\/v2\/types\/page"}],"author":[{"embeddable":true,"href":"https:\/\/artantica.hyst.eu\/fr\/wp-json\/wp\/v2\/users\/80"}],"replies":[{"embeddable":true,"href":"https:\/\/artantica.hyst.eu\/fr\/wp-json\/wp\/v2\/comments?post=390"}],"version-history":[{"count":5,"href":"https:\/\/artantica.hyst.eu\/fr\/wp-json\/wp\/v2\/pages\/390\/revisions"}],"predecessor-version":[{"id":1071,"href":"https:\/\/artantica.hyst.eu\/fr\/wp-json\/wp\/v2\/pages\/390\/revisions\/1071"}],"wp:attachment":[{"href":"https:\/\/artantica.hyst.eu\/fr\/wp-json\/wp\/v2\/media?parent=390"}],"curies":[{"name":"wp","href":"https:\/\/api.w.org\/{rel}","templated":true}]}}