{"id":387,"date":"2017-01-24T09:47:50","date_gmt":"2017-01-24T09:47:50","guid":{"rendered":"http:\/\/artantica.hyst.eu\/?page_id=387"},"modified":"2017-10-05T14:57:54","modified_gmt":"2017-10-05T14:57:54","slug":"proiettore-saama","status":"publish","type":"page","link":"https:\/\/artantica.hyst.eu\/fr\/proiettore-saama\/","title":{"rendered":"Projecteur Silma"},"content":{"rendered":"<p><!-- index.php -->\n<div\n\tclass=\"ngg-galleryoverview ngg-ajax-pagination-none\"\n\tid=\"ngg-gallery-fa00a9542b216f0227583a52e8c7e3aa-1\">\n\n    \t\t<!-- Thumbnails -->\n\t\t\t\t<div id=\"ngg-image-0\" class=\"ngg-gallery-thumbnail-box\" >\n\t\t\t\t        <div class=\"ngg-gallery-thumbnail\">\n            <a href=\"https:\/\/artantica.hyst.eu\/wp-content\/uploads\/sites\/8\/nggallery\/proiettore-saama\/ProiettoreSaama_01.jpg\"\n               title=\"\"\n               data-src=\"https:\/\/artantica.hyst.eu\/wp-content\/uploads\/sites\/8\/nggallery\/proiettore-saama\/ProiettoreSaama_01.jpg\"\n               data-thumbnail=\"https:\/\/artantica.hyst.eu\/wp-content\/uploads\/sites\/8\/nggallery\/proiettore-saama\/thumbs\/thumbs_ProiettoreSaama_01.jpg\"\n               data-image-id=\"128\"\n               data-title=\"Proiettore Saama\"\n               data-description=\"\"\n               data-image-slug=\"proiettoresaama_01\"\n               class=\"ngg-fancybox\" rel=\"fa00a9542b216f0227583a52e8c7e3aa\">\n                <img\n                    title=\"Proiettore Saama\"\n                    alt=\"Proiettore Saama\"\n                    src=\"https:\/\/artantica.hyst.eu\/wp-content\/uploads\/sites\/8\/nggallery\/proiettore-saama\/thumbs\/thumbs_ProiettoreSaama_01.jpg\"\n                    width=\"200\"\n                    height=\"120\"\n                    style=\"max-width:100%;\"\n                \/>\n            <\/a>\n        <\/div>\n\t\t\t\t\t\t\t<\/div> \n\t\t\t\n        \n\t\t\t\t<div id=\"ngg-image-1\" class=\"ngg-gallery-thumbnail-box\" >\n\t\t\t\t        <div class=\"ngg-gallery-thumbnail\">\n            <a href=\"https:\/\/artantica.hyst.eu\/wp-content\/uploads\/sites\/8\/nggallery\/proiettore-saama\/ProiettoreSaama_02.jpg\"\n               title=\"\"\n               data-src=\"https:\/\/artantica.hyst.eu\/wp-content\/uploads\/sites\/8\/nggallery\/proiettore-saama\/ProiettoreSaama_02.jpg\"\n               data-thumbnail=\"https:\/\/artantica.hyst.eu\/wp-content\/uploads\/sites\/8\/nggallery\/proiettore-saama\/thumbs\/thumbs_ProiettoreSaama_02.jpg\"\n               data-image-id=\"129\"\n               data-title=\"Proiettore Saama\"\n               data-description=\"\"\n               data-image-slug=\"proiettoresaama_02\"\n               class=\"ngg-fancybox\" rel=\"fa00a9542b216f0227583a52e8c7e3aa\">\n                <img\n                    title=\"Proiettore Saama\"\n                    alt=\"Proiettore Saama\"\n                    src=\"https:\/\/artantica.hyst.eu\/wp-content\/uploads\/sites\/8\/nggallery\/proiettore-saama\/thumbs\/thumbs_ProiettoreSaama_02.jpg\"\n                    width=\"200\"\n                    height=\"120\"\n                    style=\"max-width:100%;\"\n                \/>\n            <\/a>\n        <\/div>\n\t\t\t\t\t\t\t<\/div> \n\t\t\t\n        \n\t\t\t\t<div id=\"ngg-image-2\" class=\"ngg-gallery-thumbnail-box\" >\n\t\t\t\t        <div class=\"ngg-gallery-thumbnail\">\n            <a href=\"https:\/\/artantica.hyst.eu\/wp-content\/uploads\/sites\/8\/nggallery\/proiettore-saama\/ProiettoreSaama_03.jpg\"\n               title=\"\"\n               data-src=\"https:\/\/artantica.hyst.eu\/wp-content\/uploads\/sites\/8\/nggallery\/proiettore-saama\/ProiettoreSaama_03.jpg\"\n               data-thumbnail=\"https:\/\/artantica.hyst.eu\/wp-content\/uploads\/sites\/8\/nggallery\/proiettore-saama\/thumbs\/thumbs_ProiettoreSaama_03.jpg\"\n               data-image-id=\"130\"\n               data-title=\"Proiettore Saama\"\n               data-description=\"\"\n               data-image-slug=\"proiettoresaama_03\"\n               class=\"ngg-fancybox\" rel=\"fa00a9542b216f0227583a52e8c7e3aa\">\n                <img\n                    title=\"Proiettore Saama\"\n                    alt=\"Proiettore Saama\"\n                    src=\"https:\/\/artantica.hyst.eu\/wp-content\/uploads\/sites\/8\/nggallery\/proiettore-saama\/thumbs\/thumbs_ProiettoreSaama_03.jpg\"\n                    width=\"200\"\n                    height=\"120\"\n                    style=\"max-width:100%;\"\n                \/>\n            <\/a>\n        <\/div>\n\t\t\t\t\t\t\t<\/div> \n\t\t\t\n        \n\t\t\t\t<div id=\"ngg-image-3\" class=\"ngg-gallery-thumbnail-box\" >\n\t\t\t\t        <div class=\"ngg-gallery-thumbnail\">\n            <a href=\"https:\/\/artantica.hyst.eu\/wp-content\/uploads\/sites\/8\/nggallery\/proiettore-saama\/ProiettoreSaama_04.jpg\"\n               title=\"\"\n               data-src=\"https:\/\/artantica.hyst.eu\/wp-content\/uploads\/sites\/8\/nggallery\/proiettore-saama\/ProiettoreSaama_04.jpg\"\n               data-thumbnail=\"https:\/\/artantica.hyst.eu\/wp-content\/uploads\/sites\/8\/nggallery\/proiettore-saama\/thumbs\/thumbs_ProiettoreSaama_04.jpg\"\n               data-image-id=\"131\"\n               data-title=\"Proiettore Saama\"\n               data-description=\"\"\n               data-image-slug=\"proiettoresaama_04\"\n               class=\"ngg-fancybox\" rel=\"fa00a9542b216f0227583a52e8c7e3aa\">\n                <img\n                    title=\"Proiettore Saama\"\n                    alt=\"Proiettore Saama\"\n                    src=\"https:\/\/artantica.hyst.eu\/wp-content\/uploads\/sites\/8\/nggallery\/proiettore-saama\/thumbs\/thumbs_ProiettoreSaama_04.jpg\"\n                    width=\"200\"\n                    height=\"120\"\n                    style=\"max-width:100%;\"\n                \/>\n            <\/a>\n        <\/div>\n\t\t\t\t\t\t\t<\/div> \n\t\t\t\n        \n\t\t\t\t<div id=\"ngg-image-4\" class=\"ngg-gallery-thumbnail-box\" >\n\t\t\t\t        <div class=\"ngg-gallery-thumbnail\">\n            <a href=\"https:\/\/artantica.hyst.eu\/wp-content\/uploads\/sites\/8\/nggallery\/proiettore-saama\/ProiettoreSaama_05.jpg\"\n               title=\"\"\n               data-src=\"https:\/\/artantica.hyst.eu\/wp-content\/uploads\/sites\/8\/nggallery\/proiettore-saama\/ProiettoreSaama_05.jpg\"\n               data-thumbnail=\"https:\/\/artantica.hyst.eu\/wp-content\/uploads\/sites\/8\/nggallery\/proiettore-saama\/thumbs\/thumbs_ProiettoreSaama_05.jpg\"\n               data-image-id=\"132\"\n               data-title=\"Proiettore Saama\"\n               data-description=\"\"\n               data-image-slug=\"proiettoresaama_05\"\n               class=\"ngg-fancybox\" rel=\"fa00a9542b216f0227583a52e8c7e3aa\">\n                <img\n                    title=\"Proiettore Saama\"\n                    alt=\"Proiettore Saama\"\n                    src=\"https:\/\/artantica.hyst.eu\/wp-content\/uploads\/sites\/8\/nggallery\/proiettore-saama\/thumbs\/thumbs_ProiettoreSaama_05.jpg\"\n                    width=\"200\"\n                    height=\"120\"\n                    style=\"max-width:100%;\"\n                \/>\n            <\/a>\n        <\/div>\n\t\t\t\t\t\t\t<\/div> \n\t\t\t\n        \n\t\t\t\t<div id=\"ngg-image-5\" class=\"ngg-gallery-thumbnail-box\" >\n\t\t\t\t        <div class=\"ngg-gallery-thumbnail\">\n            <a href=\"https:\/\/artantica.hyst.eu\/wp-content\/uploads\/sites\/8\/nggallery\/proiettore-saama\/ProiettoreSaama_06.jpg\"\n               title=\"\"\n               data-src=\"https:\/\/artantica.hyst.eu\/wp-content\/uploads\/sites\/8\/nggallery\/proiettore-saama\/ProiettoreSaama_06.jpg\"\n               data-thumbnail=\"https:\/\/artantica.hyst.eu\/wp-content\/uploads\/sites\/8\/nggallery\/proiettore-saama\/thumbs\/thumbs_ProiettoreSaama_06.jpg\"\n               data-image-id=\"133\"\n               data-title=\"Proiettore Saama\"\n               data-description=\"\"\n               data-image-slug=\"proiettoresaama_06\"\n               class=\"ngg-fancybox\" rel=\"fa00a9542b216f0227583a52e8c7e3aa\">\n                <img\n                    title=\"Proiettore Saama\"\n                    alt=\"Proiettore Saama\"\n                    src=\"https:\/\/artantica.hyst.eu\/wp-content\/uploads\/sites\/8\/nggallery\/proiettore-saama\/thumbs\/thumbs_ProiettoreSaama_06.jpg\"\n                    width=\"200\"\n                    height=\"120\"\n                    style=\"max-width:100%;\"\n                \/>\n            <\/a>\n        <\/div>\n\t\t\t\t\t\t\t<\/div> \n\t\t\t\n        \n\t\t\n\t\t<!-- Pagination -->\n\t<div class='ngg-clear'><\/div>\t<\/div>\n<\/p>\n<p>Super 8 Silma 250 S. Projecteur sonore. Aujourd&rsquo;hui rare, con\u00e7u et construit par \u00ab\u00a0Silma\u00a0\u00bb dans les ann\u00e9es 70; un produit s\u00fbrement de haute qualit\u00e9 pour ces ann\u00e9es l\u00e0 . Un v\u00e9ritable objet de culte pour les collectionneurs et les passionn\u00e9s de l&rsquo;industrie.<\/p>\n<p>\u00ab\u00a0Silma\u00a0\u00bb a \u00e9t\u00e9 l&rsquo;entreprise productricer de projecteurs et cam\u00e9ra 8mm et Super8; n\u00e9e en 1951 \u00e0 Rivoli (Turin) initialement sous le nom de \u00ab\u00a0Spa Film\u00a0\u00bb, elle a pris alors le nom de Silma en 1959 et, dans les ann\u00e9es \u00e0 venir, a produit des \u00e9quipements pour Bosch Group Bauer, Bolex Paillard et d&rsquo;autres entreprises de l&rsquo;industrie telles que Eumig et Rollei. Elle a cess\u00e9 ses activit\u00e9s en 1985.<\/p>","protected":false},"excerpt":{"rendered":"<p>Super 8 Silma 250 S. Projecteur sonore. Aujourd&rsquo;hui rare, con\u00e7u et construit par \u00ab\u00a0Silma\u00a0\u00bb dans les ann\u00e9es 70; un produit s\u00fbrement de haute qualit\u00e9 pour ces ann\u00e9es l\u00e0 . Un v\u00e9ritable objet de culte pour les collectionneurs et les passionn\u00e9s de l&rsquo;industrie. \u00ab\u00a0Silma\u00a0\u00bb a \u00e9t\u00e9 l&rsquo;entreprise productricer de projecteurs et cam\u00e9ra 8mm et Super8; n\u00e9e [&hellip;]<\/p>\n","protected":false},"author":80,"featured_media":0,"parent":0,"menu_order":0,"comment_status":"closed","ping_status":"closed","template":"","meta":{"om_disable_all_campaigns":false,"_monsterinsights_skip_tracking":false,"_monsterinsights_sitenote_active":false,"_monsterinsights_sitenote_note":"","_monsterinsights_sitenote_category":0,"ngg_post_thumbnail":0,"spay_email":""},"yoast_head":"<!-- This site is optimized with the Yoast SEO plugin v18.4.1 - https:\/\/yoast.com\/wordpress\/plugins\/seo\/ -->\n<title>Projecteur Silma &middot; ArtAntica<\/title>\n<meta name=\"robots\" content=\"index, follow, max-snippet:-1, max-image-preview:large, max-video-preview:-1\" \/>\n<link rel=\"canonical\" href=\"https:\/\/artantica.hyst.eu\/proiettore-saama\/\" \/>\n<meta property=\"og:locale\" content=\"fr_FR\" \/>\n<meta property=\"og:type\" content=\"article\" \/>\n<meta property=\"og:title\" content=\"[:it]Proiettore Silma[:fr]Projecteur Silma[:] &middot; ArtAntica\" \/>\n<meta property=\"og:description\" content=\"Super 8 Silma 250 S. Projecteur sonore. Aujourd&rsquo;hui rare, con\u00e7u et construit par \u00ab\u00a0Silma\u00a0\u00bb dans les ann\u00e9es 70; un produit s\u00fbrement de haute qualit\u00e9 pour ces ann\u00e9es l\u00e0 . Un v\u00e9ritable objet de culte pour les collectionneurs et les passionn\u00e9s de l&rsquo;industrie. \u00ab\u00a0Silma\u00a0\u00bb a \u00e9t\u00e9 l&rsquo;entreprise productricer de projecteurs et cam\u00e9ra 8mm et Super8; n\u00e9e [&hellip;]\" \/>\n<meta property=\"og:url\" content=\"https:\/\/artantica.hyst.eu\/proiettore-saama\/\" \/>\n<meta property=\"og:site_name\" content=\"ArtAntica\" \/>\n<meta property=\"article:modified_time\" content=\"2017-10-05T14:57:54+00:00\" \/>\n<meta name=\"twitter:card\" content=\"summary\" \/>\n<meta name=\"twitter:label1\" content=\"Dur\u00e9e de lecture estim\u00e9e\" \/>\n\t<meta name=\"twitter:data1\" content=\"1 minute\" \/>\n<script type=\"application\/ld+json\" class=\"yoast-schema-graph\">{\"@context\":\"https:\/\/schema.org\",\"@graph\":[{\"@type\":\"WebSite\",\"@id\":\"https:\/\/artantica.hyst.eu\/fr\/#website\",\"url\":\"https:\/\/artantica.hyst.eu\/fr\/\",\"name\":\"ArtAntica\",\"description\":\"Just another Multisite SxA site\",\"potentialAction\":[{\"@type\":\"SearchAction\",\"target\":{\"@type\":\"EntryPoint\",\"urlTemplate\":\"https:\/\/artantica.hyst.eu\/fr\/?s={search_term_string}\"},\"query-input\":\"required name=search_term_string\"}],\"inLanguage\":\"fr-FR\"},{\"@type\":\"WebPage\",\"@id\":\"https:\/\/artantica.hyst.eu\/proiettore-saama\/#webpage\",\"url\":\"https:\/\/artantica.hyst.eu\/proiettore-saama\/\",\"name\":\"[:it]Proiettore Silma[:fr]Projecteur Silma[:] &middot; ArtAntica\",\"isPartOf\":{\"@id\":\"https:\/\/artantica.hyst.eu\/fr\/#website\"},\"datePublished\":\"2017-01-24T09:47:50+00:00\",\"dateModified\":\"2017-10-05T14:57:54+00:00\",\"breadcrumb\":{\"@id\":\"https:\/\/artantica.hyst.eu\/proiettore-saama\/#breadcrumb\"},\"inLanguage\":\"fr-FR\",\"potentialAction\":[{\"@type\":\"ReadAction\",\"target\":[\"https:\/\/artantica.hyst.eu\/proiettore-saama\/\"]}]},{\"@type\":\"BreadcrumbList\",\"@id\":\"https:\/\/artantica.hyst.eu\/proiettore-saama\/#breadcrumb\",\"itemListElement\":[{\"@type\":\"ListItem\",\"position\":1,\"name\":\"Home\",\"item\":\"https:\/\/artantica.hyst.eu\/\"},{\"@type\":\"ListItem\",\"position\":2,\"name\":\"Proiettore Silma\"}]}]}<\/script>\n<!-- \/ Yoast SEO plugin. -->","yoast_head_json":{"title":"[:it]Proiettore Silma[:fr]Projecteur Silma[:] &middot; ArtAntica","robots":{"index":"index","follow":"follow","max-snippet":"max-snippet:-1","max-image-preview":"max-image-preview:large","max-video-preview":"max-video-preview:-1"},"canonical":"https:\/\/artantica.hyst.eu\/proiettore-saama\/","og_locale":"fr_FR","og_type":"article","og_title":"[:it]Proiettore Silma[:fr]Projecteur Silma[:] &middot; ArtAntica","og_description":"Super 8 Silma 250 S. Projecteur sonore. Aujourd&rsquo;hui rare, con\u00e7u et construit par \u00ab\u00a0Silma\u00a0\u00bb dans les ann\u00e9es 70; un produit s\u00fbrement de haute qualit\u00e9 pour ces ann\u00e9es l\u00e0 . Un v\u00e9ritable objet de culte pour les collectionneurs et les passionn\u00e9s de l&rsquo;industrie. \u00ab\u00a0Silma\u00a0\u00bb a \u00e9t\u00e9 l&rsquo;entreprise productricer de projecteurs et cam\u00e9ra 8mm et Super8; n\u00e9e [&hellip;]","og_url":"https:\/\/artantica.hyst.eu\/proiettore-saama\/","og_site_name":"ArtAntica","article_modified_time":"2017-10-05T14:57:54+00:00","twitter_card":"summary","twitter_misc":{"Dur\u00e9e de lecture estim\u00e9e":"1 minute"},"schema":{"@context":"https:\/\/schema.org","@graph":[{"@type":"WebSite","@id":"https:\/\/artantica.hyst.eu\/fr\/#website","url":"https:\/\/artantica.hyst.eu\/fr\/","name":"ArtAntica","description":"Just another Multisite SxA site","potentialAction":[{"@type":"SearchAction","target":{"@type":"EntryPoint","urlTemplate":"https:\/\/artantica.hyst.eu\/fr\/?s={search_term_string}"},"query-input":"required name=search_term_string"}],"inLanguage":"fr-FR"},{"@type":"WebPage","@id":"https:\/\/artantica.hyst.eu\/proiettore-saama\/#webpage","url":"https:\/\/artantica.hyst.eu\/proiettore-saama\/","name":"[:it]Proiettore Silma[:fr]Projecteur Silma[:] &middot; ArtAntica","isPartOf":{"@id":"https:\/\/artantica.hyst.eu\/fr\/#website"},"datePublished":"2017-01-24T09:47:50+00:00","dateModified":"2017-10-05T14:57:54+00:00","breadcrumb":{"@id":"https:\/\/artantica.hyst.eu\/proiettore-saama\/#breadcrumb"},"inLanguage":"fr-FR","potentialAction":[{"@type":"ReadAction","target":["https:\/\/artantica.hyst.eu\/proiettore-saama\/"]}]},{"@type":"BreadcrumbList","@id":"https:\/\/artantica.hyst.eu\/proiettore-saama\/#breadcrumb","itemListElement":[{"@type":"ListItem","position":1,"name":"Home","item":"https:\/\/artantica.hyst.eu\/"},{"@type":"ListItem","position":2,"name":"Proiettore Silma"}]}]}},"_links":{"self":[{"href":"https:\/\/artantica.hyst.eu\/fr\/wp-json\/wp\/v2\/pages\/387"}],"collection":[{"href":"https:\/\/artantica.hyst.eu\/fr\/wp-json\/wp\/v2\/pages"}],"about":[{"href":"https:\/\/artantica.hyst.eu\/fr\/wp-json\/wp\/v2\/types\/page"}],"author":[{"embeddable":true,"href":"https:\/\/artantica.hyst.eu\/fr\/wp-json\/wp\/v2\/users\/80"}],"replies":[{"embeddable":true,"href":"https:\/\/artantica.hyst.eu\/fr\/wp-json\/wp\/v2\/comments?post=387"}],"version-history":[{"count":5,"href":"https:\/\/artantica.hyst.eu\/fr\/wp-json\/wp\/v2\/pages\/387\/revisions"}],"predecessor-version":[{"id":1066,"href":"https:\/\/artantica.hyst.eu\/fr\/wp-json\/wp\/v2\/pages\/387\/revisions\/1066"}],"wp:attachment":[{"href":"https:\/\/artantica.hyst.eu\/fr\/wp-json\/wp\/v2\/media?parent=387"}],"curies":[{"name":"wp","href":"https:\/\/api.w.org\/{rel}","templated":true}]}}