{"id":377,"date":"2017-01-24T09:40:26","date_gmt":"2017-01-24T09:40:26","guid":{"rendered":"http:\/\/artantica.hyst.eu\/?page_id=377"},"modified":"2017-09-29T10:53:53","modified_gmt":"2017-09-29T10:53:53","slug":"cinepresa-canon-super-8-autozoom-518-sv","status":"publish","type":"page","link":"https:\/\/artantica.hyst.eu\/fr\/cinepresa-canon-super-8-autozoom-518-sv\/","title":{"rendered":"Cam\u00e9ra Canon Super 8 autozoom 518 SV"},"content":{"rendered":"<p><!-- index.php -->\n<div\n\tclass=\"ngg-galleryoverview ngg-ajax-pagination-none\"\n\tid=\"ngg-gallery-21cfe241c849a25d78c786928f185cb9-1\">\n\n    \t\t<!-- Thumbnails -->\n\t\t\t\t<div id=\"ngg-image-0\" class=\"ngg-gallery-thumbnail-box\" >\n\t\t\t\t        <div class=\"ngg-gallery-thumbnail\">\n            <a href=\"https:\/\/artantica.hyst.eu\/wp-content\/uploads\/sites\/8\/nggallery\/cinepresa-canon\/CinepresaCanon_01.jpg\"\n               title=\"\"\n               data-src=\"https:\/\/artantica.hyst.eu\/wp-content\/uploads\/sites\/8\/nggallery\/cinepresa-canon\/CinepresaCanon_01.jpg\"\n               data-thumbnail=\"https:\/\/artantica.hyst.eu\/wp-content\/uploads\/sites\/8\/nggallery\/cinepresa-canon\/thumbs\/thumbs_CinepresaCanon_01.jpg\"\n               data-image-id=\"115\"\n               data-title=\"Cinepresa Canon\"\n               data-description=\"\"\n               data-image-slug=\"cinepresacanon_01\"\n               class=\"ngg-fancybox\" rel=\"21cfe241c849a25d78c786928f185cb9\">\n                <img\n                    title=\"Cinepresa Canon\"\n                    alt=\"Cinepresa Canon\"\n                    src=\"https:\/\/artantica.hyst.eu\/wp-content\/uploads\/sites\/8\/nggallery\/cinepresa-canon\/thumbs\/thumbs_CinepresaCanon_01.jpg\"\n                    width=\"200\"\n                    height=\"120\"\n                    style=\"max-width:100%;\"\n                \/>\n            <\/a>\n        <\/div>\n\t\t\t\t\t\t\t<\/div> \n\t\t\t\n        \n\t\t\t\t<div id=\"ngg-image-1\" class=\"ngg-gallery-thumbnail-box\" >\n\t\t\t\t        <div class=\"ngg-gallery-thumbnail\">\n            <a href=\"https:\/\/artantica.hyst.eu\/wp-content\/uploads\/sites\/8\/nggallery\/cinepresa-canon\/CinepresaCanon_02.jpg\"\n               title=\"\"\n               data-src=\"https:\/\/artantica.hyst.eu\/wp-content\/uploads\/sites\/8\/nggallery\/cinepresa-canon\/CinepresaCanon_02.jpg\"\n               data-thumbnail=\"https:\/\/artantica.hyst.eu\/wp-content\/uploads\/sites\/8\/nggallery\/cinepresa-canon\/thumbs\/thumbs_CinepresaCanon_02.jpg\"\n               data-image-id=\"116\"\n               data-title=\"Cinepresa Canon\"\n               data-description=\"\"\n               data-image-slug=\"cinepresacanon_02\"\n               class=\"ngg-fancybox\" rel=\"21cfe241c849a25d78c786928f185cb9\">\n                <img\n                    title=\"Cinepresa Canon\"\n                    alt=\"Cinepresa Canon\"\n                    src=\"https:\/\/artantica.hyst.eu\/wp-content\/uploads\/sites\/8\/nggallery\/cinepresa-canon\/thumbs\/thumbs_CinepresaCanon_02.jpg\"\n                    width=\"200\"\n                    height=\"120\"\n                    style=\"max-width:100%;\"\n                \/>\n            <\/a>\n        <\/div>\n\t\t\t\t\t\t\t<\/div> \n\t\t\t\n        \n\t\t\t\t<div id=\"ngg-image-2\" class=\"ngg-gallery-thumbnail-box\" >\n\t\t\t\t        <div class=\"ngg-gallery-thumbnail\">\n            <a href=\"https:\/\/artantica.hyst.eu\/wp-content\/uploads\/sites\/8\/nggallery\/cinepresa-canon\/CinepresaCanon_03.jpg\"\n               title=\"\"\n               data-src=\"https:\/\/artantica.hyst.eu\/wp-content\/uploads\/sites\/8\/nggallery\/cinepresa-canon\/CinepresaCanon_03.jpg\"\n               data-thumbnail=\"https:\/\/artantica.hyst.eu\/wp-content\/uploads\/sites\/8\/nggallery\/cinepresa-canon\/thumbs\/thumbs_CinepresaCanon_03.jpg\"\n               data-image-id=\"117\"\n               data-title=\"Cinepresa Canon\"\n               data-description=\"\"\n               data-image-slug=\"cinepresacanon_03\"\n               class=\"ngg-fancybox\" rel=\"21cfe241c849a25d78c786928f185cb9\">\n                <img\n                    title=\"Cinepresa Canon\"\n                    alt=\"Cinepresa Canon\"\n                    src=\"https:\/\/artantica.hyst.eu\/wp-content\/uploads\/sites\/8\/nggallery\/cinepresa-canon\/thumbs\/thumbs_CinepresaCanon_03.jpg\"\n                    width=\"200\"\n                    height=\"120\"\n                    style=\"max-width:100%;\"\n                \/>\n            <\/a>\n        <\/div>\n\t\t\t\t\t\t\t<\/div> \n\t\t\t\n        \n\t\t\t\t<div id=\"ngg-image-3\" class=\"ngg-gallery-thumbnail-box\" >\n\t\t\t\t        <div class=\"ngg-gallery-thumbnail\">\n            <a href=\"https:\/\/artantica.hyst.eu\/wp-content\/uploads\/sites\/8\/nggallery\/cinepresa-canon\/CinepresaCanon_04.jpg\"\n               title=\"\"\n               data-src=\"https:\/\/artantica.hyst.eu\/wp-content\/uploads\/sites\/8\/nggallery\/cinepresa-canon\/CinepresaCanon_04.jpg\"\n               data-thumbnail=\"https:\/\/artantica.hyst.eu\/wp-content\/uploads\/sites\/8\/nggallery\/cinepresa-canon\/thumbs\/thumbs_CinepresaCanon_04.jpg\"\n               data-image-id=\"118\"\n               data-title=\"Cinepresa Canon\"\n               data-description=\"\"\n               data-image-slug=\"cinepresacanon_04\"\n               class=\"ngg-fancybox\" rel=\"21cfe241c849a25d78c786928f185cb9\">\n                <img\n                    title=\"Cinepresa Canon\"\n                    alt=\"Cinepresa Canon\"\n                    src=\"https:\/\/artantica.hyst.eu\/wp-content\/uploads\/sites\/8\/nggallery\/cinepresa-canon\/thumbs\/thumbs_CinepresaCanon_04.jpg\"\n                    width=\"200\"\n                    height=\"120\"\n                    style=\"max-width:100%;\"\n                \/>\n            <\/a>\n        <\/div>\n\t\t\t\t\t\t\t<\/div> \n\t\t\t\n        \n\t\t\t\t<div id=\"ngg-image-4\" class=\"ngg-gallery-thumbnail-box\" >\n\t\t\t\t        <div class=\"ngg-gallery-thumbnail\">\n            <a href=\"https:\/\/artantica.hyst.eu\/wp-content\/uploads\/sites\/8\/nggallery\/cinepresa-canon\/CinepresaCanon_05.jpg\"\n               title=\"\"\n               data-src=\"https:\/\/artantica.hyst.eu\/wp-content\/uploads\/sites\/8\/nggallery\/cinepresa-canon\/CinepresaCanon_05.jpg\"\n               data-thumbnail=\"https:\/\/artantica.hyst.eu\/wp-content\/uploads\/sites\/8\/nggallery\/cinepresa-canon\/thumbs\/thumbs_CinepresaCanon_05.jpg\"\n               data-image-id=\"119\"\n               data-title=\"Cinepresa Canon\"\n               data-description=\"\"\n               data-image-slug=\"cinepresacanon_05\"\n               class=\"ngg-fancybox\" rel=\"21cfe241c849a25d78c786928f185cb9\">\n                <img\n                    title=\"Cinepresa Canon\"\n                    alt=\"Cinepresa Canon\"\n                    src=\"https:\/\/artantica.hyst.eu\/wp-content\/uploads\/sites\/8\/nggallery\/cinepresa-canon\/thumbs\/thumbs_CinepresaCanon_05.jpg\"\n                    width=\"200\"\n                    height=\"120\"\n                    style=\"max-width:100%;\"\n                \/>\n            <\/a>\n        <\/div>\n\t\t\t\t\t\t\t<\/div> \n\t\t\t\n        \n\t\t\n\t\t<!-- Pagination -->\n\t<div class='ngg-clear'><\/div>\t<\/div>\n<\/p>\n<p>Commercialis\u00e9 en mars 1971 (prix initial de 45 000 yens).<\/p>\n<p>Ce mod\u00e8le est la version \u00ab\u00a0Super 8\u00a0\u00bb du \u00ab\u00a0Single 8 518 SV\u00a0\u00bb d\u00e9velopp\u00e9e en m\u00eame temps.<br \/>\nPar rapport au mod\u00e8le pr\u00e9c\u00e9dent (Auto Zoom 518 Super 8), cette performance a \u00e9t\u00e9 consid\u00e9rablement am\u00e9lior\u00e9e gr\u00e2ce \u00e0 un puissant moteur de service et \u00e0 un nouveau syst\u00e8me optique.<\/p>\n<p><strong>Informations techniques<\/strong><\/p>\n<table class=\"info\">\n<tbody>\n<tr>\n<th>Mesures<\/th>\n<td>largeur: mm 60,5<br \/>\n            profondeur: mm 212<br \/>\n            hauteur: mm 193,5<\/td>\n<\/tr>\n<tr>\n<th>Poids<\/th>\n<td>g 1200 (corps seulement)<\/td>\n<\/tr>\n<tr>\n<th>Taille de l&rsquo;image<\/th>\n<td>mm 4,2 x 5,7<\/td>\n<\/tr>\n<tr>\n<th>Taille de l&rsquo;image de projection<\/th>\n<td>mm 4 x 5,4<\/td>\n<\/tr>\n<tr>\n<th>Longueur focale<\/th>\n<td>mm 9,5 &#8211; 47,5<\/td>\n<\/tr>\n<tr>\n<th>Ouverture<\/th>\n<td>1,8<\/td>\n<\/tr>\n<tr>\n<th>Diagramme optique<\/th>\n<td>14 \u00e9l\u00e9ments en 11 groupes, dont 6 nouveaux \u00e9l\u00e9ments en verre<\/td>\n<\/tr>\n<tr>\n<th>Diam\u00e8tre int\u00e9rieur<\/th>\n<td>mm 48<\/td>\n<\/tr>\n<tr>\n<th>Diam\u00e8tre ext\u00e9rieur<\/th>\n<td>mm 50<\/td>\n<\/tr>\n<tr>\n<th>Mise au point <\/th>\n<td>manuale manuelle (m\u00e9thode de la lentille rotative en groupe avant), 1,2 m infiniment<\/td>\n<\/tr>\n<tr>\n<th>Contr\u00f4le de vitesse<\/th>\n<td>environ 6 sec.; zoom manuel de l&rsquo;anneau<\/td>\n<\/tr>\n<tr>\n<th>Angle de rotation<\/th>\n<td>env. 100 degr\u00e9s<\/td>\n<\/tr>\n<tr>\n<th>Diam\u00e8tre du filtre<\/th>\n<td>mm 48<\/td>\n<\/tr>\n<tr>\n<th>R\u00e9glage du diaphragme<\/th>\n<td>automatique et manuel<\/td>\n<\/tr>\n<tr>\n<th>Cadence de prise de vue<\/th>\n<td>18-24 fps, et ralenti 36 fps<\/td>\n<\/tr>\n<tr>\n<th>Aliment\u00e9<\/th>\n<td>par quatre piles A<\/td>\n<\/tr>\n<tr>\n<th>Autonomie du chargeur \u00e0 temp\u00e9rature ambiante<\/th>\n<td>10 pi\u00e8ces<\/td>\n<\/tr>\n<\/tbody>\n<\/table>\n<p><\/p>","protected":false},"excerpt":{"rendered":"<p>Commercialis\u00e9 en mars 1971 (prix initial de 45 000 yens). Ce mod\u00e8le est la version \u00ab\u00a0Super 8\u00a0\u00bb du \u00ab\u00a0Single 8 518 SV\u00a0\u00bb d\u00e9velopp\u00e9e en m\u00eame temps. Par rapport au mod\u00e8le pr\u00e9c\u00e9dent (Auto Zoom 518 Super 8), cette performance a \u00e9t\u00e9 consid\u00e9rablement am\u00e9lior\u00e9e gr\u00e2ce \u00e0 un puissant moteur de service et \u00e0 un nouveau syst\u00e8me optique. [&hellip;]<\/p>\n","protected":false},"author":80,"featured_media":0,"parent":0,"menu_order":0,"comment_status":"closed","ping_status":"closed","template":"","meta":{"om_disable_all_campaigns":false,"_monsterinsights_skip_tracking":false,"_monsterinsights_sitenote_active":false,"_monsterinsights_sitenote_note":"","_monsterinsights_sitenote_category":0,"ngg_post_thumbnail":0,"spay_email":""},"yoast_head":"<!-- This site is optimized with the Yoast SEO plugin v18.4.1 - https:\/\/yoast.com\/wordpress\/plugins\/seo\/ -->\n<title>Cam\u00e9ra Canon Super 8 autozoom 518 SV &middot; ArtAntica<\/title>\n<meta name=\"robots\" content=\"index, follow, max-snippet:-1, max-image-preview:large, max-video-preview:-1\" \/>\n<link rel=\"canonical\" href=\"https:\/\/artantica.hyst.eu\/cinepresa-canon-super-8-autozoom-518-sv\/\" \/>\n<meta property=\"og:locale\" content=\"fr_FR\" \/>\n<meta property=\"og:type\" content=\"article\" \/>\n<meta property=\"og:title\" content=\"[:it]Cinepresa Canon Super 8 autozoom 518 SV[:fr]Cam\u00e9ra Canon Super 8 autozoom 518 SV[:] &middot; ArtAntica\" \/>\n<meta property=\"og:description\" content=\"Commercialis\u00e9 en mars 1971 (prix initial de 45 000 yens). Ce mod\u00e8le est la version \u00ab\u00a0Super 8\u00a0\u00bb du \u00ab\u00a0Single 8 518 SV\u00a0\u00bb d\u00e9velopp\u00e9e en m\u00eame temps. Par rapport au mod\u00e8le pr\u00e9c\u00e9dent (Auto Zoom 518 Super 8), cette performance a \u00e9t\u00e9 consid\u00e9rablement am\u00e9lior\u00e9e gr\u00e2ce \u00e0 un puissant moteur de service et \u00e0 un nouveau syst\u00e8me optique. [&hellip;]\" \/>\n<meta property=\"og:url\" content=\"https:\/\/artantica.hyst.eu\/cinepresa-canon-super-8-autozoom-518-sv\/\" \/>\n<meta property=\"og:site_name\" content=\"ArtAntica\" \/>\n<meta property=\"article:modified_time\" content=\"2017-09-29T10:53:53+00:00\" \/>\n<meta name=\"twitter:card\" content=\"summary\" \/>\n<meta name=\"twitter:label1\" content=\"Dur\u00e9e de lecture estim\u00e9e\" \/>\n\t<meta name=\"twitter:data1\" content=\"2 minutes\" \/>\n<script type=\"application\/ld+json\" class=\"yoast-schema-graph\">{\"@context\":\"https:\/\/schema.org\",\"@graph\":[{\"@type\":\"WebSite\",\"@id\":\"https:\/\/artantica.hyst.eu\/fr\/#website\",\"url\":\"https:\/\/artantica.hyst.eu\/fr\/\",\"name\":\"ArtAntica\",\"description\":\"Just another Multisite SxA site\",\"potentialAction\":[{\"@type\":\"SearchAction\",\"target\":{\"@type\":\"EntryPoint\",\"urlTemplate\":\"https:\/\/artantica.hyst.eu\/fr\/?s={search_term_string}\"},\"query-input\":\"required name=search_term_string\"}],\"inLanguage\":\"fr-FR\"},{\"@type\":\"WebPage\",\"@id\":\"https:\/\/artantica.hyst.eu\/cinepresa-canon-super-8-autozoom-518-sv\/#webpage\",\"url\":\"https:\/\/artantica.hyst.eu\/cinepresa-canon-super-8-autozoom-518-sv\/\",\"name\":\"[:it]Cinepresa Canon Super 8 autozoom 518 SV[:fr]Cam\u00e9ra Canon Super 8 autozoom 518 SV[:] &middot; ArtAntica\",\"isPartOf\":{\"@id\":\"https:\/\/artantica.hyst.eu\/fr\/#website\"},\"datePublished\":\"2017-01-24T09:40:26+00:00\",\"dateModified\":\"2017-09-29T10:53:53+00:00\",\"breadcrumb\":{\"@id\":\"https:\/\/artantica.hyst.eu\/cinepresa-canon-super-8-autozoom-518-sv\/#breadcrumb\"},\"inLanguage\":\"fr-FR\",\"potentialAction\":[{\"@type\":\"ReadAction\",\"target\":[\"https:\/\/artantica.hyst.eu\/cinepresa-canon-super-8-autozoom-518-sv\/\"]}]},{\"@type\":\"BreadcrumbList\",\"@id\":\"https:\/\/artantica.hyst.eu\/cinepresa-canon-super-8-autozoom-518-sv\/#breadcrumb\",\"itemListElement\":[{\"@type\":\"ListItem\",\"position\":1,\"name\":\"Home\",\"item\":\"https:\/\/artantica.hyst.eu\/\"},{\"@type\":\"ListItem\",\"position\":2,\"name\":\"Cinepresa Canon Super 8 autozoom 518 SV\"}]}]}<\/script>\n<!-- \/ Yoast SEO plugin. -->","yoast_head_json":{"title":"[:it]Cinepresa Canon Super 8 autozoom 518 SV[:fr]Cam\u00e9ra Canon Super 8 autozoom 518 SV[:] &middot; ArtAntica","robots":{"index":"index","follow":"follow","max-snippet":"max-snippet:-1","max-image-preview":"max-image-preview:large","max-video-preview":"max-video-preview:-1"},"canonical":"https:\/\/artantica.hyst.eu\/cinepresa-canon-super-8-autozoom-518-sv\/","og_locale":"fr_FR","og_type":"article","og_title":"[:it]Cinepresa Canon Super 8 autozoom 518 SV[:fr]Cam\u00e9ra Canon Super 8 autozoom 518 SV[:] &middot; ArtAntica","og_description":"Commercialis\u00e9 en mars 1971 (prix initial de 45 000 yens). Ce mod\u00e8le est la version \u00ab\u00a0Super 8\u00a0\u00bb du \u00ab\u00a0Single 8 518 SV\u00a0\u00bb d\u00e9velopp\u00e9e en m\u00eame temps. Par rapport au mod\u00e8le pr\u00e9c\u00e9dent (Auto Zoom 518 Super 8), cette performance a \u00e9t\u00e9 consid\u00e9rablement am\u00e9lior\u00e9e gr\u00e2ce \u00e0 un puissant moteur de service et \u00e0 un nouveau syst\u00e8me optique. [&hellip;]","og_url":"https:\/\/artantica.hyst.eu\/cinepresa-canon-super-8-autozoom-518-sv\/","og_site_name":"ArtAntica","article_modified_time":"2017-09-29T10:53:53+00:00","twitter_card":"summary","twitter_misc":{"Dur\u00e9e de lecture estim\u00e9e":"2 minutes"},"schema":{"@context":"https:\/\/schema.org","@graph":[{"@type":"WebSite","@id":"https:\/\/artantica.hyst.eu\/fr\/#website","url":"https:\/\/artantica.hyst.eu\/fr\/","name":"ArtAntica","description":"Just another Multisite SxA site","potentialAction":[{"@type":"SearchAction","target":{"@type":"EntryPoint","urlTemplate":"https:\/\/artantica.hyst.eu\/fr\/?s={search_term_string}"},"query-input":"required name=search_term_string"}],"inLanguage":"fr-FR"},{"@type":"WebPage","@id":"https:\/\/artantica.hyst.eu\/cinepresa-canon-super-8-autozoom-518-sv\/#webpage","url":"https:\/\/artantica.hyst.eu\/cinepresa-canon-super-8-autozoom-518-sv\/","name":"[:it]Cinepresa Canon Super 8 autozoom 518 SV[:fr]Cam\u00e9ra Canon Super 8 autozoom 518 SV[:] &middot; ArtAntica","isPartOf":{"@id":"https:\/\/artantica.hyst.eu\/fr\/#website"},"datePublished":"2017-01-24T09:40:26+00:00","dateModified":"2017-09-29T10:53:53+00:00","breadcrumb":{"@id":"https:\/\/artantica.hyst.eu\/cinepresa-canon-super-8-autozoom-518-sv\/#breadcrumb"},"inLanguage":"fr-FR","potentialAction":[{"@type":"ReadAction","target":["https:\/\/artantica.hyst.eu\/cinepresa-canon-super-8-autozoom-518-sv\/"]}]},{"@type":"BreadcrumbList","@id":"https:\/\/artantica.hyst.eu\/cinepresa-canon-super-8-autozoom-518-sv\/#breadcrumb","itemListElement":[{"@type":"ListItem","position":1,"name":"Home","item":"https:\/\/artantica.hyst.eu\/"},{"@type":"ListItem","position":2,"name":"Cinepresa Canon Super 8 autozoom 518 SV"}]}]}},"_links":{"self":[{"href":"https:\/\/artantica.hyst.eu\/fr\/wp-json\/wp\/v2\/pages\/377"}],"collection":[{"href":"https:\/\/artantica.hyst.eu\/fr\/wp-json\/wp\/v2\/pages"}],"about":[{"href":"https:\/\/artantica.hyst.eu\/fr\/wp-json\/wp\/v2\/types\/page"}],"author":[{"embeddable":true,"href":"https:\/\/artantica.hyst.eu\/fr\/wp-json\/wp\/v2\/users\/80"}],"replies":[{"embeddable":true,"href":"https:\/\/artantica.hyst.eu\/fr\/wp-json\/wp\/v2\/comments?post=377"}],"version-history":[{"count":2,"href":"https:\/\/artantica.hyst.eu\/fr\/wp-json\/wp\/v2\/pages\/377\/revisions"}],"predecessor-version":[{"id":1000,"href":"https:\/\/artantica.hyst.eu\/fr\/wp-json\/wp\/v2\/pages\/377\/revisions\/1000"}],"wp:attachment":[{"href":"https:\/\/artantica.hyst.eu\/fr\/wp-json\/wp\/v2\/media?parent=377"}],"curies":[{"name":"wp","href":"https:\/\/api.w.org\/{rel}","templated":true}]}}