{"id":32,"date":"2017-01-10T15:35:18","date_gmt":"2017-01-10T15:35:18","guid":{"rendered":"http:\/\/artantica.hyst.eu\/?page_id=32"},"modified":"2017-10-03T10:51:14","modified_gmt":"2017-10-03T10:51:14","slug":"modernariato","status":"publish","type":"page","link":"https:\/\/artantica.hyst.eu\/fr\/modernariato\/","title":{"rendered":"Antiquit\u00e9s modernes"},"content":{"rendered":"<p>La prosperit\u00e9 des trente derni\u00e8res ann\u00e9es, l&rsquo;enthousiasme pour la nouveaut\u00e9, les peintures et les lustres, la poursuite constante du nouveau et de l&rsquo;inutile, ont n\u00e9glig\u00e9 les formes et les couleurs charmantes de ces objets des ann\u00e9es 60 \u00e0 70 que, souvent sans le savoir, nous essayons de les copier et de les imiter.<\/p>\n<p>le viex et charmant jukebox, le r\u00e9frig\u00e9rateur coulorat,le tourne-disque en vinyl, le son des touches d&rsquo;une machine \u00e0 \u00e9crire, le film\u00e9 de vacances projet\u00e9 par une veille camera&#8230;.tendres memoires d&rsquo;un temps pass\u00e9 qui peut continuer \u00e0 vivre avec nous&#8230;.<\/p>","protected":false},"excerpt":{"rendered":"<p>La prosperit\u00e9 des trente derni\u00e8res ann\u00e9es, l&rsquo;enthousiasme pour la nouveaut\u00e9, les peintures et les lustres, la poursuite constante du nouveau et de l&rsquo;inutile, ont n\u00e9glig\u00e9 les formes et les couleurs charmantes de ces objets des ann\u00e9es 60 \u00e0 70 que, souvent sans le savoir, nous essayons de les copier et de les imiter. le viex [&hellip;]<\/p>\n","protected":false},"author":80,"featured_media":0,"parent":0,"menu_order":0,"comment_status":"closed","ping_status":"closed","template":"","meta":{"om_disable_all_campaigns":false,"_monsterinsights_skip_tracking":false,"_monsterinsights_sitenote_active":false,"_monsterinsights_sitenote_note":"","_monsterinsights_sitenote_category":0,"ngg_post_thumbnail":0,"spay_email":""},"yoast_head":"<!-- This site is optimized with the Yoast SEO plugin v18.4.1 - https:\/\/yoast.com\/wordpress\/plugins\/seo\/ -->\n<title>Antiquit\u00e9s modernes &middot; ArtAntica<\/title>\n<meta name=\"robots\" content=\"index, follow, max-snippet:-1, max-image-preview:large, max-video-preview:-1\" \/>\n<link rel=\"canonical\" href=\"https:\/\/artantica.hyst.eu\/modernariato\/\" \/>\n<meta property=\"og:locale\" content=\"fr_FR\" \/>\n<meta property=\"og:type\" content=\"article\" \/>\n<meta property=\"og:title\" content=\"[:it]Modernariato[:fr]Antiquit\u00e9s modernes[:] &middot; ArtAntica\" \/>\n<meta property=\"og:description\" content=\"La prosperit\u00e9 des trente derni\u00e8res ann\u00e9es, l&rsquo;enthousiasme pour la nouveaut\u00e9, les peintures et les lustres, la poursuite constante du nouveau et de l&rsquo;inutile, ont n\u00e9glig\u00e9 les formes et les couleurs charmantes de ces objets des ann\u00e9es 60 \u00e0 70 que, souvent sans le savoir, nous essayons de les copier et de les imiter. le viex [&hellip;]\" \/>\n<meta property=\"og:url\" content=\"https:\/\/artantica.hyst.eu\/modernariato\/\" \/>\n<meta property=\"og:site_name\" content=\"ArtAntica\" \/>\n<meta property=\"article:modified_time\" content=\"2017-10-03T10:51:14+00:00\" \/>\n<meta name=\"twitter:card\" content=\"summary\" \/>\n<meta name=\"twitter:label1\" content=\"Dur\u00e9e de lecture estim\u00e9e\" \/>\n\t<meta name=\"twitter:data1\" content=\"1 minute\" \/>\n<script type=\"application\/ld+json\" class=\"yoast-schema-graph\">{\"@context\":\"https:\/\/schema.org\",\"@graph\":[{\"@type\":\"WebSite\",\"@id\":\"https:\/\/artantica.hyst.eu\/fr\/#website\",\"url\":\"https:\/\/artantica.hyst.eu\/fr\/\",\"name\":\"ArtAntica\",\"description\":\"Just another Multisite SxA site\",\"potentialAction\":[{\"@type\":\"SearchAction\",\"target\":{\"@type\":\"EntryPoint\",\"urlTemplate\":\"https:\/\/artantica.hyst.eu\/fr\/?s={search_term_string}\"},\"query-input\":\"required name=search_term_string\"}],\"inLanguage\":\"fr-FR\"},{\"@type\":\"WebPage\",\"@id\":\"https:\/\/artantica.hyst.eu\/modernariato\/#webpage\",\"url\":\"https:\/\/artantica.hyst.eu\/modernariato\/\",\"name\":\"[:it]Modernariato[:fr]Antiquit\u00e9s modernes[:] &middot; ArtAntica\",\"isPartOf\":{\"@id\":\"https:\/\/artantica.hyst.eu\/fr\/#website\"},\"datePublished\":\"2017-01-10T15:35:18+00:00\",\"dateModified\":\"2017-10-03T10:51:14+00:00\",\"breadcrumb\":{\"@id\":\"https:\/\/artantica.hyst.eu\/modernariato\/#breadcrumb\"},\"inLanguage\":\"fr-FR\",\"potentialAction\":[{\"@type\":\"ReadAction\",\"target\":[\"https:\/\/artantica.hyst.eu\/modernariato\/\"]}]},{\"@type\":\"BreadcrumbList\",\"@id\":\"https:\/\/artantica.hyst.eu\/modernariato\/#breadcrumb\",\"itemListElement\":[{\"@type\":\"ListItem\",\"position\":1,\"name\":\"Home\",\"item\":\"https:\/\/artantica.hyst.eu\/\"},{\"@type\":\"ListItem\",\"position\":2,\"name\":\"Modernariato\"}]}]}<\/script>\n<!-- \/ Yoast SEO plugin. -->","yoast_head_json":{"title":"[:it]Modernariato[:fr]Antiquit\u00e9s modernes[:] &middot; ArtAntica","robots":{"index":"index","follow":"follow","max-snippet":"max-snippet:-1","max-image-preview":"max-image-preview:large","max-video-preview":"max-video-preview:-1"},"canonical":"https:\/\/artantica.hyst.eu\/modernariato\/","og_locale":"fr_FR","og_type":"article","og_title":"[:it]Modernariato[:fr]Antiquit\u00e9s modernes[:] &middot; ArtAntica","og_description":"La prosperit\u00e9 des trente derni\u00e8res ann\u00e9es, l&rsquo;enthousiasme pour la nouveaut\u00e9, les peintures et les lustres, la poursuite constante du nouveau et de l&rsquo;inutile, ont n\u00e9glig\u00e9 les formes et les couleurs charmantes de ces objets des ann\u00e9es 60 \u00e0 70 que, souvent sans le savoir, nous essayons de les copier et de les imiter. le viex [&hellip;]","og_url":"https:\/\/artantica.hyst.eu\/modernariato\/","og_site_name":"ArtAntica","article_modified_time":"2017-10-03T10:51:14+00:00","twitter_card":"summary","twitter_misc":{"Dur\u00e9e de lecture estim\u00e9e":"1 minute"},"schema":{"@context":"https:\/\/schema.org","@graph":[{"@type":"WebSite","@id":"https:\/\/artantica.hyst.eu\/fr\/#website","url":"https:\/\/artantica.hyst.eu\/fr\/","name":"ArtAntica","description":"Just another Multisite SxA site","potentialAction":[{"@type":"SearchAction","target":{"@type":"EntryPoint","urlTemplate":"https:\/\/artantica.hyst.eu\/fr\/?s={search_term_string}"},"query-input":"required name=search_term_string"}],"inLanguage":"fr-FR"},{"@type":"WebPage","@id":"https:\/\/artantica.hyst.eu\/modernariato\/#webpage","url":"https:\/\/artantica.hyst.eu\/modernariato\/","name":"[:it]Modernariato[:fr]Antiquit\u00e9s modernes[:] &middot; ArtAntica","isPartOf":{"@id":"https:\/\/artantica.hyst.eu\/fr\/#website"},"datePublished":"2017-01-10T15:35:18+00:00","dateModified":"2017-10-03T10:51:14+00:00","breadcrumb":{"@id":"https:\/\/artantica.hyst.eu\/modernariato\/#breadcrumb"},"inLanguage":"fr-FR","potentialAction":[{"@type":"ReadAction","target":["https:\/\/artantica.hyst.eu\/modernariato\/"]}]},{"@type":"BreadcrumbList","@id":"https:\/\/artantica.hyst.eu\/modernariato\/#breadcrumb","itemListElement":[{"@type":"ListItem","position":1,"name":"Home","item":"https:\/\/artantica.hyst.eu\/"},{"@type":"ListItem","position":2,"name":"Modernariato"}]}]}},"_links":{"self":[{"href":"https:\/\/artantica.hyst.eu\/fr\/wp-json\/wp\/v2\/pages\/32"}],"collection":[{"href":"https:\/\/artantica.hyst.eu\/fr\/wp-json\/wp\/v2\/pages"}],"about":[{"href":"https:\/\/artantica.hyst.eu\/fr\/wp-json\/wp\/v2\/types\/page"}],"author":[{"embeddable":true,"href":"https:\/\/artantica.hyst.eu\/fr\/wp-json\/wp\/v2\/users\/80"}],"replies":[{"embeddable":true,"href":"https:\/\/artantica.hyst.eu\/fr\/wp-json\/wp\/v2\/comments?post=32"}],"version-history":[{"count":5,"href":"https:\/\/artantica.hyst.eu\/fr\/wp-json\/wp\/v2\/pages\/32\/revisions"}],"predecessor-version":[{"id":1037,"href":"https:\/\/artantica.hyst.eu\/fr\/wp-json\/wp\/v2\/pages\/32\/revisions\/1037"}],"wp:attachment":[{"href":"https:\/\/artantica.hyst.eu\/fr\/wp-json\/wp\/v2\/media?parent=32"}],"curies":[{"name":"wp","href":"https:\/\/api.w.org\/{rel}","templated":true}]}}