{"id":30,"date":"2017-01-10T15:35:05","date_gmt":"2017-01-10T15:35:05","guid":{"rendered":"http:\/\/artantica.hyst.eu\/?page_id=30"},"modified":"2017-09-28T11:17:32","modified_gmt":"2017-09-28T11:17:32","slug":"antiquariato","status":"publish","type":"page","link":"https:\/\/artantica.hyst.eu\/fr\/antiquariato\/","title":{"rendered":"Antiquit\u00e9"},"content":{"rendered":"<p>Beaucoup de gens sont fascin\u00e9s, depuis l&rsquo;enfance, par des objets anciens parce que ces choses racontent des histoires du pass\u00e9: des femmes qui se sont r\u00e9fl\u00e9chies dans les toilettes; de petits outils, objets du travail quotidien o\u00f9 la vie de familles enti\u00e8res a \u00e9t\u00e9 fix\u00e9e, qui reste ainsi grav\u00e9 dans la m\u00e9moire de la mati\u00e8re.<\/p>\n<p>Le vieux fer \u00e0 charbon de l&rsquo;arri\u00e8re-grand-m\u00e8re; la radio \u00e0 valves qui a fait un contact avec le monde, le vieux gramophone pour \u00e9couter de la musique, ils nous parlent dans une langue qui raconte la vie et l&rsquo;art des temps pass\u00e9s et des artisans qui ont travaill\u00e9 avec cr\u00e9ativit\u00e9 et amour.<\/p>\n<p>C&rsquo;est un plaisir de trouver ces objets du pass\u00e9 dans des vitrines d&rsquo;antiquit\u00e9s ou sur les stands des march\u00e8s aux puces, car ils peuvent encore \u00eatre utilis\u00e9s comme meubles d\u00e9coratifs.<\/p>\n<p>Un objet antique donne un sentiment de chaleur \u00e0 la maison; nous sommes s\u00fbrs que chaque foyer serait enrichie en poss\u00e9dant au moins une, pour laisser une exp\u00e9rience mn\u00e9monique et visuelle aux nouvelles g\u00e9n\u00e9rations.<\/p>","protected":false},"excerpt":{"rendered":"<p>Beaucoup de gens sont fascin\u00e9s, depuis l&rsquo;enfance, par des objets anciens parce que ces choses racontent des histoires du pass\u00e9: des femmes qui se sont r\u00e9fl\u00e9chies dans les toilettes; de petits outils, objets du travail quotidien o\u00f9 la vie de familles enti\u00e8res a \u00e9t\u00e9 fix\u00e9e, qui reste ainsi grav\u00e9 dans la m\u00e9moire de la mati\u00e8re. [&hellip;]<\/p>\n","protected":false},"author":80,"featured_media":0,"parent":0,"menu_order":0,"comment_status":"closed","ping_status":"closed","template":"","meta":{"om_disable_all_campaigns":false,"_monsterinsights_skip_tracking":false,"_monsterinsights_sitenote_active":false,"_monsterinsights_sitenote_note":"","_monsterinsights_sitenote_category":0,"ngg_post_thumbnail":0,"spay_email":""},"yoast_head":"<!-- This site is optimized with the Yoast SEO plugin v18.4.1 - https:\/\/yoast.com\/wordpress\/plugins\/seo\/ -->\n<title>Antiquit\u00e9 &middot; ArtAntica<\/title>\n<meta name=\"robots\" content=\"index, follow, max-snippet:-1, max-image-preview:large, max-video-preview:-1\" \/>\n<link rel=\"canonical\" href=\"https:\/\/artantica.hyst.eu\/fr\/antiquariato\/\" \/>\n<meta property=\"og:locale\" content=\"fr_FR\" \/>\n<meta property=\"og:type\" content=\"article\" \/>\n<meta property=\"og:title\" content=\"[:it]Antiquariato[:fr]Antiquit\u00e9[:] &middot; ArtAntica\" \/>\n<meta property=\"og:description\" content=\"Beaucoup de gens sont fascin\u00e9s, depuis l&rsquo;enfance, par des objets anciens parce que ces choses racontent des histoires du pass\u00e9: des femmes qui se sont r\u00e9fl\u00e9chies dans les toilettes; de petits outils, objets du travail quotidien o\u00f9 la vie de familles enti\u00e8res a \u00e9t\u00e9 fix\u00e9e, qui reste ainsi grav\u00e9 dans la m\u00e9moire de la mati\u00e8re. [&hellip;]\" \/>\n<meta property=\"og:url\" content=\"https:\/\/artantica.hyst.eu\/fr\/antiquariato\/\" \/>\n<meta property=\"og:site_name\" content=\"ArtAntica\" \/>\n<meta property=\"article:modified_time\" content=\"2017-09-28T11:17:32+00:00\" \/>\n<meta name=\"twitter:card\" content=\"summary\" \/>\n<meta name=\"twitter:label1\" content=\"Dur\u00e9e de lecture estim\u00e9e\" \/>\n\t<meta name=\"twitter:data1\" content=\"2 minutes\" \/>\n<script type=\"application\/ld+json\" class=\"yoast-schema-graph\">{\"@context\":\"https:\/\/schema.org\",\"@graph\":[{\"@type\":\"WebSite\",\"@id\":\"https:\/\/artantica.hyst.eu\/fr\/#website\",\"url\":\"https:\/\/artantica.hyst.eu\/fr\/\",\"name\":\"ArtAntica\",\"description\":\"Just another Multisite SxA site\",\"potentialAction\":[{\"@type\":\"SearchAction\",\"target\":{\"@type\":\"EntryPoint\",\"urlTemplate\":\"https:\/\/artantica.hyst.eu\/fr\/?s={search_term_string}\"},\"query-input\":\"required name=search_term_string\"}],\"inLanguage\":\"fr-FR\"},{\"@type\":\"WebPage\",\"@id\":\"https:\/\/artantica.hyst.eu\/fr\/antiquariato\/#webpage\",\"url\":\"https:\/\/artantica.hyst.eu\/fr\/antiquariato\/\",\"name\":\"[:it]Antiquariato[:fr]Antiquit\u00e9[:] &middot; ArtAntica\",\"isPartOf\":{\"@id\":\"https:\/\/artantica.hyst.eu\/fr\/#website\"},\"datePublished\":\"2017-01-10T15:35:05+00:00\",\"dateModified\":\"2017-09-28T11:17:32+00:00\",\"breadcrumb\":{\"@id\":\"https:\/\/artantica.hyst.eu\/fr\/antiquariato\/#breadcrumb\"},\"inLanguage\":\"fr-FR\",\"potentialAction\":[{\"@type\":\"ReadAction\",\"target\":[\"https:\/\/artantica.hyst.eu\/fr\/antiquariato\/\"]}]},{\"@type\":\"BreadcrumbList\",\"@id\":\"https:\/\/artantica.hyst.eu\/fr\/antiquariato\/#breadcrumb\",\"itemListElement\":[{\"@type\":\"ListItem\",\"position\":1,\"name\":\"Home\",\"item\":\"https:\/\/artantica.hyst.eu\/\"},{\"@type\":\"ListItem\",\"position\":2,\"name\":\"Antiquit\u00e9\"}]}]}<\/script>\n<!-- \/ Yoast SEO plugin. -->","yoast_head_json":{"title":"[:it]Antiquariato[:fr]Antiquit\u00e9[:] &middot; ArtAntica","robots":{"index":"index","follow":"follow","max-snippet":"max-snippet:-1","max-image-preview":"max-image-preview:large","max-video-preview":"max-video-preview:-1"},"canonical":"https:\/\/artantica.hyst.eu\/fr\/antiquariato\/","og_locale":"fr_FR","og_type":"article","og_title":"[:it]Antiquariato[:fr]Antiquit\u00e9[:] &middot; ArtAntica","og_description":"Beaucoup de gens sont fascin\u00e9s, depuis l&rsquo;enfance, par des objets anciens parce que ces choses racontent des histoires du pass\u00e9: des femmes qui se sont r\u00e9fl\u00e9chies dans les toilettes; de petits outils, objets du travail quotidien o\u00f9 la vie de familles enti\u00e8res a \u00e9t\u00e9 fix\u00e9e, qui reste ainsi grav\u00e9 dans la m\u00e9moire de la mati\u00e8re. [&hellip;]","og_url":"https:\/\/artantica.hyst.eu\/fr\/antiquariato\/","og_site_name":"ArtAntica","article_modified_time":"2017-09-28T11:17:32+00:00","twitter_card":"summary","twitter_misc":{"Dur\u00e9e de lecture estim\u00e9e":"2 minutes"},"schema":{"@context":"https:\/\/schema.org","@graph":[{"@type":"WebSite","@id":"https:\/\/artantica.hyst.eu\/fr\/#website","url":"https:\/\/artantica.hyst.eu\/fr\/","name":"ArtAntica","description":"Just another Multisite SxA site","potentialAction":[{"@type":"SearchAction","target":{"@type":"EntryPoint","urlTemplate":"https:\/\/artantica.hyst.eu\/fr\/?s={search_term_string}"},"query-input":"required name=search_term_string"}],"inLanguage":"fr-FR"},{"@type":"WebPage","@id":"https:\/\/artantica.hyst.eu\/fr\/antiquariato\/#webpage","url":"https:\/\/artantica.hyst.eu\/fr\/antiquariato\/","name":"[:it]Antiquariato[:fr]Antiquit\u00e9[:] &middot; ArtAntica","isPartOf":{"@id":"https:\/\/artantica.hyst.eu\/fr\/#website"},"datePublished":"2017-01-10T15:35:05+00:00","dateModified":"2017-09-28T11:17:32+00:00","breadcrumb":{"@id":"https:\/\/artantica.hyst.eu\/fr\/antiquariato\/#breadcrumb"},"inLanguage":"fr-FR","potentialAction":[{"@type":"ReadAction","target":["https:\/\/artantica.hyst.eu\/fr\/antiquariato\/"]}]},{"@type":"BreadcrumbList","@id":"https:\/\/artantica.hyst.eu\/fr\/antiquariato\/#breadcrumb","itemListElement":[{"@type":"ListItem","position":1,"name":"Home","item":"https:\/\/artantica.hyst.eu\/"},{"@type":"ListItem","position":2,"name":"Antiquit\u00e9"}]}]}},"_links":{"self":[{"href":"https:\/\/artantica.hyst.eu\/fr\/wp-json\/wp\/v2\/pages\/30"}],"collection":[{"href":"https:\/\/artantica.hyst.eu\/fr\/wp-json\/wp\/v2\/pages"}],"about":[{"href":"https:\/\/artantica.hyst.eu\/fr\/wp-json\/wp\/v2\/types\/page"}],"author":[{"embeddable":true,"href":"https:\/\/artantica.hyst.eu\/fr\/wp-json\/wp\/v2\/users\/80"}],"replies":[{"embeddable":true,"href":"https:\/\/artantica.hyst.eu\/fr\/wp-json\/wp\/v2\/comments?post=30"}],"version-history":[{"count":5,"href":"https:\/\/artantica.hyst.eu\/fr\/wp-json\/wp\/v2\/pages\/30\/revisions"}],"predecessor-version":[{"id":968,"href":"https:\/\/artantica.hyst.eu\/fr\/wp-json\/wp\/v2\/pages\/30\/revisions\/968"}],"wp:attachment":[{"href":"https:\/\/artantica.hyst.eu\/fr\/wp-json\/wp\/v2\/media?parent=30"}],"curies":[{"name":"wp","href":"https:\/\/api.w.org\/{rel}","templated":true}]}}