{"id":256,"date":"2017-01-23T16:05:22","date_gmt":"2017-01-23T16:05:22","guid":{"rendered":"http:\/\/artantica.hyst.eu\/?page_id=256"},"modified":"2017-09-29T10:43:07","modified_gmt":"2017-09-29T10:43:07","slug":"botte-di-rovere","status":"publish","type":"page","link":"https:\/\/artantica.hyst.eu\/fr\/botte-di-rovere\/","title":{"rendered":"Tonneau en bois de ch\u00eane"},"content":{"rendered":"<p><!-- index.php -->\n<div\n\tclass=\"ngg-galleryoverview ngg-ajax-pagination-none\"\n\tid=\"ngg-gallery-76031541b35c67eaadd7dadb247c5578-1\">\n\n    \t\t<!-- Thumbnails -->\n\t\t\t\t<div id=\"ngg-image-0\" class=\"ngg-gallery-thumbnail-box\" >\n\t\t\t\t        <div class=\"ngg-gallery-thumbnail\">\n            <a href=\"https:\/\/artantica.hyst.eu\/wp-content\/uploads\/sites\/8\/nggallery\/botte-di-rovere\/botte_rovere_04.jpg\"\n               title=\"\"\n               data-src=\"https:\/\/artantica.hyst.eu\/wp-content\/uploads\/sites\/8\/nggallery\/botte-di-rovere\/botte_rovere_04.jpg\"\n               data-thumbnail=\"https:\/\/artantica.hyst.eu\/wp-content\/uploads\/sites\/8\/nggallery\/botte-di-rovere\/thumbs\/thumbs_botte_rovere_04.jpg\"\n               data-image-id=\"63\"\n               data-title=\"Botte di rovere\"\n               data-description=\"\"\n               data-image-slug=\"botte_rovere_04\"\n               class=\"ngg-fancybox\" rel=\"76031541b35c67eaadd7dadb247c5578\">\n                <img\n                    title=\"Botte di rovere\"\n                    alt=\"Botte di rovere\"\n                    src=\"https:\/\/artantica.hyst.eu\/wp-content\/uploads\/sites\/8\/nggallery\/botte-di-rovere\/thumbs\/thumbs_botte_rovere_04.jpg\"\n                    width=\"200\"\n                    height=\"120\"\n                    style=\"max-width:100%;\"\n                \/>\n            <\/a>\n        <\/div>\n\t\t\t\t\t\t\t<\/div> \n\t\t\t\n        \n\t\t\t\t<div id=\"ngg-image-1\" class=\"ngg-gallery-thumbnail-box\" >\n\t\t\t\t        <div class=\"ngg-gallery-thumbnail\">\n            <a href=\"https:\/\/artantica.hyst.eu\/wp-content\/uploads\/sites\/8\/nggallery\/botte-di-rovere\/botte_rovere_01.jpg\"\n               title=\"\"\n               data-src=\"https:\/\/artantica.hyst.eu\/wp-content\/uploads\/sites\/8\/nggallery\/botte-di-rovere\/botte_rovere_01.jpg\"\n               data-thumbnail=\"https:\/\/artantica.hyst.eu\/wp-content\/uploads\/sites\/8\/nggallery\/botte-di-rovere\/thumbs\/thumbs_botte_rovere_01.jpg\"\n               data-image-id=\"64\"\n               data-title=\"Botte di rovere\"\n               data-description=\"\"\n               data-image-slug=\"botte_rovere_01\"\n               class=\"ngg-fancybox\" rel=\"76031541b35c67eaadd7dadb247c5578\">\n                <img\n                    title=\"Botte di rovere\"\n                    alt=\"Botte di rovere\"\n                    src=\"https:\/\/artantica.hyst.eu\/wp-content\/uploads\/sites\/8\/nggallery\/botte-di-rovere\/thumbs\/thumbs_botte_rovere_01.jpg\"\n                    width=\"200\"\n                    height=\"120\"\n                    style=\"max-width:100%;\"\n                \/>\n            <\/a>\n        <\/div>\n\t\t\t\t\t\t\t<\/div> \n\t\t\t\n        \n\t\t\t\t<div id=\"ngg-image-2\" class=\"ngg-gallery-thumbnail-box\" >\n\t\t\t\t        <div class=\"ngg-gallery-thumbnail\">\n            <a href=\"https:\/\/artantica.hyst.eu\/wp-content\/uploads\/sites\/8\/nggallery\/botte-di-rovere\/botte_rovere_02.jpg\"\n               title=\"\"\n               data-src=\"https:\/\/artantica.hyst.eu\/wp-content\/uploads\/sites\/8\/nggallery\/botte-di-rovere\/botte_rovere_02.jpg\"\n               data-thumbnail=\"https:\/\/artantica.hyst.eu\/wp-content\/uploads\/sites\/8\/nggallery\/botte-di-rovere\/thumbs\/thumbs_botte_rovere_02.jpg\"\n               data-image-id=\"65\"\n               data-title=\"Botte di rovere\"\n               data-description=\"\"\n               data-image-slug=\"botte_rovere_02\"\n               class=\"ngg-fancybox\" rel=\"76031541b35c67eaadd7dadb247c5578\">\n                <img\n                    title=\"Botte di rovere\"\n                    alt=\"Botte di rovere\"\n                    src=\"https:\/\/artantica.hyst.eu\/wp-content\/uploads\/sites\/8\/nggallery\/botte-di-rovere\/thumbs\/thumbs_botte_rovere_02.jpg\"\n                    width=\"200\"\n                    height=\"120\"\n                    style=\"max-width:100%;\"\n                \/>\n            <\/a>\n        <\/div>\n\t\t\t\t\t\t\t<\/div> \n\t\t\t\n        \n\t\t\t\t<div id=\"ngg-image-3\" class=\"ngg-gallery-thumbnail-box\" >\n\t\t\t\t        <div class=\"ngg-gallery-thumbnail\">\n            <a href=\"https:\/\/artantica.hyst.eu\/wp-content\/uploads\/sites\/8\/nggallery\/botte-di-rovere\/botte_rovere_03.jpg\"\n               title=\"\"\n               data-src=\"https:\/\/artantica.hyst.eu\/wp-content\/uploads\/sites\/8\/nggallery\/botte-di-rovere\/botte_rovere_03.jpg\"\n               data-thumbnail=\"https:\/\/artantica.hyst.eu\/wp-content\/uploads\/sites\/8\/nggallery\/botte-di-rovere\/thumbs\/thumbs_botte_rovere_03.jpg\"\n               data-image-id=\"66\"\n               data-title=\"Botte di rovere\"\n               data-description=\"\"\n               data-image-slug=\"botte_rovere_03\"\n               class=\"ngg-fancybox\" rel=\"76031541b35c67eaadd7dadb247c5578\">\n                <img\n                    title=\"Botte di rovere\"\n                    alt=\"Botte di rovere\"\n                    src=\"https:\/\/artantica.hyst.eu\/wp-content\/uploads\/sites\/8\/nggallery\/botte-di-rovere\/thumbs\/thumbs_botte_rovere_03.jpg\"\n                    width=\"200\"\n                    height=\"120\"\n                    style=\"max-width:100%;\"\n                \/>\n            <\/a>\n        <\/div>\n\t\t\t\t\t\t\t<\/div> \n\t\t\t\n        \n\t\t\n\t\t<!-- Pagination -->\n\t<div class='ngg-clear'><\/div>\t<\/div>\n<\/p>\n<p>Tonneau en bois de ch\u00eane.<br \/>\nSeconde moiti\u00e9 du &lsquo;900. Enti\u00e8rement restaur\u00e9, \u00e0 la fois la partie en bois que ce la m\u00e9tallique.<\/p>\n<p><strong>Mesures<\/strong><br \/>\nLargeur: cm 40 (max)<br \/>\nHauteur: cm 80<\/p>","protected":false},"excerpt":{"rendered":"<p>Tonneau en bois de ch\u00eane. Seconde moiti\u00e9 du &lsquo;900. Enti\u00e8rement restaur\u00e9, \u00e0 la fois la partie en bois que ce la m\u00e9tallique. Mesures Largeur: cm 40 (max) Hauteur: cm 80<\/p>\n","protected":false},"author":80,"featured_media":0,"parent":0,"menu_order":0,"comment_status":"closed","ping_status":"closed","template":"","meta":{"om_disable_all_campaigns":false,"_monsterinsights_skip_tracking":false,"_monsterinsights_sitenote_active":false,"_monsterinsights_sitenote_note":"","_monsterinsights_sitenote_category":0,"ngg_post_thumbnail":0,"spay_email":""},"yoast_head":"<!-- This site is optimized with the Yoast SEO plugin v18.4.1 - https:\/\/yoast.com\/wordpress\/plugins\/seo\/ -->\n<title>Tonneau en bois de ch\u00eane &middot; ArtAntica<\/title>\n<meta name=\"robots\" content=\"index, follow, max-snippet:-1, max-image-preview:large, max-video-preview:-1\" \/>\n<link rel=\"canonical\" href=\"https:\/\/artantica.hyst.eu\/botte-di-rovere\/\" \/>\n<meta property=\"og:locale\" content=\"fr_FR\" \/>\n<meta property=\"og:type\" content=\"article\" \/>\n<meta property=\"og:title\" content=\"[:it]Botte di rovere[:fr]Tonneau en bois de ch\u00eane[:] &middot; ArtAntica\" \/>\n<meta property=\"og:description\" content=\"Tonneau en bois de ch\u00eane. Seconde moiti\u00e9 du &lsquo;900. Enti\u00e8rement restaur\u00e9, \u00e0 la fois la partie en bois que ce la m\u00e9tallique. Mesures Largeur: cm 40 (max) Hauteur: cm 80\" \/>\n<meta property=\"og:url\" content=\"https:\/\/artantica.hyst.eu\/botte-di-rovere\/\" \/>\n<meta property=\"og:site_name\" content=\"ArtAntica\" \/>\n<meta property=\"article:modified_time\" content=\"2017-09-29T10:43:07+00:00\" \/>\n<meta name=\"twitter:card\" content=\"summary\" \/>\n<script type=\"application\/ld+json\" class=\"yoast-schema-graph\">{\"@context\":\"https:\/\/schema.org\",\"@graph\":[{\"@type\":\"WebSite\",\"@id\":\"https:\/\/artantica.hyst.eu\/fr\/#website\",\"url\":\"https:\/\/artantica.hyst.eu\/fr\/\",\"name\":\"ArtAntica\",\"description\":\"Just another Multisite SxA site\",\"potentialAction\":[{\"@type\":\"SearchAction\",\"target\":{\"@type\":\"EntryPoint\",\"urlTemplate\":\"https:\/\/artantica.hyst.eu\/fr\/?s={search_term_string}\"},\"query-input\":\"required name=search_term_string\"}],\"inLanguage\":\"fr-FR\"},{\"@type\":\"WebPage\",\"@id\":\"https:\/\/artantica.hyst.eu\/botte-di-rovere\/#webpage\",\"url\":\"https:\/\/artantica.hyst.eu\/botte-di-rovere\/\",\"name\":\"[:it]Botte di rovere[:fr]Tonneau en bois de ch\u00eane[:] &middot; ArtAntica\",\"isPartOf\":{\"@id\":\"https:\/\/artantica.hyst.eu\/fr\/#website\"},\"datePublished\":\"2017-01-23T16:05:22+00:00\",\"dateModified\":\"2017-09-29T10:43:07+00:00\",\"breadcrumb\":{\"@id\":\"https:\/\/artantica.hyst.eu\/botte-di-rovere\/#breadcrumb\"},\"inLanguage\":\"fr-FR\",\"potentialAction\":[{\"@type\":\"ReadAction\",\"target\":[\"https:\/\/artantica.hyst.eu\/botte-di-rovere\/\"]}]},{\"@type\":\"BreadcrumbList\",\"@id\":\"https:\/\/artantica.hyst.eu\/botte-di-rovere\/#breadcrumb\",\"itemListElement\":[{\"@type\":\"ListItem\",\"position\":1,\"name\":\"Home\",\"item\":\"https:\/\/artantica.hyst.eu\/\"},{\"@type\":\"ListItem\",\"position\":2,\"name\":\"Botte di rovere\"}]}]}<\/script>\n<!-- \/ Yoast SEO plugin. -->","yoast_head_json":{"title":"[:it]Botte di rovere[:fr]Tonneau en bois de ch\u00eane[:] &middot; ArtAntica","robots":{"index":"index","follow":"follow","max-snippet":"max-snippet:-1","max-image-preview":"max-image-preview:large","max-video-preview":"max-video-preview:-1"},"canonical":"https:\/\/artantica.hyst.eu\/botte-di-rovere\/","og_locale":"fr_FR","og_type":"article","og_title":"[:it]Botte di rovere[:fr]Tonneau en bois de ch\u00eane[:] &middot; ArtAntica","og_description":"Tonneau en bois de ch\u00eane. Seconde moiti\u00e9 du &lsquo;900. Enti\u00e8rement restaur\u00e9, \u00e0 la fois la partie en bois que ce la m\u00e9tallique. Mesures Largeur: cm 40 (max) Hauteur: cm 80","og_url":"https:\/\/artantica.hyst.eu\/botte-di-rovere\/","og_site_name":"ArtAntica","article_modified_time":"2017-09-29T10:43:07+00:00","twitter_card":"summary","schema":{"@context":"https:\/\/schema.org","@graph":[{"@type":"WebSite","@id":"https:\/\/artantica.hyst.eu\/fr\/#website","url":"https:\/\/artantica.hyst.eu\/fr\/","name":"ArtAntica","description":"Just another Multisite SxA site","potentialAction":[{"@type":"SearchAction","target":{"@type":"EntryPoint","urlTemplate":"https:\/\/artantica.hyst.eu\/fr\/?s={search_term_string}"},"query-input":"required name=search_term_string"}],"inLanguage":"fr-FR"},{"@type":"WebPage","@id":"https:\/\/artantica.hyst.eu\/botte-di-rovere\/#webpage","url":"https:\/\/artantica.hyst.eu\/botte-di-rovere\/","name":"[:it]Botte di rovere[:fr]Tonneau en bois de ch\u00eane[:] &middot; ArtAntica","isPartOf":{"@id":"https:\/\/artantica.hyst.eu\/fr\/#website"},"datePublished":"2017-01-23T16:05:22+00:00","dateModified":"2017-09-29T10:43:07+00:00","breadcrumb":{"@id":"https:\/\/artantica.hyst.eu\/botte-di-rovere\/#breadcrumb"},"inLanguage":"fr-FR","potentialAction":[{"@type":"ReadAction","target":["https:\/\/artantica.hyst.eu\/botte-di-rovere\/"]}]},{"@type":"BreadcrumbList","@id":"https:\/\/artantica.hyst.eu\/botte-di-rovere\/#breadcrumb","itemListElement":[{"@type":"ListItem","position":1,"name":"Home","item":"https:\/\/artantica.hyst.eu\/"},{"@type":"ListItem","position":2,"name":"Botte di rovere"}]}]}},"_links":{"self":[{"href":"https:\/\/artantica.hyst.eu\/fr\/wp-json\/wp\/v2\/pages\/256"}],"collection":[{"href":"https:\/\/artantica.hyst.eu\/fr\/wp-json\/wp\/v2\/pages"}],"about":[{"href":"https:\/\/artantica.hyst.eu\/fr\/wp-json\/wp\/v2\/types\/page"}],"author":[{"embeddable":true,"href":"https:\/\/artantica.hyst.eu\/fr\/wp-json\/wp\/v2\/users\/80"}],"replies":[{"embeddable":true,"href":"https:\/\/artantica.hyst.eu\/fr\/wp-json\/wp\/v2\/comments?post=256"}],"version-history":[{"count":3,"href":"https:\/\/artantica.hyst.eu\/fr\/wp-json\/wp\/v2\/pages\/256\/revisions"}],"predecessor-version":[{"id":999,"href":"https:\/\/artantica.hyst.eu\/fr\/wp-json\/wp\/v2\/pages\/256\/revisions\/999"}],"wp:attachment":[{"href":"https:\/\/artantica.hyst.eu\/fr\/wp-json\/wp\/v2\/media?parent=256"}],"curies":[{"name":"wp","href":"https:\/\/api.w.org\/{rel}","templated":true}]}}