{"id":215,"date":"2017-01-23T15:52:12","date_gmt":"2017-01-23T15:52:12","guid":{"rendered":"http:\/\/artantica.hyst.eu\/?page_id=215"},"modified":"2017-09-29T09:47:46","modified_gmt":"2017-09-29T09:47:46","slug":"vetro-di-murano","status":"publish","type":"page","link":"https:\/\/artantica.hyst.eu\/fr\/vetro-di-murano\/","title":{"rendered":"Verre de Murano"},"content":{"rendered":"<p><!-- index.php -->\n<div\n\tclass=\"ngg-galleryoverview ngg-ajax-pagination-none\"\n\tid=\"ngg-gallery-832c10cc6e9bcd49e1a729930de5b1fc-1\">\n\n    \t\t<!-- Thumbnails -->\n\t\t\t\t<div id=\"ngg-image-0\" class=\"ngg-gallery-thumbnail-box\" >\n\t\t\t\t        <div class=\"ngg-gallery-thumbnail\">\n            <a href=\"https:\/\/artantica.hyst.eu\/wp-content\/uploads\/sites\/8\/nggallery\/vetro-di-murano\/vetro_murano_02.jpg\"\n               title=\"\"\n               data-src=\"https:\/\/artantica.hyst.eu\/wp-content\/uploads\/sites\/8\/nggallery\/vetro-di-murano\/vetro_murano_02.jpg\"\n               data-thumbnail=\"https:\/\/artantica.hyst.eu\/wp-content\/uploads\/sites\/8\/nggallery\/vetro-di-murano\/thumbs\/thumbs_vetro_murano_02.jpg\"\n               data-image-id=\"56\"\n               data-title=\"Vetro di Murano\"\n               data-description=\"\"\n               data-image-slug=\"vetro_murano_02\"\n               class=\"ngg-fancybox\" rel=\"832c10cc6e9bcd49e1a729930de5b1fc\">\n                <img\n                    title=\"Vetro di Murano\"\n                    alt=\"Vetro di Murano\"\n                    src=\"https:\/\/artantica.hyst.eu\/wp-content\/uploads\/sites\/8\/nggallery\/vetro-di-murano\/thumbs\/thumbs_vetro_murano_02.jpg\"\n                    width=\"200\"\n                    height=\"120\"\n                    style=\"max-width:100%;\"\n                \/>\n            <\/a>\n        <\/div>\n\t\t\t\t\t\t\t<\/div> \n\t\t\t\n        \n\t\t\t\t<div id=\"ngg-image-1\" class=\"ngg-gallery-thumbnail-box\" >\n\t\t\t\t        <div class=\"ngg-gallery-thumbnail\">\n            <a href=\"https:\/\/artantica.hyst.eu\/wp-content\/uploads\/sites\/8\/nggallery\/vetro-di-murano\/vetro_murano_01.jpg\"\n               title=\"\"\n               data-src=\"https:\/\/artantica.hyst.eu\/wp-content\/uploads\/sites\/8\/nggallery\/vetro-di-murano\/vetro_murano_01.jpg\"\n               data-thumbnail=\"https:\/\/artantica.hyst.eu\/wp-content\/uploads\/sites\/8\/nggallery\/vetro-di-murano\/thumbs\/thumbs_vetro_murano_01.jpg\"\n               data-image-id=\"57\"\n               data-title=\"Vetro di Murano\"\n               data-description=\"\"\n               data-image-slug=\"vetro_murano_01\"\n               class=\"ngg-fancybox\" rel=\"832c10cc6e9bcd49e1a729930de5b1fc\">\n                <img\n                    title=\"Vetro di Murano\"\n                    alt=\"Vetro di Murano\"\n                    src=\"https:\/\/artantica.hyst.eu\/wp-content\/uploads\/sites\/8\/nggallery\/vetro-di-murano\/thumbs\/thumbs_vetro_murano_01.jpg\"\n                    width=\"200\"\n                    height=\"120\"\n                    style=\"max-width:100%;\"\n                \/>\n            <\/a>\n        <\/div>\n\t\t\t\t\t\t\t<\/div> \n\t\t\t\n        \n\t\t\n\t\t<!-- Pagination -->\n\t<div class='ngg-clear'><\/div>\t<\/div>\n<\/p>\n<p>Branches en verre souffl\u00e9 avec des oiseaux et des fleurs.<br \/>\nD\u00e9licat, un brache est bris\u00e9 \u00e0 la fin, mais cela ne perturbe pas l&rsquo;ensemble.<\/p>","protected":false},"excerpt":{"rendered":"<p>Branches en verre souffl\u00e9 avec des oiseaux et des fleurs. D\u00e9licat, un brache est bris\u00e9 \u00e0 la fin, mais cela ne perturbe pas l&rsquo;ensemble.<\/p>\n","protected":false},"author":80,"featured_media":0,"parent":0,"menu_order":0,"comment_status":"closed","ping_status":"closed","template":"","meta":{"om_disable_all_campaigns":false,"_monsterinsights_skip_tracking":false,"_monsterinsights_sitenote_active":false,"_monsterinsights_sitenote_note":"","_monsterinsights_sitenote_category":0,"ngg_post_thumbnail":0,"spay_email":""},"yoast_head":"<!-- This site is optimized with the Yoast SEO plugin v18.4.1 - https:\/\/yoast.com\/wordpress\/plugins\/seo\/ -->\n<title>Verre de Murano &middot; ArtAntica<\/title>\n<meta name=\"robots\" content=\"index, follow, max-snippet:-1, max-image-preview:large, max-video-preview:-1\" \/>\n<link rel=\"canonical\" href=\"https:\/\/artantica.hyst.eu\/vetro-di-murano\/\" \/>\n<meta property=\"og:locale\" content=\"fr_FR\" \/>\n<meta property=\"og:type\" content=\"article\" \/>\n<meta property=\"og:title\" content=\"[:it]Vetro di Murano[:fr]Verre de Murano[:] &middot; ArtAntica\" \/>\n<meta property=\"og:description\" content=\"Branches en verre souffl\u00e9 avec des oiseaux et des fleurs. D\u00e9licat, un brache est bris\u00e9 \u00e0 la fin, mais cela ne perturbe pas l&rsquo;ensemble.\" \/>\n<meta property=\"og:url\" content=\"https:\/\/artantica.hyst.eu\/vetro-di-murano\/\" \/>\n<meta property=\"og:site_name\" content=\"ArtAntica\" \/>\n<meta property=\"article:modified_time\" content=\"2017-09-29T09:47:46+00:00\" \/>\n<meta name=\"twitter:card\" content=\"summary\" \/>\n<script type=\"application\/ld+json\" class=\"yoast-schema-graph\">{\"@context\":\"https:\/\/schema.org\",\"@graph\":[{\"@type\":\"WebSite\",\"@id\":\"https:\/\/artantica.hyst.eu\/fr\/#website\",\"url\":\"https:\/\/artantica.hyst.eu\/fr\/\",\"name\":\"ArtAntica\",\"description\":\"Just another Multisite SxA site\",\"potentialAction\":[{\"@type\":\"SearchAction\",\"target\":{\"@type\":\"EntryPoint\",\"urlTemplate\":\"https:\/\/artantica.hyst.eu\/fr\/?s={search_term_string}\"},\"query-input\":\"required name=search_term_string\"}],\"inLanguage\":\"fr-FR\"},{\"@type\":\"WebPage\",\"@id\":\"https:\/\/artantica.hyst.eu\/vetro-di-murano\/#webpage\",\"url\":\"https:\/\/artantica.hyst.eu\/vetro-di-murano\/\",\"name\":\"[:it]Vetro di Murano[:fr]Verre de Murano[:] &middot; ArtAntica\",\"isPartOf\":{\"@id\":\"https:\/\/artantica.hyst.eu\/fr\/#website\"},\"datePublished\":\"2017-01-23T15:52:12+00:00\",\"dateModified\":\"2017-09-29T09:47:46+00:00\",\"breadcrumb\":{\"@id\":\"https:\/\/artantica.hyst.eu\/vetro-di-murano\/#breadcrumb\"},\"inLanguage\":\"fr-FR\",\"potentialAction\":[{\"@type\":\"ReadAction\",\"target\":[\"https:\/\/artantica.hyst.eu\/vetro-di-murano\/\"]}]},{\"@type\":\"BreadcrumbList\",\"@id\":\"https:\/\/artantica.hyst.eu\/vetro-di-murano\/#breadcrumb\",\"itemListElement\":[{\"@type\":\"ListItem\",\"position\":1,\"name\":\"Home\",\"item\":\"https:\/\/artantica.hyst.eu\/\"},{\"@type\":\"ListItem\",\"position\":2,\"name\":\"Vetro di Murano\"}]}]}<\/script>\n<!-- \/ Yoast SEO plugin. -->","yoast_head_json":{"title":"[:it]Vetro di Murano[:fr]Verre de Murano[:] &middot; ArtAntica","robots":{"index":"index","follow":"follow","max-snippet":"max-snippet:-1","max-image-preview":"max-image-preview:large","max-video-preview":"max-video-preview:-1"},"canonical":"https:\/\/artantica.hyst.eu\/vetro-di-murano\/","og_locale":"fr_FR","og_type":"article","og_title":"[:it]Vetro di Murano[:fr]Verre de Murano[:] &middot; ArtAntica","og_description":"Branches en verre souffl\u00e9 avec des oiseaux et des fleurs. D\u00e9licat, un brache est bris\u00e9 \u00e0 la fin, mais cela ne perturbe pas l&rsquo;ensemble.","og_url":"https:\/\/artantica.hyst.eu\/vetro-di-murano\/","og_site_name":"ArtAntica","article_modified_time":"2017-09-29T09:47:46+00:00","twitter_card":"summary","schema":{"@context":"https:\/\/schema.org","@graph":[{"@type":"WebSite","@id":"https:\/\/artantica.hyst.eu\/fr\/#website","url":"https:\/\/artantica.hyst.eu\/fr\/","name":"ArtAntica","description":"Just another Multisite SxA site","potentialAction":[{"@type":"SearchAction","target":{"@type":"EntryPoint","urlTemplate":"https:\/\/artantica.hyst.eu\/fr\/?s={search_term_string}"},"query-input":"required name=search_term_string"}],"inLanguage":"fr-FR"},{"@type":"WebPage","@id":"https:\/\/artantica.hyst.eu\/vetro-di-murano\/#webpage","url":"https:\/\/artantica.hyst.eu\/vetro-di-murano\/","name":"[:it]Vetro di Murano[:fr]Verre de Murano[:] &middot; ArtAntica","isPartOf":{"@id":"https:\/\/artantica.hyst.eu\/fr\/#website"},"datePublished":"2017-01-23T15:52:12+00:00","dateModified":"2017-09-29T09:47:46+00:00","breadcrumb":{"@id":"https:\/\/artantica.hyst.eu\/vetro-di-murano\/#breadcrumb"},"inLanguage":"fr-FR","potentialAction":[{"@type":"ReadAction","target":["https:\/\/artantica.hyst.eu\/vetro-di-murano\/"]}]},{"@type":"BreadcrumbList","@id":"https:\/\/artantica.hyst.eu\/vetro-di-murano\/#breadcrumb","itemListElement":[{"@type":"ListItem","position":1,"name":"Home","item":"https:\/\/artantica.hyst.eu\/"},{"@type":"ListItem","position":2,"name":"Vetro di Murano"}]}]}},"_links":{"self":[{"href":"https:\/\/artantica.hyst.eu\/fr\/wp-json\/wp\/v2\/pages\/215"}],"collection":[{"href":"https:\/\/artantica.hyst.eu\/fr\/wp-json\/wp\/v2\/pages"}],"about":[{"href":"https:\/\/artantica.hyst.eu\/fr\/wp-json\/wp\/v2\/types\/page"}],"author":[{"embeddable":true,"href":"https:\/\/artantica.hyst.eu\/fr\/wp-json\/wp\/v2\/users\/80"}],"replies":[{"embeddable":true,"href":"https:\/\/artantica.hyst.eu\/fr\/wp-json\/wp\/v2\/comments?post=215"}],"version-history":[{"count":2,"href":"https:\/\/artantica.hyst.eu\/fr\/wp-json\/wp\/v2\/pages\/215\/revisions"}],"predecessor-version":[{"id":982,"href":"https:\/\/artantica.hyst.eu\/fr\/wp-json\/wp\/v2\/pages\/215\/revisions\/982"}],"wp:attachment":[{"href":"https:\/\/artantica.hyst.eu\/fr\/wp-json\/wp\/v2\/media?parent=215"}],"curies":[{"name":"wp","href":"https:\/\/api.w.org\/{rel}","templated":true}]}}