{"id":183,"date":"2017-01-23T15:43:20","date_gmt":"2017-01-23T15:43:20","guid":{"rendered":"http:\/\/artantica.hyst.eu\/?page_id=183"},"modified":"2017-09-29T09:31:35","modified_gmt":"2017-09-29T09:31:35","slug":"servizio-da-te","status":"publish","type":"page","link":"https:\/\/artantica.hyst.eu\/fr\/servizio-da-te\/","title":{"rendered":"Service \u00e0 th\u00e9"},"content":{"rendered":"<p><!-- index.php -->\n<div\n\tclass=\"ngg-galleryoverview ngg-ajax-pagination-none\"\n\tid=\"ngg-gallery-d7908f1fc4466a691a3e3db160150acd-1\">\n\n    \t\t<!-- Thumbnails -->\n\t\t\t\t<div id=\"ngg-image-0\" class=\"ngg-gallery-thumbnail-box\" >\n\t\t\t\t        <div class=\"ngg-gallery-thumbnail\">\n            <a href=\"https:\/\/artantica.hyst.eu\/wp-content\/uploads\/sites\/8\/nggallery\/servizio-da-te\/servizio_da_te_03.jpg\"\n               title=\"\"\n               data-src=\"https:\/\/artantica.hyst.eu\/wp-content\/uploads\/sites\/8\/nggallery\/servizio-da-te\/servizio_da_te_03.jpg\"\n               data-thumbnail=\"https:\/\/artantica.hyst.eu\/wp-content\/uploads\/sites\/8\/nggallery\/servizio-da-te\/thumbs\/thumbs_servizio_da_te_03.jpg\"\n               data-image-id=\"48\"\n               data-title=\"Servizio da t\u00e8\"\n               data-description=\"\"\n               data-image-slug=\"servizio_da_te_03\"\n               class=\"ngg-fancybox\" rel=\"d7908f1fc4466a691a3e3db160150acd\">\n                <img\n                    title=\"Servizio da t\u00e8\"\n                    alt=\"Servizio da t\u00e8\"\n                    src=\"https:\/\/artantica.hyst.eu\/wp-content\/uploads\/sites\/8\/nggallery\/servizio-da-te\/thumbs\/thumbs_servizio_da_te_03.jpg\"\n                    width=\"200\"\n                    height=\"120\"\n                    style=\"max-width:100%;\"\n                \/>\n            <\/a>\n        <\/div>\n\t\t\t\t\t\t\t<\/div> \n\t\t\t\n        \n\t\t\t\t<div id=\"ngg-image-1\" class=\"ngg-gallery-thumbnail-box\" >\n\t\t\t\t        <div class=\"ngg-gallery-thumbnail\">\n            <a href=\"https:\/\/artantica.hyst.eu\/wp-content\/uploads\/sites\/8\/nggallery\/servizio-da-te\/servizio_da_te_01.jpg\"\n               title=\"\"\n               data-src=\"https:\/\/artantica.hyst.eu\/wp-content\/uploads\/sites\/8\/nggallery\/servizio-da-te\/servizio_da_te_01.jpg\"\n               data-thumbnail=\"https:\/\/artantica.hyst.eu\/wp-content\/uploads\/sites\/8\/nggallery\/servizio-da-te\/thumbs\/thumbs_servizio_da_te_01.jpg\"\n               data-image-id=\"46\"\n               data-title=\"Servizio da t\u00e8\"\n               data-description=\"\"\n               data-image-slug=\"servizio_da_te_01\"\n               class=\"ngg-fancybox\" rel=\"d7908f1fc4466a691a3e3db160150acd\">\n                <img\n                    title=\"Servizio da t\u00e8\"\n                    alt=\"Servizio da t\u00e8\"\n                    src=\"https:\/\/artantica.hyst.eu\/wp-content\/uploads\/sites\/8\/nggallery\/servizio-da-te\/thumbs\/thumbs_servizio_da_te_01.jpg\"\n                    width=\"200\"\n                    height=\"120\"\n                    style=\"max-width:100%;\"\n                \/>\n            <\/a>\n        <\/div>\n\t\t\t\t\t\t\t<\/div> \n\t\t\t\n        \n\t\t\t\t<div id=\"ngg-image-2\" class=\"ngg-gallery-thumbnail-box\" >\n\t\t\t\t        <div class=\"ngg-gallery-thumbnail\">\n            <a href=\"https:\/\/artantica.hyst.eu\/wp-content\/uploads\/sites\/8\/nggallery\/servizio-da-te\/servizio_da_te_02.jpg\"\n               title=\"\"\n               data-src=\"https:\/\/artantica.hyst.eu\/wp-content\/uploads\/sites\/8\/nggallery\/servizio-da-te\/servizio_da_te_02.jpg\"\n               data-thumbnail=\"https:\/\/artantica.hyst.eu\/wp-content\/uploads\/sites\/8\/nggallery\/servizio-da-te\/thumbs\/thumbs_servizio_da_te_02.jpg\"\n               data-image-id=\"47\"\n               data-title=\"Servizio da t\u00e8\"\n               data-description=\"\"\n               data-image-slug=\"servizio_da_te_02\"\n               class=\"ngg-fancybox\" rel=\"d7908f1fc4466a691a3e3db160150acd\">\n                <img\n                    title=\"Servizio da t\u00e8\"\n                    alt=\"Servizio da t\u00e8\"\n                    src=\"https:\/\/artantica.hyst.eu\/wp-content\/uploads\/sites\/8\/nggallery\/servizio-da-te\/thumbs\/thumbs_servizio_da_te_02.jpg\"\n                    width=\"200\"\n                    height=\"120\"\n                    style=\"max-width:100%;\"\n                \/>\n            <\/a>\n        <\/div>\n\t\t\t\t\t\t\t<\/div> \n\t\t\t\n        \n\t\t\t\t<div id=\"ngg-image-3\" class=\"ngg-gallery-thumbnail-box\" >\n\t\t\t\t        <div class=\"ngg-gallery-thumbnail\">\n            <a href=\"https:\/\/artantica.hyst.eu\/wp-content\/uploads\/sites\/8\/nggallery\/servizio-da-te\/servizio_da_te_04.jpg\"\n               title=\"\"\n               data-src=\"https:\/\/artantica.hyst.eu\/wp-content\/uploads\/sites\/8\/nggallery\/servizio-da-te\/servizio_da_te_04.jpg\"\n               data-thumbnail=\"https:\/\/artantica.hyst.eu\/wp-content\/uploads\/sites\/8\/nggallery\/servizio-da-te\/thumbs\/thumbs_servizio_da_te_04.jpg\"\n               data-image-id=\"45\"\n               data-title=\"Servizio da t\u00e8\"\n               data-description=\"\"\n               data-image-slug=\"servizio_da_te_04\"\n               class=\"ngg-fancybox\" rel=\"d7908f1fc4466a691a3e3db160150acd\">\n                <img\n                    title=\"Servizio da t\u00e8\"\n                    alt=\"Servizio da t\u00e8\"\n                    src=\"https:\/\/artantica.hyst.eu\/wp-content\/uploads\/sites\/8\/nggallery\/servizio-da-te\/thumbs\/thumbs_servizio_da_te_04.jpg\"\n                    width=\"200\"\n                    height=\"120\"\n                    style=\"max-width:100%;\"\n                \/>\n            <\/a>\n        <\/div>\n\t\t\t\t\t\t\t<\/div> \n\t\t\t\n        \n\t\t\n\t\t<!-- Pagination -->\n\t<div class='ngg-clear'><\/div>\t<\/div>\n<\/p>\n<p>Service \u00e0 th\u00e9 en porcelaine avec bordure en or.<br \/>\nAnn\u00e9e: 1940<br \/>\nMarque: Verbano Laveno<\/p>\n<p>On  a toujours \u00e9t\u00e9 consid\u00e9r\u00e9 comme la marque italienne la plus pr\u00e9cieuse pour le type de p\u00e2te utilis\u00e9e, fruit des mati\u00e8res premi\u00e8res naturelles dont le r\u00e9sultat, apr\u00e8s une cuisson de 1400\u00b0, est exempt d&rsquo;impuret\u00e9s et sans porosit\u00e9, ce qui rend la porcelaine sans changement au fil du temps.<br \/>\nLa production de la c\u00e9ramique \u00e0 Laveno, \u00e0 Varese, commence en 1856  autour de la zone d\u00e9j\u00e0 enregistr\u00e9 les anciennes c\u00e9ramiques lac, sous le nom de \u00ab\u00a0Soci\u00e9t\u00e9 en c\u00e9ramique italienne\u00a0\u00bb qui se d\u00e9veloppe dans quatre secteurs industriels, dont l&rsquo;un est pr\u00e9cis\u00e9ment le \u00ab\u00a0Verbano\u00a0\u00bb.<br \/>\nEn 1965, la \u00ab\u00a0Soci\u00e9t\u00e9 en c\u00e9ramique italienne\u00a0\u00bb a \u00e9t\u00e9 fusionn\u00e9 avec \u00ab\u00a0Richard Ginori\u00a0\u00bb.<\/p>","protected":false},"excerpt":{"rendered":"<p>Service \u00e0 th\u00e9 en porcelaine avec bordure en or. Ann\u00e9e: 1940 Marque: Verbano Laveno On a toujours \u00e9t\u00e9 consid\u00e9r\u00e9 comme la marque italienne la plus pr\u00e9cieuse pour le type de p\u00e2te utilis\u00e9e, fruit des mati\u00e8res premi\u00e8res naturelles dont le r\u00e9sultat, apr\u00e8s une cuisson de 1400\u00b0, est exempt d&rsquo;impuret\u00e9s et sans porosit\u00e9, ce qui rend la [&hellip;]<\/p>\n","protected":false},"author":80,"featured_media":0,"parent":0,"menu_order":0,"comment_status":"closed","ping_status":"closed","template":"","meta":{"om_disable_all_campaigns":false,"_monsterinsights_skip_tracking":false,"_monsterinsights_sitenote_active":false,"_monsterinsights_sitenote_note":"","_monsterinsights_sitenote_category":0,"ngg_post_thumbnail":0,"spay_email":""},"yoast_head":"<!-- This site is optimized with the Yoast SEO plugin v18.4.1 - https:\/\/yoast.com\/wordpress\/plugins\/seo\/ -->\n<title>Service \u00e0 th\u00e9 &middot; ArtAntica<\/title>\n<meta name=\"robots\" content=\"index, follow, max-snippet:-1, max-image-preview:large, max-video-preview:-1\" \/>\n<link rel=\"canonical\" href=\"https:\/\/artantica.hyst.eu\/fr\/servizio-da-te\/\" \/>\n<meta property=\"og:locale\" content=\"fr_FR\" \/>\n<meta property=\"og:type\" content=\"article\" \/>\n<meta property=\"og:title\" content=\"[:it]Servizio da t\u00e8[:fr]Service \u00e0 th\u00e9[:] &middot; ArtAntica\" \/>\n<meta property=\"og:description\" content=\"Service \u00e0 th\u00e9 en porcelaine avec bordure en or. Ann\u00e9e: 1940 Marque: Verbano Laveno On a toujours \u00e9t\u00e9 consid\u00e9r\u00e9 comme la marque italienne la plus pr\u00e9cieuse pour le type de p\u00e2te utilis\u00e9e, fruit des mati\u00e8res premi\u00e8res naturelles dont le r\u00e9sultat, apr\u00e8s une cuisson de 1400\u00b0, est exempt d&rsquo;impuret\u00e9s et sans porosit\u00e9, ce qui rend la [&hellip;]\" \/>\n<meta property=\"og:url\" content=\"https:\/\/artantica.hyst.eu\/fr\/servizio-da-te\/\" \/>\n<meta property=\"og:site_name\" content=\"ArtAntica\" \/>\n<meta property=\"article:modified_time\" content=\"2017-09-29T09:31:35+00:00\" \/>\n<meta name=\"twitter:card\" content=\"summary\" \/>\n<meta name=\"twitter:label1\" content=\"Dur\u00e9e de lecture estim\u00e9e\" \/>\n\t<meta name=\"twitter:data1\" content=\"1 minute\" \/>\n<script type=\"application\/ld+json\" class=\"yoast-schema-graph\">{\"@context\":\"https:\/\/schema.org\",\"@graph\":[{\"@type\":\"WebSite\",\"@id\":\"https:\/\/artantica.hyst.eu\/fr\/#website\",\"url\":\"https:\/\/artantica.hyst.eu\/fr\/\",\"name\":\"ArtAntica\",\"description\":\"Just another Multisite SxA site\",\"potentialAction\":[{\"@type\":\"SearchAction\",\"target\":{\"@type\":\"EntryPoint\",\"urlTemplate\":\"https:\/\/artantica.hyst.eu\/fr\/?s={search_term_string}\"},\"query-input\":\"required name=search_term_string\"}],\"inLanguage\":\"fr-FR\"},{\"@type\":\"WebPage\",\"@id\":\"https:\/\/artantica.hyst.eu\/fr\/servizio-da-te\/#webpage\",\"url\":\"https:\/\/artantica.hyst.eu\/fr\/servizio-da-te\/\",\"name\":\"[:it]Servizio da t\u00e8[:fr]Service \u00e0 th\u00e9[:] &middot; ArtAntica\",\"isPartOf\":{\"@id\":\"https:\/\/artantica.hyst.eu\/fr\/#website\"},\"datePublished\":\"2017-01-23T15:43:20+00:00\",\"dateModified\":\"2017-09-29T09:31:35+00:00\",\"breadcrumb\":{\"@id\":\"https:\/\/artantica.hyst.eu\/fr\/servizio-da-te\/#breadcrumb\"},\"inLanguage\":\"fr-FR\",\"potentialAction\":[{\"@type\":\"ReadAction\",\"target\":[\"https:\/\/artantica.hyst.eu\/fr\/servizio-da-te\/\"]}]},{\"@type\":\"BreadcrumbList\",\"@id\":\"https:\/\/artantica.hyst.eu\/fr\/servizio-da-te\/#breadcrumb\",\"itemListElement\":[{\"@type\":\"ListItem\",\"position\":1,\"name\":\"Home\",\"item\":\"https:\/\/artantica.hyst.eu\/\"},{\"@type\":\"ListItem\",\"position\":2,\"name\":\"Service \u00e0 th\u00e9\"}]}]}<\/script>\n<!-- \/ Yoast SEO plugin. -->","yoast_head_json":{"title":"[:it]Servizio da t\u00e8[:fr]Service \u00e0 th\u00e9[:] &middot; ArtAntica","robots":{"index":"index","follow":"follow","max-snippet":"max-snippet:-1","max-image-preview":"max-image-preview:large","max-video-preview":"max-video-preview:-1"},"canonical":"https:\/\/artantica.hyst.eu\/fr\/servizio-da-te\/","og_locale":"fr_FR","og_type":"article","og_title":"[:it]Servizio da t\u00e8[:fr]Service \u00e0 th\u00e9[:] &middot; ArtAntica","og_description":"Service \u00e0 th\u00e9 en porcelaine avec bordure en or. Ann\u00e9e: 1940 Marque: Verbano Laveno On a toujours \u00e9t\u00e9 consid\u00e9r\u00e9 comme la marque italienne la plus pr\u00e9cieuse pour le type de p\u00e2te utilis\u00e9e, fruit des mati\u00e8res premi\u00e8res naturelles dont le r\u00e9sultat, apr\u00e8s une cuisson de 1400\u00b0, est exempt d&rsquo;impuret\u00e9s et sans porosit\u00e9, ce qui rend la [&hellip;]","og_url":"https:\/\/artantica.hyst.eu\/fr\/servizio-da-te\/","og_site_name":"ArtAntica","article_modified_time":"2017-09-29T09:31:35+00:00","twitter_card":"summary","twitter_misc":{"Dur\u00e9e de lecture estim\u00e9e":"1 minute"},"schema":{"@context":"https:\/\/schema.org","@graph":[{"@type":"WebSite","@id":"https:\/\/artantica.hyst.eu\/fr\/#website","url":"https:\/\/artantica.hyst.eu\/fr\/","name":"ArtAntica","description":"Just another Multisite SxA site","potentialAction":[{"@type":"SearchAction","target":{"@type":"EntryPoint","urlTemplate":"https:\/\/artantica.hyst.eu\/fr\/?s={search_term_string}"},"query-input":"required name=search_term_string"}],"inLanguage":"fr-FR"},{"@type":"WebPage","@id":"https:\/\/artantica.hyst.eu\/fr\/servizio-da-te\/#webpage","url":"https:\/\/artantica.hyst.eu\/fr\/servizio-da-te\/","name":"[:it]Servizio da t\u00e8[:fr]Service \u00e0 th\u00e9[:] &middot; ArtAntica","isPartOf":{"@id":"https:\/\/artantica.hyst.eu\/fr\/#website"},"datePublished":"2017-01-23T15:43:20+00:00","dateModified":"2017-09-29T09:31:35+00:00","breadcrumb":{"@id":"https:\/\/artantica.hyst.eu\/fr\/servizio-da-te\/#breadcrumb"},"inLanguage":"fr-FR","potentialAction":[{"@type":"ReadAction","target":["https:\/\/artantica.hyst.eu\/fr\/servizio-da-te\/"]}]},{"@type":"BreadcrumbList","@id":"https:\/\/artantica.hyst.eu\/fr\/servizio-da-te\/#breadcrumb","itemListElement":[{"@type":"ListItem","position":1,"name":"Home","item":"https:\/\/artantica.hyst.eu\/"},{"@type":"ListItem","position":2,"name":"Service \u00e0 th\u00e9"}]}]}},"_links":{"self":[{"href":"https:\/\/artantica.hyst.eu\/fr\/wp-json\/wp\/v2\/pages\/183"}],"collection":[{"href":"https:\/\/artantica.hyst.eu\/fr\/wp-json\/wp\/v2\/pages"}],"about":[{"href":"https:\/\/artantica.hyst.eu\/fr\/wp-json\/wp\/v2\/types\/page"}],"author":[{"embeddable":true,"href":"https:\/\/artantica.hyst.eu\/fr\/wp-json\/wp\/v2\/users\/80"}],"replies":[{"embeddable":true,"href":"https:\/\/artantica.hyst.eu\/fr\/wp-json\/wp\/v2\/comments?post=183"}],"version-history":[{"count":2,"href":"https:\/\/artantica.hyst.eu\/fr\/wp-json\/wp\/v2\/pages\/183\/revisions"}],"predecessor-version":[{"id":979,"href":"https:\/\/artantica.hyst.eu\/fr\/wp-json\/wp\/v2\/pages\/183\/revisions\/979"}],"wp:attachment":[{"href":"https:\/\/artantica.hyst.eu\/fr\/wp-json\/wp\/v2\/media?parent=183"}],"curies":[{"name":"wp","href":"https:\/\/api.w.org\/{rel}","templated":true}]}}