{"id":116,"date":"2017-01-23T15:20:56","date_gmt":"2017-01-23T15:20:56","guid":{"rendered":"http:\/\/artantica.hyst.eu\/?page_id=116"},"modified":"2017-09-29T13:16:46","modified_gmt":"2017-09-29T13:16:46","slug":"set-di-racchette-da-badminton","status":"publish","type":"page","link":"https:\/\/artantica.hyst.eu\/fr\/set-di-racchette-da-badminton\/","title":{"rendered":"Set des raquettes de badminton"},"content":{"rendered":"<p><!-- index.php -->\n<div\n\tclass=\"ngg-galleryoverview ngg-ajax-pagination-none\"\n\tid=\"ngg-gallery-15c7e6275702303d0ff342ea1f101743-1\">\n\n    \t\t<!-- Thumbnails -->\n\t\t\t\t<div id=\"ngg-image-0\" class=\"ngg-gallery-thumbnail-box\" >\n\t\t\t\t        <div class=\"ngg-gallery-thumbnail\">\n            <a href=\"https:\/\/artantica.hyst.eu\/wp-content\/uploads\/sites\/8\/nggallery\/racchette\/racchette_01.jpg\"\n               title=\"\"\n               data-src=\"https:\/\/artantica.hyst.eu\/wp-content\/uploads\/sites\/8\/nggallery\/racchette\/racchette_01.jpg\"\n               data-thumbnail=\"https:\/\/artantica.hyst.eu\/wp-content\/uploads\/sites\/8\/nggallery\/racchette\/thumbs\/thumbs_racchette_01.jpg\"\n               data-image-id=\"27\"\n               data-title=\"Racchette\"\n               data-description=\"\"\n               data-image-slug=\"racchette_01\"\n               class=\"ngg-fancybox\" rel=\"15c7e6275702303d0ff342ea1f101743\">\n                <img\n                    title=\"Racchette\"\n                    alt=\"Racchette\"\n                    src=\"https:\/\/artantica.hyst.eu\/wp-content\/uploads\/sites\/8\/nggallery\/racchette\/thumbs\/thumbs_racchette_01.jpg\"\n                    width=\"200\"\n                    height=\"120\"\n                    style=\"max-width:100%;\"\n                \/>\n            <\/a>\n        <\/div>\n\t\t\t\t\t\t\t<\/div> \n\t\t\t\n        \n\t\t\n\t\t<!-- Pagination -->\n\t<div class='ngg-clear'><\/div>\t<\/div>\n<\/p>\n<p>Ensemble de raquette de badminton muni d&rsquo;un filet de separation en coton, avec b\u00e2ton de grille, muni d&rsquo;un bois suspendu. Tout compris dans la valise. Ensemble complet de 2 badmintons, tout est original \u00e0 partir des ann\u00e9es 1940.<br \/>\nPremier mod\u00e8le import\u00e9 pour la pratique du badminton.<\/p>\n<p>L&rsquo;ensemble a \u00e9t\u00e9 maintenu en bon \u00e9tat, \u00e0 l&rsquo;int\u00e9rieur de l&rsquo;original et authentique mallette Vanschelle Sport (Beligium), en carton robuste, doubl\u00e9 de papier vert avec un design g\u00e9om\u00e9trique.<\/p>\n<p>Les raquettes sont Brand Donnay, mod\u00e8le \u00ab\u00a0Sabre\u00a0\u00bb, fabriqu\u00e9 en Belgique, avec une poign\u00e9e en bois recouverte de cuir. Le filet de raquette est en nylon.<\/p>\n<p><strong>Mesures<\/strong><br \/>\nLargeur: cm 21,2<br \/>\nLongueur: cm 64,6<\/p>","protected":false},"excerpt":{"rendered":"<p>Ensemble de raquette de badminton muni d&rsquo;un filet de separation en coton, avec b\u00e2ton de grille, muni d&rsquo;un bois suspendu. Tout compris dans la valise. Ensemble complet de 2 badmintons, tout est original \u00e0 partir des ann\u00e9es 1940. Premier mod\u00e8le import\u00e9 pour la pratique du badminton. L&rsquo;ensemble a \u00e9t\u00e9 maintenu en bon \u00e9tat, \u00e0 l&rsquo;int\u00e9rieur [&hellip;]<\/p>\n","protected":false},"author":80,"featured_media":0,"parent":0,"menu_order":0,"comment_status":"closed","ping_status":"closed","template":"","meta":{"om_disable_all_campaigns":false,"_monsterinsights_skip_tracking":false,"_monsterinsights_sitenote_active":false,"_monsterinsights_sitenote_note":"","_monsterinsights_sitenote_category":0,"ngg_post_thumbnail":0,"spay_email":""},"yoast_head":"<!-- This site is optimized with the Yoast SEO plugin v18.4.1 - https:\/\/yoast.com\/wordpress\/plugins\/seo\/ -->\n<title>Set des raquettes de badminton &middot; ArtAntica<\/title>\n<meta name=\"robots\" content=\"index, follow, max-snippet:-1, max-image-preview:large, max-video-preview:-1\" \/>\n<link rel=\"canonical\" href=\"https:\/\/artantica.hyst.eu\/fr\/set-di-racchette-da-badminton\/\" \/>\n<meta property=\"og:locale\" content=\"fr_FR\" \/>\n<meta property=\"og:type\" content=\"article\" \/>\n<meta property=\"og:title\" content=\"[:it]Set di racchette da badminton[:fr]Set des raquettes de badminton[:] &middot; ArtAntica\" \/>\n<meta property=\"og:description\" content=\"Ensemble de raquette de badminton muni d&rsquo;un filet de separation en coton, avec b\u00e2ton de grille, muni d&rsquo;un bois suspendu. Tout compris dans la valise. Ensemble complet de 2 badmintons, tout est original \u00e0 partir des ann\u00e9es 1940. Premier mod\u00e8le import\u00e9 pour la pratique du badminton. L&rsquo;ensemble a \u00e9t\u00e9 maintenu en bon \u00e9tat, \u00e0 l&rsquo;int\u00e9rieur [&hellip;]\" \/>\n<meta property=\"og:url\" content=\"https:\/\/artantica.hyst.eu\/fr\/set-di-racchette-da-badminton\/\" \/>\n<meta property=\"og:site_name\" content=\"ArtAntica\" \/>\n<meta property=\"article:modified_time\" content=\"2017-09-29T13:16:46+00:00\" \/>\n<meta name=\"twitter:card\" content=\"summary\" \/>\n<meta name=\"twitter:label1\" content=\"Dur\u00e9e de lecture estim\u00e9e\" \/>\n\t<meta name=\"twitter:data1\" content=\"1 minute\" \/>\n<script type=\"application\/ld+json\" class=\"yoast-schema-graph\">{\"@context\":\"https:\/\/schema.org\",\"@graph\":[{\"@type\":\"WebSite\",\"@id\":\"https:\/\/artantica.hyst.eu\/fr\/#website\",\"url\":\"https:\/\/artantica.hyst.eu\/fr\/\",\"name\":\"ArtAntica\",\"description\":\"Just another Multisite SxA site\",\"potentialAction\":[{\"@type\":\"SearchAction\",\"target\":{\"@type\":\"EntryPoint\",\"urlTemplate\":\"https:\/\/artantica.hyst.eu\/fr\/?s={search_term_string}\"},\"query-input\":\"required name=search_term_string\"}],\"inLanguage\":\"fr-FR\"},{\"@type\":\"WebPage\",\"@id\":\"https:\/\/artantica.hyst.eu\/fr\/set-di-racchette-da-badminton\/#webpage\",\"url\":\"https:\/\/artantica.hyst.eu\/fr\/set-di-racchette-da-badminton\/\",\"name\":\"[:it]Set di racchette da badminton[:fr]Set des raquettes de badminton[:] &middot; ArtAntica\",\"isPartOf\":{\"@id\":\"https:\/\/artantica.hyst.eu\/fr\/#website\"},\"datePublished\":\"2017-01-23T15:20:56+00:00\",\"dateModified\":\"2017-09-29T13:16:46+00:00\",\"breadcrumb\":{\"@id\":\"https:\/\/artantica.hyst.eu\/fr\/set-di-racchette-da-badminton\/#breadcrumb\"},\"inLanguage\":\"fr-FR\",\"potentialAction\":[{\"@type\":\"ReadAction\",\"target\":[\"https:\/\/artantica.hyst.eu\/fr\/set-di-racchette-da-badminton\/\"]}]},{\"@type\":\"BreadcrumbList\",\"@id\":\"https:\/\/artantica.hyst.eu\/fr\/set-di-racchette-da-badminton\/#breadcrumb\",\"itemListElement\":[{\"@type\":\"ListItem\",\"position\":1,\"name\":\"Home\",\"item\":\"https:\/\/artantica.hyst.eu\/\"},{\"@type\":\"ListItem\",\"position\":2,\"name\":\"Set des raquettes de badminton\"}]}]}<\/script>\n<!-- \/ Yoast SEO plugin. -->","yoast_head_json":{"title":"[:it]Set di racchette da badminton[:fr]Set des raquettes de badminton[:] &middot; ArtAntica","robots":{"index":"index","follow":"follow","max-snippet":"max-snippet:-1","max-image-preview":"max-image-preview:large","max-video-preview":"max-video-preview:-1"},"canonical":"https:\/\/artantica.hyst.eu\/fr\/set-di-racchette-da-badminton\/","og_locale":"fr_FR","og_type":"article","og_title":"[:it]Set di racchette da badminton[:fr]Set des raquettes de badminton[:] &middot; ArtAntica","og_description":"Ensemble de raquette de badminton muni d&rsquo;un filet de separation en coton, avec b\u00e2ton de grille, muni d&rsquo;un bois suspendu. Tout compris dans la valise. Ensemble complet de 2 badmintons, tout est original \u00e0 partir des ann\u00e9es 1940. Premier mod\u00e8le import\u00e9 pour la pratique du badminton. L&rsquo;ensemble a \u00e9t\u00e9 maintenu en bon \u00e9tat, \u00e0 l&rsquo;int\u00e9rieur [&hellip;]","og_url":"https:\/\/artantica.hyst.eu\/fr\/set-di-racchette-da-badminton\/","og_site_name":"ArtAntica","article_modified_time":"2017-09-29T13:16:46+00:00","twitter_card":"summary","twitter_misc":{"Dur\u00e9e de lecture estim\u00e9e":"1 minute"},"schema":{"@context":"https:\/\/schema.org","@graph":[{"@type":"WebSite","@id":"https:\/\/artantica.hyst.eu\/fr\/#website","url":"https:\/\/artantica.hyst.eu\/fr\/","name":"ArtAntica","description":"Just another Multisite SxA site","potentialAction":[{"@type":"SearchAction","target":{"@type":"EntryPoint","urlTemplate":"https:\/\/artantica.hyst.eu\/fr\/?s={search_term_string}"},"query-input":"required name=search_term_string"}],"inLanguage":"fr-FR"},{"@type":"WebPage","@id":"https:\/\/artantica.hyst.eu\/fr\/set-di-racchette-da-badminton\/#webpage","url":"https:\/\/artantica.hyst.eu\/fr\/set-di-racchette-da-badminton\/","name":"[:it]Set di racchette da badminton[:fr]Set des raquettes de badminton[:] &middot; ArtAntica","isPartOf":{"@id":"https:\/\/artantica.hyst.eu\/fr\/#website"},"datePublished":"2017-01-23T15:20:56+00:00","dateModified":"2017-09-29T13:16:46+00:00","breadcrumb":{"@id":"https:\/\/artantica.hyst.eu\/fr\/set-di-racchette-da-badminton\/#breadcrumb"},"inLanguage":"fr-FR","potentialAction":[{"@type":"ReadAction","target":["https:\/\/artantica.hyst.eu\/fr\/set-di-racchette-da-badminton\/"]}]},{"@type":"BreadcrumbList","@id":"https:\/\/artantica.hyst.eu\/fr\/set-di-racchette-da-badminton\/#breadcrumb","itemListElement":[{"@type":"ListItem","position":1,"name":"Home","item":"https:\/\/artantica.hyst.eu\/"},{"@type":"ListItem","position":2,"name":"Set des raquettes de badminton"}]}]}},"_links":{"self":[{"href":"https:\/\/artantica.hyst.eu\/fr\/wp-json\/wp\/v2\/pages\/116"}],"collection":[{"href":"https:\/\/artantica.hyst.eu\/fr\/wp-json\/wp\/v2\/pages"}],"about":[{"href":"https:\/\/artantica.hyst.eu\/fr\/wp-json\/wp\/v2\/types\/page"}],"author":[{"embeddable":true,"href":"https:\/\/artantica.hyst.eu\/fr\/wp-json\/wp\/v2\/users\/80"}],"replies":[{"embeddable":true,"href":"https:\/\/artantica.hyst.eu\/fr\/wp-json\/wp\/v2\/comments?post=116"}],"version-history":[{"count":2,"href":"https:\/\/artantica.hyst.eu\/fr\/wp-json\/wp\/v2\/pages\/116\/revisions"}],"predecessor-version":[{"id":1006,"href":"https:\/\/artantica.hyst.eu\/fr\/wp-json\/wp\/v2\/pages\/116\/revisions\/1006"}],"wp:attachment":[{"href":"https:\/\/artantica.hyst.eu\/fr\/wp-json\/wp\/v2\/media?parent=116"}],"curies":[{"name":"wp","href":"https:\/\/api.w.org\/{rel}","templated":true}]}}