{"id":1104,"date":"2017-12-15T16:31:43","date_gmt":"2017-12-15T16:31:43","guid":{"rendered":"https:\/\/artantica.hyst.eu\/?page_id=1104"},"modified":"2018-02-05T10:41:32","modified_gmt":"2018-02-05T10:41:32","slug":"un-pranzo-gli-angeli","status":"publish","type":"page","link":"https:\/\/artantica.hyst.eu\/fr\/un-pranzo-gli-angeli\/","title":{"rendered":"Un d\u00e9jeuner avec les Anges"},"content":{"rendered":"<p><\/p>\n<p><br \/>\n<img loading=\"lazy\" src=\"\/wp-content\/uploads\/sites\/8\/2017\/12\/1_n-208x300.jpg\" alt=\"\" width=\"208\" height=\"300\" class=\"alignleft size-medium wp-image-1117\" srcset=\"https:\/\/i2.wp.com\/artantica.hyst.eu\/wp-content\/uploads\/sites\/8\/2017\/12\/1_n.jpg?resize=208%2C300&amp;ssl=1 208w, https:\/\/i2.wp.com\/artantica.hyst.eu\/wp-content\/uploads\/sites\/8\/2017\/12\/1_n.jpg?w=500&amp;ssl=1 500w\" sizes=\"(max-width: 208px) 100vw, 208px\" \/>Le philosophe am\u00e9ricain Ralph Waldo Emerson a dit: \u00ab\u00a0Bien que notre soci\u00e9t\u00e9 puisse progresser, elle ne sera jamais comparable \u00e0 la grandeur d&rsquo;un seul \u00eatre humain. Quand des individus pleins d&rsquo;esprit d&rsquo;amiti\u00e9 s&rsquo;unissent, non seulement leur force double, mais elle augmente incroyablement.\u00a0\u00bb<br \/>\nSoutenir le projet \u00ab\u00a0<a href=\"https:\/\/bitsoffuture.hyst.eu\/?lang=fr\" rel=\"noopener\" target=\"_blank\">Bits for Future: Food for all<\/a>\u00a0\u00bb en unissant leur forces dans le but de faire un don, d&rsquo;aider et de proposer de nouvelles possibilit\u00e9s \u00e0 ceux qui aujourd&rsquo;hui pensent de ne pas en avoir &#8230; tel est l&rsquo;objectif du travail du groupe Scienza per Amore&#8230;<br \/>\nTravailler ensemble dans la fatigue mais dans la joie et dans la satisfaction: il semble voir une danse de f\u0207te; danser dans le travail d&rsquo;offrir&#8230; une f\u00eate entre \u00ab\u00a0Anges\u00a0\u00bb.<br \/>\n\u00ab\u00a0<a href=\"https:\/\/bitsoffuture.hyst.eu\/un-pranzo-gli-angeli-3-dicembre-2017\/?lang=fr\" rel=\"noopener\" target=\"_blank\">La f\u00eate des Anges<\/a>\u00a0\u00bb semble \u00eatre n\u00e9e de la n\u00e9cessit\u00e9 d&rsquo;unir ces nombreuses \u00e9motions v\u00e9cues dans le temps par diff\u00e9rents esprits: les \u0153uvres de Barbara Peonia les ont rendues visibles \u00e0 l&rsquo;\u0153il humain. Des \u00e9motions de joie, de r\u00e9flexion et d&rsquo;immense profondeur&#8230; elles ont pris vie dans le sc\u00e9nario verdoyant offert par l&rsquo;Associazione Volontari di Capitano Ultimo.<br \/>\nLa \u00ab\u00a0f\u00eate des Anges\u00a0\u00bb nous l\u2019avons v\u00e9cue \u00e0 travers les couleurs et les images des toiles mais, en m\u00eame temps, nous l&rsquo;avons v\u00e9cue dans le partage de la nourriture, du travail accompli dans la joie conclu avec le go\u00fbter ensemble tant de synergies: de ceux qui pr\u00e9parent la pizza et le pain, fruit de la levure m\u00e8re, \u00e0 ceux qui restaurent un vieux p\u00e9trin pour mieux le conserver.<br \/>\nArteAntica en m\u00eame temps, r\u00e9cup\u00e8re, restaure et rend une nouvelle possibilit\u00e9 \u00e0 un vieil objet \u00e0 travers le travail laborieux et joyeux des mains: nos mains qui se r\u00e9unissent et volent comme de grandes ailes.<\/p>\n<ul style=\"clear: both;\">\n<li><a href=\"https:\/\/bitsoffuture.hyst.eu\/video-dellevento-un-pranzo-gli-angeli\/?lang=fr\" rel=\"noopener\" target=\"_blank\">Vid\u00e9o de l\u2019\u00e9v\u00e8nement<\/a><\/li>\n<li><a href=\"https:\/\/bitsoffuture.hyst.eu\/galleria-fotografica-dellevento-un-pranzo-gli-angeli\/?lang=fr\" rel=\"noopener\" target=\"_blank\">Galerie de photos de l\u2019\u00e9v\u00e8nement<\/a><\/li>\n<\/ul>\n<p><\/p>","protected":false},"excerpt":{"rendered":"<p>Le philosophe am\u00e9ricain Ralph Waldo Emerson a dit: \u00ab\u00a0Bien que notre soci\u00e9t\u00e9 puisse progresser, elle ne sera jamais comparable \u00e0 la grandeur d&rsquo;un seul \u00eatre humain. Quand des individus pleins d&rsquo;esprit d&rsquo;amiti\u00e9 s&rsquo;unissent, non seulement leur force double, mais elle augmente incroyablement.\u00a0\u00bb Soutenir le projet \u00ab\u00a0Bits for Future: Food for all\u00a0\u00bb en unissant leur forces [&hellip;]<\/p>\n","protected":false},"author":80,"featured_media":0,"parent":0,"menu_order":0,"comment_status":"closed","ping_status":"closed","template":"","meta":{"om_disable_all_campaigns":false,"_monsterinsights_skip_tracking":false,"_monsterinsights_sitenote_active":false,"_monsterinsights_sitenote_note":"","_monsterinsights_sitenote_category":0,"ngg_post_thumbnail":0,"spay_email":""},"yoast_head":"<!-- This site is optimized with the Yoast SEO plugin v18.4.1 - https:\/\/yoast.com\/wordpress\/plugins\/seo\/ -->\n<title>Un d\u00e9jeuner avec les Anges &middot; ArtAntica<\/title>\n<meta name=\"robots\" content=\"index, follow, max-snippet:-1, max-image-preview:large, max-video-preview:-1\" \/>\n<link rel=\"canonical\" href=\"https:\/\/artantica.hyst.eu\/fr\/un-pranzo-gli-angeli\/\" \/>\n<meta property=\"og:locale\" content=\"fr_FR\" \/>\n<meta property=\"og:type\" content=\"article\" \/>\n<meta property=\"og:title\" content=\"[:it]Un pranzo con gli Angeli[:fr]Un d\u00e9jeuner avec les Anges[:] &middot; ArtAntica\" \/>\n<meta property=\"og:description\" content=\"Le philosophe am\u00e9ricain Ralph Waldo Emerson a dit: \u00ab\u00a0Bien que notre soci\u00e9t\u00e9 puisse progresser, elle ne sera jamais comparable \u00e0 la grandeur d&rsquo;un seul \u00eatre humain. Quand des individus pleins d&rsquo;esprit d&rsquo;amiti\u00e9 s&rsquo;unissent, non seulement leur force double, mais elle augmente incroyablement.\u00a0\u00bb Soutenir le projet \u00ab\u00a0Bits for Future: Food for all\u00a0\u00bb en unissant leur forces [&hellip;]\" \/>\n<meta property=\"og:url\" content=\"https:\/\/artantica.hyst.eu\/fr\/un-pranzo-gli-angeli\/\" \/>\n<meta property=\"og:site_name\" content=\"ArtAntica\" \/>\n<meta property=\"article:modified_time\" content=\"2018-02-05T10:41:32+00:00\" \/>\n<meta property=\"og:image\" content=\"https:\/\/artantica.hyst.eu\/wp-content\/uploads\/sites\/8\/2017\/12\/1_n-208x300.jpg\" \/>\n<meta name=\"twitter:card\" content=\"summary\" \/>\n<meta name=\"twitter:label1\" content=\"Dur\u00e9e de lecture estim\u00e9e\" \/>\n\t<meta name=\"twitter:data1\" content=\"3 minutes\" \/>\n<script type=\"application\/ld+json\" class=\"yoast-schema-graph\">{\"@context\":\"https:\/\/schema.org\",\"@graph\":[{\"@type\":\"WebSite\",\"@id\":\"https:\/\/artantica.hyst.eu\/fr\/#website\",\"url\":\"https:\/\/artantica.hyst.eu\/fr\/\",\"name\":\"ArtAntica\",\"description\":\"Just another Multisite SxA site\",\"potentialAction\":[{\"@type\":\"SearchAction\",\"target\":{\"@type\":\"EntryPoint\",\"urlTemplate\":\"https:\/\/artantica.hyst.eu\/fr\/?s={search_term_string}\"},\"query-input\":\"required name=search_term_string\"}],\"inLanguage\":\"fr-FR\"},{\"@type\":\"ImageObject\",\"@id\":\"https:\/\/artantica.hyst.eu\/fr\/un-pranzo-gli-angeli\/#primaryimage\",\"inLanguage\":\"fr-FR\",\"url\":\"\/wp-content\/uploads\/sites\/8\/2017\/12\/1_n-208x300.jpg\",\"contentUrl\":\"\/wp-content\/uploads\/sites\/8\/2017\/12\/1_n-208x300.jpg\"},{\"@type\":\"WebPage\",\"@id\":\"https:\/\/artantica.hyst.eu\/fr\/un-pranzo-gli-angeli\/#webpage\",\"url\":\"https:\/\/artantica.hyst.eu\/fr\/un-pranzo-gli-angeli\/\",\"name\":\"[:it]Un pranzo con gli Angeli[:fr]Un d\u00e9jeuner avec les Anges[:] &middot; ArtAntica\",\"isPartOf\":{\"@id\":\"https:\/\/artantica.hyst.eu\/fr\/#website\"},\"primaryImageOfPage\":{\"@id\":\"https:\/\/artantica.hyst.eu\/fr\/un-pranzo-gli-angeli\/#primaryimage\"},\"datePublished\":\"2017-12-15T16:31:43+00:00\",\"dateModified\":\"2018-02-05T10:41:32+00:00\",\"breadcrumb\":{\"@id\":\"https:\/\/artantica.hyst.eu\/fr\/un-pranzo-gli-angeli\/#breadcrumb\"},\"inLanguage\":\"fr-FR\",\"potentialAction\":[{\"@type\":\"ReadAction\",\"target\":[\"https:\/\/artantica.hyst.eu\/fr\/un-pranzo-gli-angeli\/\"]}]},{\"@type\":\"BreadcrumbList\",\"@id\":\"https:\/\/artantica.hyst.eu\/fr\/un-pranzo-gli-angeli\/#breadcrumb\",\"itemListElement\":[{\"@type\":\"ListItem\",\"position\":1,\"name\":\"Home\",\"item\":\"https:\/\/artantica.hyst.eu\/\"},{\"@type\":\"ListItem\",\"position\":2,\"name\":\"Un d\u00e9jeuner avec les Anges\"}]}]}<\/script>\n<!-- \/ Yoast SEO plugin. -->","yoast_head_json":{"title":"[:it]Un pranzo con gli Angeli[:fr]Un d\u00e9jeuner avec les Anges[:] &middot; ArtAntica","robots":{"index":"index","follow":"follow","max-snippet":"max-snippet:-1","max-image-preview":"max-image-preview:large","max-video-preview":"max-video-preview:-1"},"canonical":"https:\/\/artantica.hyst.eu\/fr\/un-pranzo-gli-angeli\/","og_locale":"fr_FR","og_type":"article","og_title":"[:it]Un pranzo con gli Angeli[:fr]Un d\u00e9jeuner avec les Anges[:] &middot; ArtAntica","og_description":"Le philosophe am\u00e9ricain Ralph Waldo Emerson a dit: \u00ab\u00a0Bien que notre soci\u00e9t\u00e9 puisse progresser, elle ne sera jamais comparable \u00e0 la grandeur d&rsquo;un seul \u00eatre humain. Quand des individus pleins d&rsquo;esprit d&rsquo;amiti\u00e9 s&rsquo;unissent, non seulement leur force double, mais elle augmente incroyablement.\u00a0\u00bb Soutenir le projet \u00ab\u00a0Bits for Future: Food for all\u00a0\u00bb en unissant leur forces [&hellip;]","og_url":"https:\/\/artantica.hyst.eu\/fr\/un-pranzo-gli-angeli\/","og_site_name":"ArtAntica","article_modified_time":"2018-02-05T10:41:32+00:00","og_image":[{"url":"https:\/\/artantica.hyst.eu\/wp-content\/uploads\/sites\/8\/2017\/12\/1_n-208x300.jpg"}],"twitter_card":"summary","twitter_misc":{"Dur\u00e9e de lecture estim\u00e9e":"3 minutes"},"schema":{"@context":"https:\/\/schema.org","@graph":[{"@type":"WebSite","@id":"https:\/\/artantica.hyst.eu\/fr\/#website","url":"https:\/\/artantica.hyst.eu\/fr\/","name":"ArtAntica","description":"Just another Multisite SxA site","potentialAction":[{"@type":"SearchAction","target":{"@type":"EntryPoint","urlTemplate":"https:\/\/artantica.hyst.eu\/fr\/?s={search_term_string}"},"query-input":"required name=search_term_string"}],"inLanguage":"fr-FR"},{"@type":"ImageObject","@id":"https:\/\/artantica.hyst.eu\/fr\/un-pranzo-gli-angeli\/#primaryimage","inLanguage":"fr-FR","url":"\/wp-content\/uploads\/sites\/8\/2017\/12\/1_n-208x300.jpg","contentUrl":"\/wp-content\/uploads\/sites\/8\/2017\/12\/1_n-208x300.jpg"},{"@type":"WebPage","@id":"https:\/\/artantica.hyst.eu\/fr\/un-pranzo-gli-angeli\/#webpage","url":"https:\/\/artantica.hyst.eu\/fr\/un-pranzo-gli-angeli\/","name":"[:it]Un pranzo con gli Angeli[:fr]Un d\u00e9jeuner avec les Anges[:] &middot; ArtAntica","isPartOf":{"@id":"https:\/\/artantica.hyst.eu\/fr\/#website"},"primaryImageOfPage":{"@id":"https:\/\/artantica.hyst.eu\/fr\/un-pranzo-gli-angeli\/#primaryimage"},"datePublished":"2017-12-15T16:31:43+00:00","dateModified":"2018-02-05T10:41:32+00:00","breadcrumb":{"@id":"https:\/\/artantica.hyst.eu\/fr\/un-pranzo-gli-angeli\/#breadcrumb"},"inLanguage":"fr-FR","potentialAction":[{"@type":"ReadAction","target":["https:\/\/artantica.hyst.eu\/fr\/un-pranzo-gli-angeli\/"]}]},{"@type":"BreadcrumbList","@id":"https:\/\/artantica.hyst.eu\/fr\/un-pranzo-gli-angeli\/#breadcrumb","itemListElement":[{"@type":"ListItem","position":1,"name":"Home","item":"https:\/\/artantica.hyst.eu\/"},{"@type":"ListItem","position":2,"name":"Un d\u00e9jeuner avec les Anges"}]}]}},"_links":{"self":[{"href":"https:\/\/artantica.hyst.eu\/fr\/wp-json\/wp\/v2\/pages\/1104"}],"collection":[{"href":"https:\/\/artantica.hyst.eu\/fr\/wp-json\/wp\/v2\/pages"}],"about":[{"href":"https:\/\/artantica.hyst.eu\/fr\/wp-json\/wp\/v2\/types\/page"}],"author":[{"embeddable":true,"href":"https:\/\/artantica.hyst.eu\/fr\/wp-json\/wp\/v2\/users\/80"}],"replies":[{"embeddable":true,"href":"https:\/\/artantica.hyst.eu\/fr\/wp-json\/wp\/v2\/comments?post=1104"}],"version-history":[{"count":11,"href":"https:\/\/artantica.hyst.eu\/fr\/wp-json\/wp\/v2\/pages\/1104\/revisions"}],"predecessor-version":[{"id":1171,"href":"https:\/\/artantica.hyst.eu\/fr\/wp-json\/wp\/v2\/pages\/1104\/revisions\/1171"}],"wp:attachment":[{"href":"https:\/\/artantica.hyst.eu\/fr\/wp-json\/wp\/v2\/media?parent=1104"}],"curies":[{"name":"wp","href":"https:\/\/api.w.org\/{rel}","templated":true}]}}