{"id":1100,"date":"2017-12-15T16:28:03","date_gmt":"2017-12-15T16:28:03","guid":{"rendered":"https:\/\/artantica.hyst.eu\/?page_id=1100"},"modified":"2018-01-11T12:19:44","modified_gmt":"2018-01-11T12:19:44","slug":"il-nostro-impegno","status":"publish","type":"page","link":"https:\/\/artantica.hyst.eu\/fr\/il-nostro-impegno\/","title":{"rendered":"Notre engagement"},"content":{"rendered":"<p><\/p>\n<p><img loading=\"lazy\" src=\"\/wp-content\/uploads\/sites\/8\/2017\/12\/maidda-300x197.jpg\" alt=\"\" width=\"300\" height=\"197\" class=\"alignleft size-medium wp-image-1115\" srcset=\"https:\/\/i2.wp.com\/artantica.hyst.eu\/wp-content\/uploads\/sites\/8\/2017\/12\/maidda.jpg?resize=300%2C197&amp;ssl=1 300w, https:\/\/i2.wp.com\/artantica.hyst.eu\/wp-content\/uploads\/sites\/8\/2017\/12\/maidda.jpg?w=534&amp;ssl=1 534w\" sizes=\"(max-width: 300px) 100vw, 300px\" \/>Un vieil objet restaur\u00e9 pr\u00e9serve son histoire et transmet en m\u00eame temps l&rsquo;amour de ceux qui l&rsquo;ont amen\u00e9 \u00e0 \u00ab\u00a0une nouvelle vie\u00a0\u00bb.<br \/>\nAinsi, le <a href=\"https:\/\/biohyst.hyst.eu\/la-hyst\/?lang=en\" rel=\"noopener\" target=\"_blank\">syst\u00e8me HYST<\/a>, technologie innovante, pr\u00e9servant le patrimoine que la nature nous offre, valorise les composants du grain de bl\u00e9 entier, en extrayant  de la farine riche en prot\u00e9ines, riche en vitamines et en sels min\u00e9raux.<br \/>\nCette \u00ab\u00a0nouvelle vie\u00a0\u00bb sera donn\u00e9e \u00e0 travers le <a href=\"https:\/\/bitsoffuture.hyst.eu\/?lang=fr\" rel=\"noopener\" target=\"_blank\">projet Bits of Future: Food for All<\/a>, pour les pays en d\u00e9veloppement, opprim\u00e9s par des probl\u00e8mes de malnutrition.<br \/>\nDe cette mani\u00e8re, il sera possible de r\u00e9aliser ce qui est \u00e0 la base de la vie des \u00eatres, dans une \u00ab\u00a0nouvelle nourriture\u00a0\u00bb, avec <a href=\"https:\/\/scienzaper.hyst.eu\/\" rel=\"noopener\" target=\"_blank\">Amour et Science<\/a>.<br \/>\n<\/p>","protected":false},"excerpt":{"rendered":"<p>Un vieil objet restaur\u00e9 pr\u00e9serve son histoire et transmet en m\u00eame temps l&rsquo;amour de ceux qui l&rsquo;ont amen\u00e9 \u00e0 \u00ab\u00a0une nouvelle vie\u00a0\u00bb. Ainsi, le syst\u00e8me HYST, technologie innovante, pr\u00e9servant le patrimoine que la nature nous offre, valorise les composants du grain de bl\u00e9 entier, en extrayant de la farine riche en prot\u00e9ines, riche en vitamines [&hellip;]<\/p>\n","protected":false},"author":80,"featured_media":0,"parent":0,"menu_order":0,"comment_status":"closed","ping_status":"closed","template":"","meta":{"om_disable_all_campaigns":false,"_monsterinsights_skip_tracking":false,"_monsterinsights_sitenote_active":false,"_monsterinsights_sitenote_note":"","_monsterinsights_sitenote_category":0,"ngg_post_thumbnail":0,"spay_email":""},"yoast_head":"<!-- This site is optimized with the Yoast SEO plugin v18.4.1 - https:\/\/yoast.com\/wordpress\/plugins\/seo\/ -->\n<title>Notre engagement &middot; ArtAntica<\/title>\n<meta name=\"robots\" content=\"index, follow, max-snippet:-1, max-image-preview:large, max-video-preview:-1\" \/>\n<link rel=\"canonical\" href=\"https:\/\/artantica.hyst.eu\/il-nostro-impegno\/\" \/>\n<meta property=\"og:locale\" content=\"fr_FR\" \/>\n<meta property=\"og:type\" content=\"article\" \/>\n<meta property=\"og:title\" content=\"[:it]Il nostro impegno[:fr]Notre engagement[:] &middot; ArtAntica\" \/>\n<meta property=\"og:description\" content=\"Un vieil objet restaur\u00e9 pr\u00e9serve son histoire et transmet en m\u00eame temps l&rsquo;amour de ceux qui l&rsquo;ont amen\u00e9 \u00e0 \u00ab\u00a0une nouvelle vie\u00a0\u00bb. Ainsi, le syst\u00e8me HYST, technologie innovante, pr\u00e9servant le patrimoine que la nature nous offre, valorise les composants du grain de bl\u00e9 entier, en extrayant de la farine riche en prot\u00e9ines, riche en vitamines [&hellip;]\" \/>\n<meta property=\"og:url\" content=\"https:\/\/artantica.hyst.eu\/il-nostro-impegno\/\" \/>\n<meta property=\"og:site_name\" content=\"ArtAntica\" \/>\n<meta property=\"article:modified_time\" content=\"2018-01-11T12:19:44+00:00\" \/>\n<meta property=\"og:image\" content=\"https:\/\/artantica.hyst.eu\/wp-content\/uploads\/sites\/8\/2017\/12\/maidda-300x197.jpg\" \/>\n<meta name=\"twitter:card\" content=\"summary\" \/>\n<meta name=\"twitter:label1\" content=\"Dur\u00e9e de lecture estim\u00e9e\" \/>\n\t<meta name=\"twitter:data1\" content=\"1 minute\" \/>\n<script type=\"application\/ld+json\" class=\"yoast-schema-graph\">{\"@context\":\"https:\/\/schema.org\",\"@graph\":[{\"@type\":\"WebSite\",\"@id\":\"https:\/\/artantica.hyst.eu\/fr\/#website\",\"url\":\"https:\/\/artantica.hyst.eu\/fr\/\",\"name\":\"ArtAntica\",\"description\":\"Just another Multisite SxA site\",\"potentialAction\":[{\"@type\":\"SearchAction\",\"target\":{\"@type\":\"EntryPoint\",\"urlTemplate\":\"https:\/\/artantica.hyst.eu\/fr\/?s={search_term_string}\"},\"query-input\":\"required name=search_term_string\"}],\"inLanguage\":\"fr-FR\"},{\"@type\":\"ImageObject\",\"@id\":\"https:\/\/artantica.hyst.eu\/il-nostro-impegno\/#primaryimage\",\"inLanguage\":\"fr-FR\",\"url\":\"\/wp-content\/uploads\/sites\/8\/2017\/12\/maidda-300x197.jpg\",\"contentUrl\":\"\/wp-content\/uploads\/sites\/8\/2017\/12\/maidda-300x197.jpg\"},{\"@type\":\"WebPage\",\"@id\":\"https:\/\/artantica.hyst.eu\/il-nostro-impegno\/#webpage\",\"url\":\"https:\/\/artantica.hyst.eu\/il-nostro-impegno\/\",\"name\":\"[:it]Il nostro impegno[:fr]Notre engagement[:] &middot; ArtAntica\",\"isPartOf\":{\"@id\":\"https:\/\/artantica.hyst.eu\/fr\/#website\"},\"primaryImageOfPage\":{\"@id\":\"https:\/\/artantica.hyst.eu\/il-nostro-impegno\/#primaryimage\"},\"datePublished\":\"2017-12-15T16:28:03+00:00\",\"dateModified\":\"2018-01-11T12:19:44+00:00\",\"breadcrumb\":{\"@id\":\"https:\/\/artantica.hyst.eu\/il-nostro-impegno\/#breadcrumb\"},\"inLanguage\":\"fr-FR\",\"potentialAction\":[{\"@type\":\"ReadAction\",\"target\":[\"https:\/\/artantica.hyst.eu\/il-nostro-impegno\/\"]}]},{\"@type\":\"BreadcrumbList\",\"@id\":\"https:\/\/artantica.hyst.eu\/il-nostro-impegno\/#breadcrumb\",\"itemListElement\":[{\"@type\":\"ListItem\",\"position\":1,\"name\":\"Home\",\"item\":\"https:\/\/artantica.hyst.eu\/\"},{\"@type\":\"ListItem\",\"position\":2,\"name\":\"Il nostro impegno\"}]}]}<\/script>\n<!-- \/ Yoast SEO plugin. -->","yoast_head_json":{"title":"[:it]Il nostro impegno[:fr]Notre engagement[:] &middot; ArtAntica","robots":{"index":"index","follow":"follow","max-snippet":"max-snippet:-1","max-image-preview":"max-image-preview:large","max-video-preview":"max-video-preview:-1"},"canonical":"https:\/\/artantica.hyst.eu\/il-nostro-impegno\/","og_locale":"fr_FR","og_type":"article","og_title":"[:it]Il nostro impegno[:fr]Notre engagement[:] &middot; ArtAntica","og_description":"Un vieil objet restaur\u00e9 pr\u00e9serve son histoire et transmet en m\u00eame temps l&rsquo;amour de ceux qui l&rsquo;ont amen\u00e9 \u00e0 \u00ab\u00a0une nouvelle vie\u00a0\u00bb. Ainsi, le syst\u00e8me HYST, technologie innovante, pr\u00e9servant le patrimoine que la nature nous offre, valorise les composants du grain de bl\u00e9 entier, en extrayant de la farine riche en prot\u00e9ines, riche en vitamines [&hellip;]","og_url":"https:\/\/artantica.hyst.eu\/il-nostro-impegno\/","og_site_name":"ArtAntica","article_modified_time":"2018-01-11T12:19:44+00:00","og_image":[{"url":"https:\/\/artantica.hyst.eu\/wp-content\/uploads\/sites\/8\/2017\/12\/maidda-300x197.jpg"}],"twitter_card":"summary","twitter_misc":{"Dur\u00e9e de lecture estim\u00e9e":"1 minute"},"schema":{"@context":"https:\/\/schema.org","@graph":[{"@type":"WebSite","@id":"https:\/\/artantica.hyst.eu\/fr\/#website","url":"https:\/\/artantica.hyst.eu\/fr\/","name":"ArtAntica","description":"Just another Multisite SxA site","potentialAction":[{"@type":"SearchAction","target":{"@type":"EntryPoint","urlTemplate":"https:\/\/artantica.hyst.eu\/fr\/?s={search_term_string}"},"query-input":"required name=search_term_string"}],"inLanguage":"fr-FR"},{"@type":"ImageObject","@id":"https:\/\/artantica.hyst.eu\/il-nostro-impegno\/#primaryimage","inLanguage":"fr-FR","url":"\/wp-content\/uploads\/sites\/8\/2017\/12\/maidda-300x197.jpg","contentUrl":"\/wp-content\/uploads\/sites\/8\/2017\/12\/maidda-300x197.jpg"},{"@type":"WebPage","@id":"https:\/\/artantica.hyst.eu\/il-nostro-impegno\/#webpage","url":"https:\/\/artantica.hyst.eu\/il-nostro-impegno\/","name":"[:it]Il nostro impegno[:fr]Notre engagement[:] &middot; ArtAntica","isPartOf":{"@id":"https:\/\/artantica.hyst.eu\/fr\/#website"},"primaryImageOfPage":{"@id":"https:\/\/artantica.hyst.eu\/il-nostro-impegno\/#primaryimage"},"datePublished":"2017-12-15T16:28:03+00:00","dateModified":"2018-01-11T12:19:44+00:00","breadcrumb":{"@id":"https:\/\/artantica.hyst.eu\/il-nostro-impegno\/#breadcrumb"},"inLanguage":"fr-FR","potentialAction":[{"@type":"ReadAction","target":["https:\/\/artantica.hyst.eu\/il-nostro-impegno\/"]}]},{"@type":"BreadcrumbList","@id":"https:\/\/artantica.hyst.eu\/il-nostro-impegno\/#breadcrumb","itemListElement":[{"@type":"ListItem","position":1,"name":"Home","item":"https:\/\/artantica.hyst.eu\/"},{"@type":"ListItem","position":2,"name":"Il nostro impegno"}]}]}},"_links":{"self":[{"href":"https:\/\/artantica.hyst.eu\/fr\/wp-json\/wp\/v2\/pages\/1100"}],"collection":[{"href":"https:\/\/artantica.hyst.eu\/fr\/wp-json\/wp\/v2\/pages"}],"about":[{"href":"https:\/\/artantica.hyst.eu\/fr\/wp-json\/wp\/v2\/types\/page"}],"author":[{"embeddable":true,"href":"https:\/\/artantica.hyst.eu\/fr\/wp-json\/wp\/v2\/users\/80"}],"replies":[{"embeddable":true,"href":"https:\/\/artantica.hyst.eu\/fr\/wp-json\/wp\/v2\/comments?post=1100"}],"version-history":[{"count":8,"href":"https:\/\/artantica.hyst.eu\/fr\/wp-json\/wp\/v2\/pages\/1100\/revisions"}],"predecessor-version":[{"id":1133,"href":"https:\/\/artantica.hyst.eu\/fr\/wp-json\/wp\/v2\/pages\/1100\/revisions\/1133"}],"wp:attachment":[{"href":"https:\/\/artantica.hyst.eu\/fr\/wp-json\/wp\/v2\/media?parent=1100"}],"curies":[{"name":"wp","href":"https:\/\/api.w.org\/{rel}","templated":true}]}}